{"id":7072,"date":"2022-02-16T11:18:54","date_gmt":"2022-02-16T10:18:54","guid":{"rendered":"https:\/\/innoseal.shop\/product\/innoseal-classic-sealer\/"},"modified":"2024-05-27T14:41:18","modified_gmt":"2024-05-27T12:41:18","slug":"innoseal-classic-versiegler","status":"publish","type":"product","link":"https:\/\/innoseal.shop\/de\/product\/innoseal-classic-versiegler\/","title":{"rendered":"Innoseal Classic Versiegler"},"content":{"rendered":"<p><strong>Vorteile<\/strong><br \/>\n<em><span style=\"color: #d32d16;\">Elegant und leuchtend<\/span><\/em><\/p>\n<ul>\n<li>Mit <strong>wei\u00dfem \u00c4u\u00dferen<\/strong> ist der Classic Versiegler vollst\u00e4ndig wei\u00df. Neben der Gew\u00e4hrleistung maximaler Hygiene vermittelt die wei\u00dfe Farbe ein st\u00e4rkeres Gef\u00fchl von Ordnung und Sauberkeit im \u00c4u\u00dferen.<\/li>\n<li><strong>Vorbeladen<\/strong> erhalten Sie einen Versiegler, der bereits mit einer Rolle Klebeband (frei von PVC) und einer Rolle Papier beladen ist (= 1 Set Nachf\u00fcllung).<\/li>\n<li><strong>Keine M\u00fche mit der Montage<\/strong>, das gesamte Beutelverschlusssystem wird bereits montiert zu Ihnen geliefert, sodass Sie nichts weiter tun m\u00fcssen, als es dort zu platzieren, wo Sie denken, dass es sich am besten entfalten wird.<\/li>\n<li>Mit dem 6 mm Schlitz k\u00f6nnen Sie Beutel im Handumdrehen m\u00fchelos verschlie\u00dfen.<\/li>\n<li><strong>Eine wirtschaftliche Wahl<\/strong>, aufgrund der lebenslangen Haltbarkeit des Versieglers und der kompakten Nachf\u00fcllrollen mit etwa <strong>850* Verschl\u00fcssen<\/strong> pro Set.<\/li>\n<li>Der Versiegler l\u00e4sst sich m\u00fchelos \u00f6ffnen und kann leicht nachgeladen werden.<\/li>\n<li><strong>Leicht von Hand zu reinigen.<\/strong><\/li>\n<li><strong>Rostfrei<\/strong>, der Versiegler ist <strong>sp\u00fclmaschinenfest<\/strong>.<\/li>\n<li>Der Versiegler kann dank seines geschlossenen Geh\u00e4uses <strong>Frost<\/strong>, <strong>Hitze<\/strong> und feuchten <strong>Umgebungen widerstehen<\/strong>.<\/li>\n<li>Die speziell und innovativ gestaltete Versiegelung, die Klebeband und Papier kombiniert, ist <strong>manipulationssicher<\/strong>. Wenn das Papier gerissen ist, bedeutet dies, dass jemand die Tasche vor Ihnen ge\u00f6ffnet hat.<\/li>\n<li>Der geniale Verschluss aus Klebeband und Papier ist <strong>leicht zu \u00f6ffnen<\/strong>. Finden Sie die Anleitung &#8222;Drehen und Ziehen&#8220; auf dem Papier und \u00f6ffnen Sie Ihre Tasche im Handumdrehen.<\/li>\n<li>Die Versiegelung ist <strong>wiederverwendbar<\/strong>, sodass die Tasche wieder verschlossen werden kann. Drehen Sie einfach den Hals der Tasche wieder hoch, kleben Sie die Verschl\u00fcsse darum, klemmen Sie die Laschen wieder zusammen und genie\u00dfen Sie sp\u00e4ter den Inhalt der Tasche.<\/li>\n<li>Das Innoseal Beutelverschlusssystem erzeugt <strong>luftdichte<\/strong> Versiegelungen. Dadurch halten Sie Schmutz fern und der Inhalt bleibt l\u00e4nger frisch.<\/li>\n<\/ul>\n<p>* Abh\u00e4ngig von der Gr\u00f6\u00dfe des Taschenhalses<\/p>\n<p><strong>Spezifikationen:<\/strong><br \/>\nSKU: 2001<br \/>\nAbmessungen Versiegler: 245 mm x 70 mm x 130 mm<br \/>\nAbmessungen Schlitz: 6 mm<br \/>\nGewicht: 625 gramm<\/p>\n<table class=\"tg\" style=\"height: 359px;\" width=\"426\">\n<thead>\n<tr>\n<th class=\"tg-dg6o\">Menge<\/th>\n<th class=\"tg-dg6o\">Preis pro St\u00fcck<\/th>\n<th class=\"tg-dg6o\">Gesamtpreis<\/th>\n<\/tr>\n<\/thead>\n<tbody>\n<tr>\n<td class=\"tg-dg6o\">1<\/td>\n<td class=\"tg-096r\">\u20ac 54,50<\/td>\n<td class=\"tg-096r\">\u20ac 54,50<\/td>\n<\/tr>\n<tr>\n<td class=\"tg-dg6o\">2<\/td>\n<td class=\"tg-096r\">\u20ac 52,50<\/td>\n<td class=\"tg-096r\">\u20ac 105,00<\/td>\n<\/tr>\n<tr>\n<td class=\"tg-dg6o\">3<\/td>\n<td class=\"tg-096r\">\u20ac 52,50<\/td>\n<td class=\"tg-096r\">\u20ac 157,50<\/td>\n<\/tr>\n<tr>\n<td class=\"tg-dg6o\">4<\/td>\n<td class=\"tg-096r\">\u20ac 52,50<\/td>\n<td class=\"tg-096r\">\u20ac 210,00<\/td>\n<\/tr>\n<tr>\n<td class=\"tg-dg6o\">5<\/td>\n<td class=\"tg-096r\">\u20ac\u00a052,50<\/td>\n<td class=\"tg-096r\">\u20ac 262,50<\/td>\n<\/tr>\n<tr>\n<td class=\"tg-dg6o\">6<\/td>\n<td class=\"tg-096r\">\u20ac 49,50<\/td>\n<td class=\"tg-096r\">\u20ac 297,00<\/td>\n<\/tr>\n<tr>\n<td class=\"tg-dg6o\">7<\/td>\n<td class=\"tg-096r\">\u20ac\u00a049,50<\/td>\n<td class=\"tg-096r\">\u20ac 346,50<\/td>\n<\/tr>\n<tr>\n<td class=\"tg-dg6o\">8<\/td>\n<td class=\"tg-096r\">\u20ac 49,50<\/td>\n<td class=\"tg-096r\">\u20ac 396,00<\/td>\n<\/tr>\n<tr>\n<td class=\"tg-dg6o\">9<\/td>\n<td class=\"tg-096r\">\u20ac\u00a049,50<\/td>\n<td class=\"tg-096r\">\u20ac 445,50<\/td>\n<\/tr>\n<tr>\n<td class=\"tg-dg6o\">10<\/td>\n<td class=\"tg-096r\">\u20ac 49,50<\/td>\n<td class=\"tg-096r\">\u20ac 495,00<\/td>\n<\/tr>\n<tr>\n<td class=\"tg-dg6o\">11<\/td>\n<td class=\"tg-096r\">\u20ac 49,50<\/td>\n<td class=\"tg-096r\">\u20ac 544,50<\/td>\n<\/tr>\n<tr>\n<td class=\"tg-dg6o\">12<\/td>\n<td class=\"tg-096r\">\u20ac 43,50<\/td>\n<td class=\"tg-096r\">\u20ac 522,00<\/td>\n<\/tr>\n<\/tbody>\n<\/table>\n<p><sup>1<\/sup><em>Die Preise verstehen sich exklusive Mehrwertsteuer oder andere Steuern, Transportkosten, Ausfuhr- und Einfuhrz\u00f6lle usw. Fragen Sie uns nach Einzelheiten.<\/em><\/p>\n","protected":false},"excerpt":{"rendered":"<p>Der Classic Versiegler (English: Classic Sealer) hat ein komplett wei\u00dfes \u00c4u\u00dferes. Die einzigartige Kombination aus Klebeband und Papier macht Ihre Versiegelungen au\u00dfergew\u00f6hnlich. Mit seinem ergo-dynamischen Design werden Sie die Freude an einer schnellen, hygienischen und effizienten Verschlie\u00df-Erfahrung direkt an Ihren Fingerspitzen sp\u00fcren.<\/p>\n<p>Dieses Beutelverschlusssystem besteht aus einem komplett wei\u00dfen Versiegler, einer Klebebandrolle und einer Papierrolle (vorbeladen).<\/p>\n","protected":false},"featured_media":6132,"comment_status":"closed","ping_status":"closed","template":"","meta":{"_acf_changed":false,"inline_featured_image":false,"jetpack_publicize_message":"","jetpack_publicize_feature_enabled":true,"jetpack_social_post_already_shared":false,"jetpack_social_options":{"image_generator_settings":{"template":"highway","default_image_id":0,"font":"","enabled":false},"version":2}},"product_brand":[],"product_cat":[168],"product_tag":[169],"class_list":{"0":"post-7072","1":"product","2":"type-product","3":"status-publish","4":"has-post-thumbnail","6":"product_cat-sealers-de","7":"product_tag-prices-exclude-vat-or-other-taxes-transport-etc-de","9":"first","10":"instock","11":"taxable","12":"shipping-taxable","13":"purchasable","14":"product-type-simple"},"acf":[],"jetpack_publicize_connections":[],"jetpack_sharing_enabled":true,"tiered_pricing_type":"fixed","tiered_pricing_fixed_rules":{"2":52.5,"6":49.5,"12":43.5},"tiered_pricing_product_settings":{"layout":"default","base_unit_name":{"singular":null,"plural":null},"default_variation":null},"tiered_pricing_minimum_quantity":null,"tiered_pricing_roles_data":[],"tiered_pricing_percentage_rules":[],"_links":{"self":[{"href":"https:\/\/innoseal.shop\/de\/wp-json\/wp\/v2\/product\/7072","targetHints":{"allow":["GET"]}}],"collection":[{"href":"https:\/\/innoseal.shop\/de\/wp-json\/wp\/v2\/product"}],"about":[{"href":"https:\/\/innoseal.shop\/de\/wp-json\/wp\/v2\/types\/product"}],"replies":[{"embeddable":true,"href":"https:\/\/innoseal.shop\/de\/wp-json\/wp\/v2\/comments?post=7072"}],"wp:featuredmedia":[{"embeddable":true,"href":"https:\/\/innoseal.shop\/de\/wp-json\/wp\/v2\/media\/6132"}],"wp:attachment":[{"href":"https:\/\/innoseal.shop\/de\/wp-json\/wp\/v2\/media?parent=7072"}],"wp:term":[{"taxonomy":"product_brand","embeddable":true,"href":"https:\/\/innoseal.shop\/de\/wp-json\/wp\/v2\/product_brand?post=7072"},{"taxonomy":"product_cat","embeddable":true,"href":"https:\/\/innoseal.shop\/de\/wp-json\/wp\/v2\/product_cat?post=7072"},{"taxonomy":"product_tag","embeddable":true,"href":"https:\/\/innoseal.shop\/de\/wp-json\/wp\/v2\/product_tag?post=7072"}],"curies":[{"name":"wp","href":"https:\/\/api.w.org\/{rel}","templated":true}]}}