{"id":7077,"date":"2022-04-04T15:58:08","date_gmt":"2022-04-04T13:58:08","guid":{"rendered":"https:\/\/innoseal.shop\/product\/innoseal-refill-28-sets\/"},"modified":"2024-10-16T13:40:56","modified_gmt":"2024-10-16T11:40:56","slug":"innoseal-nachfullpack-28-sets","status":"publish","type":"product","link":"https:\/\/innoseal.shop\/de\/product\/innoseal-nachfullpack-28-sets\/","title":{"rendered":"Innoseal Nachf\u00fcllpack 28 Sets"},"content":{"rendered":"<p><strong>Vorteile<\/strong><br \/>\n<em><span style=\"color: #d32d16;\">Funktional und kompakt<\/span><\/em><\/p>\n<ul>\n<li>Ein Set besteht aus einer Rolle Klebeband und einer Rolle Papier. Diese Option enth\u00e4lt 28 Rollen Klebeband und 28 Rollen Papier (1 Set Nachf\u00fcllung = 1 Rolle Klebeband + 1 Rolle Papier).<\/li>\n<li><strong>Keine Erstickungsgefahr<\/strong>. Sicher f\u00fcr Kinder und \u00e4ltere Menschen, wenn verschluckt.<\/li>\n<li>Der Papieranteil des Verschlusses ist mit den Worten &#8222;Drehen und Ziehen&#8220; bedruckt, die Anweisungen zum <strong>super einfachen<\/strong> \u00d6ffnen eines Innoseal-Verschlusses geben.<\/li>\n<li>Die Versiegelung ist <strong>manipulationssicher<\/strong>, das bedeutet, dass Sie leicht erkennen k\u00f6nnen, ob es einen Riss oder eine Besch\u00e4digung im Papier des Verschlusses gibt.<\/li>\n<li>Sie k\u00f6nnen Ihren Beutel \u00f6fter schlie\u00dfen, dank des <strong>wiederverwendbaren<\/strong> Verschlusses; drehen Sie den Hals des Beutels wieder hoch, kleben Sie die Versiegelung darum, klemmen Sie die Laschen wieder zusammen und bewahren Sie den Inhalt f\u00fcr sp\u00e4ter auf.<\/li>\n<li>Die Original-Innoseal-Versiegelung ist <strong>hermetisch<\/strong>. Sie h\u00e4lt den Schmutz fern und Ihre Produkte bleiben frisch..<\/li>\n<li><strong>Nicht-PVC<\/strong>-Klebeband. Die Materialien des Klebebands machen es zur besseren Alternative zum PVC-Klebeband. Ein Nachf\u00fcllset hat etwa <strong>850<\/strong>* Verschl\u00fcsse.<\/li>\n<li>Die verf\u00fcgbare <strong>7-Farben-Palette<\/strong> (rot, gelb, orange, gr\u00fcn, blau, braun und schwarz) kann als Mehrfarbenl\u00f6sung (4 Farben) gew\u00e4hlt werden, um Ihre Produkte nach Belieben mit einem Farbcode-System zu organisieren. Sie ist jedoch auch als Einfarbenl\u00f6sung erh\u00e4ltlich, z. B. um zu Ihrer Unternehmensidentit\u00e4t zu passen.<\/li>\n<\/ul>\n<p>*Abh\u00e4ngig von der Gr\u00f6\u00dfe des Taschenhalses<\/p>\n<p><strong>Spezifikationen:<\/strong><br \/>\nAbmessungen der Box: 260 mm x 140 mm x 100 mm<br \/>\nGewicht: 1500 gramm<\/p>\n<p>SKU:<\/p>\n<table style=\"height: 226px;\" width=\"277\">\n<tbody>\n<tr>\n<td>1020:<\/td>\n<td>Mehrfarbig<\/td>\n<\/tr>\n<tr style=\"vertical-align: top;\">\n<td>1021:<\/td>\n<td>Schwarz<\/td>\n<\/tr>\n<tr style=\"vertical-align: top;\">\n<td>1022:<\/td>\n<td>Blau<\/td>\n<\/tr>\n<tr style=\"vertical-align: top;\">\n<td>1023:<\/td>\n<td>Gelb<\/td>\n<\/tr>\n<tr style=\"vertical-align: top;\">\n<td>1024:<\/td>\n<td>Rot<\/td>\n<\/tr>\n<tr>\n<td>1025:<\/td>\n<td>Braun<\/td>\n<\/tr>\n<tr style=\"vertical-align: top;\">\n<td>1026:<\/td>\n<td>Gr\u00fcn<\/td>\n<\/tr>\n<tr style=\"vertical-align: top;\">\n<td>1027:<\/td>\n<td>Orange<\/td>\n<\/tr>\n<\/tbody>\n<\/table>\n<p>&nbsp;<\/p>\n<table class=\"tg\" style=\"height: 359px; width: 418px;\" width=\"426\">\n<thead>\n<tr>\n<th class=\"tg-dg6o\" style=\"width: 94px;\">Menge<\/th>\n<th class=\"tg-dg6o\" style=\"width: 185px;\">Preis pro St\u00fcck<\/th>\n<th class=\"tg-dg6o\" style=\"width: 139px;\">Gesamtpreis<\/th>\n<\/tr>\n<\/thead>\n<tbody>\n<tr>\n<td class=\"tg-dg6o\" style=\"width: 94px;\">1<\/td>\n<td class=\"tg-096r\" style=\"width: 185px;\">\u20ac 75,90<\/td>\n<td class=\"tg-096r\" style=\"width: 139px;\">\u20ac 75,90<\/td>\n<\/tr>\n<tr>\n<td class=\"tg-dg6o\" style=\"width: 94px;\">2<\/td>\n<td class=\"tg-096r\" style=\"width: 185px;\">\u20ac 74,00<\/td>\n<td class=\"tg-096r\" style=\"width: 139px;\">\u20ac 148,00<\/td>\n<\/tr>\n<tr>\n<td class=\"tg-dg6o\" style=\"width: 94px;\">3<\/td>\n<td class=\"tg-096r\" style=\"width: 185px;\">\u20ac 74,00<\/td>\n<td class=\"tg-096r\" style=\"width: 139px;\">\u20ac 222,00<\/td>\n<\/tr>\n<tr>\n<td class=\"tg-dg6o\" style=\"width: 94px;\">4<\/td>\n<td class=\"tg-096r\" style=\"width: 185px;\">\u20ac 74,00<\/td>\n<td class=\"tg-096r\" style=\"width: 139px;\">\u20ac 296,00<\/td>\n<\/tr>\n<tr>\n<td class=\"tg-dg6o\" style=\"width: 94px;\">5<\/td>\n<td class=\"tg-096r\" style=\"width: 185px;\">\u20ac 71,50<\/td>\n<td class=\"tg-096r\" style=\"width: 139px;\">\u20ac 357,50<\/td>\n<\/tr>\n<tr>\n<td class=\"tg-dg6o\" style=\"width: 94px;\">6<\/td>\n<td class=\"tg-096r\" style=\"width: 185px;\">\u20ac 71,50<\/td>\n<td class=\"tg-096r\" style=\"width: 139px;\">\u20ac 429,00<\/td>\n<\/tr>\n<tr>\n<td class=\"tg-dg6o\" style=\"width: 94px;\">7<\/td>\n<td class=\"tg-096r\" style=\"width: 185px;\">\u20ac 71,50<\/td>\n<td class=\"tg-096r\" style=\"width: 139px;\">\u20ac 500,50<\/td>\n<\/tr>\n<tr>\n<td class=\"tg-dg6o\" style=\"width: 94px;\">8<\/td>\n<td class=\"tg-096r\" style=\"width: 185px;\">\u20ac 71,50<\/td>\n<td class=\"tg-096r\" style=\"width: 139px;\">\u20ac 572,00<\/td>\n<\/tr>\n<tr>\n<td class=\"tg-dg6o\" style=\"width: 94px;\">9<\/td>\n<td class=\"tg-096r\" style=\"width: 185px;\">\u20ac 71,50<\/td>\n<td class=\"tg-096r\" style=\"width: 139px;\">\u20ac 643,50<\/td>\n<\/tr>\n<tr>\n<td class=\"tg-dg6o\" style=\"width: 94px;\">10<\/td>\n<td class=\"tg-096r\" style=\"width: 185px;\">\u20ac 62,50<\/td>\n<td class=\"tg-096r\" style=\"width: 139px;\">\u20ac 625,00<\/td>\n<\/tr>\n<\/tbody>\n<\/table>\n<p><sup>1<\/sup><em>Die Preise verstehen sich exklusive Mehrwertsteuer oder andere Steuern, Transportkosten, Ausfuhr- und Einfuhrz\u00f6lle usw. Fragen Sie uns nach Einzelheiten.<\/em><\/p>\n","protected":false},"excerpt":{"rendered":"<p>Der Nachf\u00fcllpack 28 Sets besteht aus 28 Rollen Klebeband und 28 Rollen Papier. Ideal f\u00fcr kleine Unternehmen mit weniger als 150 Verschl\u00fcssen pro Tag oder begrenztem Stauraum. W\u00e4hlen Sie die gew\u00fcnschte Farbe und die gew\u00fcnschte Menge an Boxen. Die Preise beginnen bei nur \u20ac2,23 pro Set; mit ca. 850* Verschl\u00fcssen!<\/p>\n<p><em>*Die Preise verstehen sich exklusive Mehrwertsteuer oder andere Steuern, Transportkosten, Ausfuhr- und Einfuhrz\u00f6lle usw. Fragen Sie uns nach Einzelheiten.<\/em><\/p>\n","protected":false},"featured_media":9191,"comment_status":"closed","ping_status":"closed","template":"","meta":{"_acf_changed":false,"inline_featured_image":false,"jetpack_publicize_message":"","jetpack_publicize_feature_enabled":true,"jetpack_social_post_already_shared":false,"jetpack_social_options":{"image_generator_settings":{"template":"highway","default_image_id":0,"font":"","enabled":false},"version":2}},"product_brand":[],"product_cat":[170],"product_tag":[169],"class_list":{"0":"post-7077","1":"product","2":"type-product","3":"status-publish","4":"has-post-thumbnail","6":"product_cat-refill-de","7":"product_tag-prices-exclude-vat-or-other-taxes-transport-etc-de","8":"pa_color-blue-de","9":"pa_color-brown-de","10":"pa_color-yellow-de","11":"pa_color-green-de","12":"pa_color-multicolor-de","13":"pa_color-orange-de","14":"pa_color-red-de","15":"pa_color-black-de","17":"first","18":"instock","19":"taxable","20":"shipping-taxable","21":"purchasable","22":"product-type-variable"},"acf":[],"jetpack_publicize_connections":[],"jetpack_sharing_enabled":true,"tiered_pricing_type":"fixed","tiered_pricing_fixed_rules":{"2":80.9},"tiered_pricing_product_settings":{"layout":"default","base_unit_name":{"singular":null,"plural":null},"default_variation":null},"tiered_pricing_minimum_quantity":null,"tiered_pricing_roles_data":[],"tiered_pricing_percentage_rules":[],"_links":{"self":[{"href":"https:\/\/innoseal.shop\/de\/wp-json\/wp\/v2\/product\/7077","targetHints":{"allow":["GET"]}}],"collection":[{"href":"https:\/\/innoseal.shop\/de\/wp-json\/wp\/v2\/product"}],"about":[{"href":"https:\/\/innoseal.shop\/de\/wp-json\/wp\/v2\/types\/product"}],"replies":[{"embeddable":true,"href":"https:\/\/innoseal.shop\/de\/wp-json\/wp\/v2\/comments?post=7077"}],"wp:featuredmedia":[{"embeddable":true,"href":"https:\/\/innoseal.shop\/de\/wp-json\/wp\/v2\/media\/9191"}],"wp:attachment":[{"href":"https:\/\/innoseal.shop\/de\/wp-json\/wp\/v2\/media?parent=7077"}],"wp:term":[{"taxonomy":"product_brand","embeddable":true,"href":"https:\/\/innoseal.shop\/de\/wp-json\/wp\/v2\/product_brand?post=7077"},{"taxonomy":"product_cat","embeddable":true,"href":"https:\/\/innoseal.shop\/de\/wp-json\/wp\/v2\/product_cat?post=7077"},{"taxonomy":"product_tag","embeddable":true,"href":"https:\/\/innoseal.shop\/de\/wp-json\/wp\/v2\/product_tag?post=7077"}],"curies":[{"name":"wp","href":"https:\/\/api.w.org\/{rel}","templated":true}]}}