{"id":7086,"date":"2022-04-04T17:23:31","date_gmt":"2022-04-04T15:23:31","guid":{"rendered":"https:\/\/innoseal.shop\/product\/innoseal-standard-bag-cutter\/"},"modified":"2024-05-28T09:50:47","modified_gmt":"2024-05-28T07:50:47","slug":"innoseal-standard-beutelschneider","status":"publish","type":"product","link":"https:\/\/innoseal.shop\/de\/product\/innoseal-standard-beutelschneider\/","title":{"rendered":"Innoseal Standard Beutelschneider"},"content":{"rendered":"<p><strong>Vorteile<\/strong><br \/>\n<em class=\"red\">Schneiden Sie \u00fcberfl\u00fcssigen Ballast ab<\/em><\/p>\n<ul>\n<li><strong>Nur geeignet f\u00fcr die Innoseal Standard Versiegler<\/strong>; sind Sie sich nicht sicher, ob Sie einen (Standard) Versiegler haben? <a href=\"https:\/\/innoseal.shop\/contact\/\">Kontaktieren Sie uns<\/a>!<\/li>\n<li>Einfach in Ihr Innoseal-Beutelverschlusssystem einzusetzen und zu entfernen.<\/li>\n<li><strong>Schneidet \u00fcbersch\u00fcssiges Materia<\/strong>l eines versiegelten Beutels ab.<\/li>\n<li>Die <strong>hohe Qualit\u00e4t<\/strong> des Cutterblocks spiegelt sich in Ihren Waren wider. Mit dem abgeschnittenen Rest erh\u00e4lt der Kunde Ihr perfektes Produkt und der Beutelschneider wird auch auf Ihre Qualit\u00e4t hinweisen.<\/li>\n<li><strong>Achtung<\/strong>! Die Klinge ist <strong>\u00e4u\u00dferst<\/strong> scharf! Seien Sie vorsichtig beim Einsetzen oder Entfernen des Beutelschneiders und bei der Verwendung.<\/li>\n<li>Auch in einer gr\u00f6\u00dferen Gr\u00f6\u00dfe f\u00fcr die\u00a0<a href=\"https:\/\/innoseal.shop\/product\/innoseal-l-sealer\/\">L-Versiegler<\/a>\u00a0erh\u00e4ltlich.<\/li>\n<\/ul>\n<p><strong>Spezifikationen:<\/strong><br \/>\nSKU: 3001<\/p>\n<p><sup>1<\/sup><em>Die Preise verstehen sich exklusive Mehrwertsteuer oder andere Steuern, Transportkosten, Ausfuhr- und Einfuhrz\u00f6lle usw. Fragen Sie uns nach Einzelheiten.<\/em><\/p>\n","protected":false},"excerpt":{"rendered":"<p>Schluss mit dem Schwanz an Ihren Beuteln dank des Innoseal Standard Beutelschneiders. Dieser Beutelschneider-Block ist das ideale Zubeh\u00f6r, um das \u00fcbersch\u00fcssige Material des Beutels zu entfernen, das nach dem Versiegeln \u00fcbrig geblieben ist. Dieses Werkzeug ist speziell f\u00fcr die Innoseal\u00ae Standard Versiegler entwickelt worden. Sie k\u00f6nnen den Beutelschneider mit einem Klick zu Ihrem Standard Versiegler hinzuf\u00fcgen, und er wird \u00fcbersch\u00fcssiges Material Ihres Beutels schnell und sauber abschneiden. <strong>Achtung<\/strong>! Die Klinge des Schneiders ist \u00e4u\u00dferst scharf!<\/p>\n","protected":false},"featured_media":6166,"comment_status":"closed","ping_status":"closed","template":"","meta":{"_acf_changed":false,"inline_featured_image":false,"jetpack_publicize_message":"","jetpack_publicize_feature_enabled":true,"jetpack_social_post_already_shared":false,"jetpack_social_options":{"image_generator_settings":{"template":"highway","default_image_id":0,"font":"","enabled":false},"version":2}},"product_brand":[],"product_cat":[179],"product_tag":[169],"class_list":{"0":"post-7086","1":"product","2":"type-product","3":"status-publish","4":"has-post-thumbnail","6":"product_cat-accessories-de","7":"product_tag-prices-exclude-vat-or-other-taxes-transport-etc-de","9":"first","10":"instock","11":"taxable","12":"shipping-taxable","13":"purchasable","14":"product-type-simple"},"acf":[],"jetpack_publicize_connections":[],"jetpack_sharing_enabled":true,"tiered_pricing_type":"fixed","tiered_pricing_fixed_rules":[],"tiered_pricing_product_settings":{"layout":"default","base_unit_name":{"singular":null,"plural":null},"default_variation":null},"tiered_pricing_minimum_quantity":null,"tiered_pricing_roles_data":[],"tiered_pricing_percentage_rules":[],"_links":{"self":[{"href":"https:\/\/innoseal.shop\/de\/wp-json\/wp\/v2\/product\/7086","targetHints":{"allow":["GET"]}}],"collection":[{"href":"https:\/\/innoseal.shop\/de\/wp-json\/wp\/v2\/product"}],"about":[{"href":"https:\/\/innoseal.shop\/de\/wp-json\/wp\/v2\/types\/product"}],"replies":[{"embeddable":true,"href":"https:\/\/innoseal.shop\/de\/wp-json\/wp\/v2\/comments?post=7086"}],"wp:featuredmedia":[{"embeddable":true,"href":"https:\/\/innoseal.shop\/de\/wp-json\/wp\/v2\/media\/6166"}],"wp:attachment":[{"href":"https:\/\/innoseal.shop\/de\/wp-json\/wp\/v2\/media?parent=7086"}],"wp:term":[{"taxonomy":"product_brand","embeddable":true,"href":"https:\/\/innoseal.shop\/de\/wp-json\/wp\/v2\/product_brand?post=7086"},{"taxonomy":"product_cat","embeddable":true,"href":"https:\/\/innoseal.shop\/de\/wp-json\/wp\/v2\/product_cat?post=7086"},{"taxonomy":"product_tag","embeddable":true,"href":"https:\/\/innoseal.shop\/de\/wp-json\/wp\/v2\/product_tag?post=7086"}],"curies":[{"name":"wp","href":"https:\/\/api.w.org\/{rel}","templated":true}]}}