{"id":7087,"date":"2022-04-04T12:08:21","date_gmt":"2022-04-04T10:08:21","guid":{"rendered":"https:\/\/innoseal.shop\/product\/innoseal-inno-re-set\/"},"modified":"2024-10-29T10:38:41","modified_gmt":"2024-10-29T09:38:41","slug":"innoseal-starter-set","status":"publish","type":"product","link":"https:\/\/innoseal.shop\/de\/product\/innoseal-starter-set\/","title":{"rendered":"Innoseal Starters set"},"content":{"rendered":"<p><strong>Vorteile<\/strong><br \/>\n<em class=\"red\">Gestalten Sie Ihre Zukunft neu.<\/em><\/p>\n<ul>\n<li>Mit dem <strong>transparenten Deckel<\/strong> k\u00f6nnen Sie leicht erkennen, wann Ihre Nachf\u00fcllung fast aufgebraucht ist.<\/li>\n<li>6 mm Schlitz ideal zum Versiegeln.<\/li>\n<li>Wiederverwendung als neue Gelegenheit; zweites Leben oder \u00dcberraschungs-Nachf\u00fclloptionen.<\/li>\n<li>Wir glauben fest an die hohe Qualit\u00e4t dieses Versieglers, sodass wir Ihnen eine lebenslange Garantie bieten k\u00f6nnen. Langlebigkeit und Zuverl\u00e4ssigkeit werden durch die speziell ausgew\u00e4hlten Materialien gew\u00e4hrleistet. Dank unserer sorgf\u00e4ltig ausgew\u00e4hlten Materialien haben wir einen robusten Versiegler. Wie bei all unseren Versiegelern haben wir die Qualit\u00e4t getestet und bieten auch f\u00fcr diesen Versiegler eine lebenslange Garantie.<\/li>\n<li>Der Versiegler wird <strong>bereits mit einem Nachf\u00fcllset geliefert<\/strong> (1 Rolle Klebeband + 1 Rolle Papier).<\/li>\n<li>Platzieren Sie den RE-Versiegler dort, wo Sie denken, dass er sich am besten entfalten wird, <strong>ohne sich um die Montage k\u00fcmmern zu m\u00fcssen<\/strong>! Das Beutelverschlusssystem wird Ihnen im Voraus montiert geliefert.<\/li>\n<li>Der Versiegler <strong>rostet nicht<\/strong> und kann sicher im <strong>Geschirrsp\u00fcler<\/strong> gereinigt werden.<\/li>\n<li>Auch <strong>praktisch per Hand zu reinigen<\/strong>.<\/li>\n<li>Der Versiegler kann ohne Bedenken in <strong>gefrorenen<\/strong>, <strong>warmen<\/strong> und <strong>feuchten Umgebungen<\/strong> verwendet werden.<\/li>\n<li><strong>7 Sets Nachf\u00fcllungen, 850* Verschl\u00fcsse<\/strong>, wie viele Beutel verschlie\u00dfen Sie in einem Leben?<\/li>\n<li>Die <strong>Manipulationssicherheit<\/strong> wird durch das Papier an den Laschen des Verschlusses gew\u00e4hrleistet. Dies erm\u00f6glicht es Ihnen, zu \u00fcberpr\u00fcfen, ob es einen Riss darauf gibt.<\/li>\n<li>Der geniale Verschluss <strong>\u00f6ffnet sich reibungslos.<\/strong> Finden Sie die Anweisungen &#8222;Drehen und Ziehen&#8220; auf dem Papier und \u00f6ffnen Sie Ihren Beutel m\u00fchelos.<\/li>\n<li>Der Beutel kann immer wieder mit dem <strong>wiederverwendbaren Verschluss<\/strong> geschlossen werden. Drehen Sie einfach den Hals des Beutels wieder hoch, kleben Sie die Verschl\u00fcsse darum, klemmen Sie die Laschen wieder zusammen und genie\u00dfen Sie den Inhalt des Beutels sp\u00e4ter.<\/li>\n<li>Halten Sie den Schmutz fern und genie\u00dfen Sie frische Inhalte l\u00e4nger mit den Innoseal-Verschl\u00fcssen, die Ihre Beutel <strong>hermetisch<\/strong> verschlie\u00dfen.<\/li>\n<\/ul>\n<p>* Abh\u00e4ngig von der Gr\u00f6\u00dfe des Taschenhalses<\/p>\n<p><strong>Spezifikationen:<\/strong><br \/>\nSKU: 2300<br \/>\nAbmessungen Versiegler: 245 mm x 70 mm x 130 mm<br \/>\nAbmessungen Schlitz: 6 mm<br \/>\nGewicht: 1100 grams<\/p>\n<p><sup>1<\/sup><em>Die Preise verstehen sich exklusive Mehrwertsteuer oder andere Steuern, Transportkosten, Ausfuhr- und Einfuhrz\u00f6lle usw. Fragen Sie uns nach Einzelheiten.<\/em><\/p>\n","protected":false},"excerpt":{"rendered":"<p>Geben Sie Ihrem kleinen Unternehmen einen Kickstart mit der ultimativen L\u00f6sung zum Verschlie\u00dfen von Beuteln! Unser Clear Sealer, kombiniert mit sieben Nachf\u00fcllsets in lebhaftem Rot, ist darauf ausgelegt, Ihren Verpackungsprozess stilvoll und effizient zu verbessern.<\/p>\n<p>Jedes Nachf\u00fcllset enth\u00e4lt etwa 850 Verschl\u00fcsse, sodass Sie ausreichend Vorrat f\u00fcr all Ihre Verschlussbed\u00fcrfnisse haben.<\/p>\n<p>Der Clear Sealer verf\u00fcgt \u00fcber einen transparenten Deckel und wird mit einem vorinstallierten Set geliefert, einschlie\u00dflich einer Klebebandrolle und einer Papierrolle, sodass Sie sofort mit dem Versiegeln beginnen k\u00f6nnen. Verwandeln Sie Ihr Verpackungserlebnis und steigern Sie Ihr Gesch\u00e4ft mit diesem unverzichtbaren Werkzeug!<\/p>\n","protected":false},"featured_media":9216,"comment_status":"closed","ping_status":"closed","template":"","meta":{"_acf_changed":false,"inline_featured_image":false,"jetpack_publicize_message":"","jetpack_publicize_feature_enabled":true,"jetpack_social_post_already_shared":false,"jetpack_social_options":{"image_generator_settings":{"template":"highway","default_image_id":0,"font":"","enabled":false},"version":2}},"product_brand":[],"product_cat":[180],"product_tag":[169],"class_list":{"0":"post-7087","1":"product","2":"type-product","3":"status-publish","4":"has-post-thumbnail","6":"product_cat-sets-de","7":"product_tag-prices-exclude-vat-or-other-taxes-transport-etc-de","9":"first","10":"instock","11":"taxable","12":"shipping-taxable","13":"purchasable","14":"product-type-simple"},"acf":[],"jetpack_publicize_connections":[],"jetpack_sharing_enabled":true,"tiered_pricing_type":"fixed","tiered_pricing_fixed_rules":[],"tiered_pricing_product_settings":{"layout":"default","base_unit_name":{"singular":null,"plural":null},"default_variation":null},"tiered_pricing_minimum_quantity":null,"tiered_pricing_roles_data":[],"tiered_pricing_percentage_rules":[],"_links":{"self":[{"href":"https:\/\/innoseal.shop\/de\/wp-json\/wp\/v2\/product\/7087","targetHints":{"allow":["GET"]}}],"collection":[{"href":"https:\/\/innoseal.shop\/de\/wp-json\/wp\/v2\/product"}],"about":[{"href":"https:\/\/innoseal.shop\/de\/wp-json\/wp\/v2\/types\/product"}],"replies":[{"embeddable":true,"href":"https:\/\/innoseal.shop\/de\/wp-json\/wp\/v2\/comments?post=7087"}],"wp:featuredmedia":[{"embeddable":true,"href":"https:\/\/innoseal.shop\/de\/wp-json\/wp\/v2\/media\/9216"}],"wp:attachment":[{"href":"https:\/\/innoseal.shop\/de\/wp-json\/wp\/v2\/media?parent=7087"}],"wp:term":[{"taxonomy":"product_brand","embeddable":true,"href":"https:\/\/innoseal.shop\/de\/wp-json\/wp\/v2\/product_brand?post=7087"},{"taxonomy":"product_cat","embeddable":true,"href":"https:\/\/innoseal.shop\/de\/wp-json\/wp\/v2\/product_cat?post=7087"},{"taxonomy":"product_tag","embeddable":true,"href":"https:\/\/innoseal.shop\/de\/wp-json\/wp\/v2\/product_tag?post=7087"}],"curies":[{"name":"wp","href":"https:\/\/api.w.org\/{rel}","templated":true}]}}