{"id":7113,"date":"2022-04-04T17:31:30","date_gmt":"2022-04-04T15:31:30","guid":{"rendered":"https:\/\/innoseal.shop\/product\/innoseal-standard-service-set\/"},"modified":"2024-05-27T15:10:18","modified_gmt":"2024-05-27T13:10:18","slug":"innoseal-standard-service-set","status":"publish","type":"product","link":"https:\/\/innoseal.shop\/de\/product\/innoseal-standard-service-set\/","title":{"rendered":"Innoseal Standard Service Set"},"content":{"rendered":"<p><strong>Vorteile<\/strong><br \/>\n<em class=\"red\">Wie neu<\/em><\/p>\n<ul>\n<li><strong>Nur f\u00fcr die Innoseal Standard Versiegler geeignet<\/strong>; wenn Sie sich nicht sicher sind, <a href=\"https:\/\/innoseal.shop\/de\/contactnow\/\">kontaktieren Sie uns bitte<\/a>!<\/li>\n<li><strong>Besteht aus den Innenkomponenten des Versieglers:<\/strong> einem Messerhalter, einer Bremse, zwei Schrauben und einer Metallunterlegscheibe sowie einem Speichenrad.<\/li>\n<li><strong>Hilft, wenn Teile fehlen oder gebrochen sind<\/strong>.<\/li>\n<li><strong>Einfach zu ersetzen<\/strong>.<\/li>\n<li><strong>Hohe Qualit\u00e4t<\/strong>, diese Einzelteile sind so konzipiert, dass sie perfekt sind, und das Service-Set gew\u00e4hrleistet die dauerhafte Hochleistung des Versieglers.<\/li>\n<li>Auch in der gr\u00f6\u00dferen Gr\u00f6\u00dfe f\u00fcr die L-Versiegler erh\u00e4ltlich.<\/li>\n<\/ul>\n<p><strong>Spezifikationen:<\/strong><br \/>\nSKU: 3005<\/p>\n<p><sup>1<\/sup><em>Die Preise verstehen sich exklusive Mehrwertsteuer oder andere Steuern, Transportkosten, Ausfuhr- und Einfuhrz\u00f6lle usw. Fragen Sie uns nach Einzelheiten.<\/em><\/p>\n","protected":false},"excerpt":{"rendered":"<p>Mehr zu sein, nicht unvorbereitet gefunden! Das Innoseal Standard Service Set kommt Ihnen zur Hilfe, falls eines der internen Teile Ihres Versieglers verloren gehen sollte! Es besteht aus einem Messerhalter, einer Bremse, zwei Schrauben, einer Metallunterlegscheibe und einem Speichenrad. Dieses Service-Set ist ausschlie\u00dflich f\u00fcr die Standardversiegler von Innoseal geeignet.<\/p>\n","protected":false},"featured_media":6200,"comment_status":"closed","ping_status":"closed","template":"","meta":{"_acf_changed":false,"inline_featured_image":false,"jetpack_publicize_message":"","jetpack_publicize_feature_enabled":true,"jetpack_social_post_already_shared":false,"jetpack_social_options":{"image_generator_settings":{"template":"highway","default_image_id":0,"font":"","enabled":false},"version":2}},"product_brand":[],"product_cat":[179],"product_tag":[169],"class_list":{"0":"post-7113","1":"product","2":"type-product","3":"status-publish","4":"has-post-thumbnail","6":"product_cat-accessories-de","7":"product_tag-prices-exclude-vat-or-other-taxes-transport-etc-de","9":"first","10":"instock","11":"taxable","12":"shipping-taxable","13":"purchasable","14":"product-type-simple"},"acf":[],"jetpack_publicize_connections":[],"jetpack_sharing_enabled":true,"tiered_pricing_type":"fixed","tiered_pricing_fixed_rules":[],"tiered_pricing_product_settings":{"layout":"default","base_unit_name":{"singular":null,"plural":null},"default_variation":null},"tiered_pricing_minimum_quantity":null,"tiered_pricing_roles_data":[],"tiered_pricing_percentage_rules":[],"_links":{"self":[{"href":"https:\/\/innoseal.shop\/de\/wp-json\/wp\/v2\/product\/7113","targetHints":{"allow":["GET"]}}],"collection":[{"href":"https:\/\/innoseal.shop\/de\/wp-json\/wp\/v2\/product"}],"about":[{"href":"https:\/\/innoseal.shop\/de\/wp-json\/wp\/v2\/types\/product"}],"replies":[{"embeddable":true,"href":"https:\/\/innoseal.shop\/de\/wp-json\/wp\/v2\/comments?post=7113"}],"wp:featuredmedia":[{"embeddable":true,"href":"https:\/\/innoseal.shop\/de\/wp-json\/wp\/v2\/media\/6200"}],"wp:attachment":[{"href":"https:\/\/innoseal.shop\/de\/wp-json\/wp\/v2\/media?parent=7113"}],"wp:term":[{"taxonomy":"product_brand","embeddable":true,"href":"https:\/\/innoseal.shop\/de\/wp-json\/wp\/v2\/product_brand?post=7113"},{"taxonomy":"product_cat","embeddable":true,"href":"https:\/\/innoseal.shop\/de\/wp-json\/wp\/v2\/product_cat?post=7113"},{"taxonomy":"product_tag","embeddable":true,"href":"https:\/\/innoseal.shop\/de\/wp-json\/wp\/v2\/product_tag?post=7113"}],"curies":[{"name":"wp","href":"https:\/\/api.w.org\/{rel}","templated":true}]}}