{"id":7114,"date":"2022-04-04T13:56:36","date_gmt":"2022-04-04T11:56:36","guid":{"rendered":"https:\/\/innoseal.shop\/product\/innoseal-l-sealer\/"},"modified":"2024-05-27T16:19:10","modified_gmt":"2024-05-27T14:19:10","slug":"innoseal-l-versiegler","status":"publish","type":"product","link":"https:\/\/innoseal.shop\/de\/product\/innoseal-l-versiegler\/","title":{"rendered":"Innoseal L-Versiegler"},"content":{"rendered":"<p><strong>Vorteile<\/strong><br \/>\n<em class=\"red\">Die M\u00f6glichkeiten sind endlos<\/em><\/p>\n<ul>\n<li>Mit dem <strong>12 mm Schlitz<\/strong> k\u00f6nnen Sie Taschen aus dickerem Material im Handumdrehen leicht verschlie\u00dfen. Haben wir erw\u00e4hnt, dass es leicht zu \u00f6ffnen ist?<\/li>\n<li><strong>M\u00fcheloses \u00d6ffnen<\/strong> des Versieglers und er kann leicht wieder nachgeladen werden.<\/li>\n<li><strong>Klare Abdeckung<\/strong>, Sie k\u00f6nnen leicht erkennen, wann Ihnen der Nachf\u00fcllvorrat ausgeht.<\/li>\n<li>Der L-Versiegler ist im <strong>Voraus mit einem Satz Nachf\u00fcllungen geladen<\/strong>, der aus 1 Rolle Klebeband (PVC-frei) und 1 Rolle Papier besteht.<\/li>\n<li>Das Innoseal-Taschenschlie\u00dfsystem kann <strong>sofort nach dem Auspacken verwendet werden<\/strong>, da es keine Montageverfahren erfordert.<\/li>\n<li>Diese Wahl erm\u00f6glicht es Ihnen zu sparen! Der L-Versiegler hat eine Lebensdauer und ein Satz Nachf\u00fcllungen reicht f\u00fcr etwa <strong>700* Versiegelungen<\/strong>.<\/li>\n<li><strong>Leicht von Hand zu reinigen.<\/strong><\/li>\n<li>Der L-Versiegler besteht aus Materialien, die auch in der <strong>Sp\u00fclmaschine rostbest\u00e4ndig sind<\/strong>.<\/li>\n<li>Der Versiegler wird nicht durch Frost, Hitze und Feuchtigkeit beeintr\u00e4chtigt. Genauso wie unser <a href=\"https:\/\/innoseal.shop\/de\/product\/innoseal-classic-sealer\/\">Standard Versiegler<\/a>, aber es lohnt sich zu erw\u00e4hnen.\n<div class=\"flex p-4 gap-4 text-base md:gap-6 md:max-w-2xl lg:max-w-[38rem] xl:max-w-3xl md:py-6 lg:px-0 m-auto\">\n<div class=\"relative flex w-[calc(100%-50px)] flex-col gap-1 md:gap-3 lg:w-[calc(100%-115px)]\">\n<div class=\"flex justify-between lg:block\"><\/div>\n<\/div>\n<\/div>\n<\/li>\n<li><strong>L\u00e4ngere Laschen<\/strong> dieser Verschl\u00fcsse machen das \u00d6ffnen leicht und m\u00fchelos, selbst f\u00fcr \u00e4ltere Menschen und Personen mit Rheumasymptomen!<\/li>\n<li>Die Kombination aus Klebeband und Papier zeigt <strong>Manipulationsschutz<\/strong>, dies hilft zu \u00fcberpr\u00fcfen, ob jemand den Beutel bereits ge\u00f6ffnet hat.<\/li>\n<li>Die Versiegelungen, die mit dem Innoseal-Taschenschlie\u00dfsystem erstellt werden, sind <strong>luftdicht<\/strong>. Die Produkte bleiben l\u00e4nger frisch!<\/li>\n<li>Der Verschluss, der genial aus Klebeband und Papier hergestellt wurde, ist <strong>einfach zu \u00f6ffnen<\/strong>, besonders mit den Anweisungen &#8222;Drehen und Ziehen&#8220; auf dem Papier, um Ihren Beutel m\u00fchelos zu \u00f6ffnen.<\/li>\n<li>Der <strong>wiederverwendbare Verschluss<\/strong> erm\u00f6glicht es Ihnen, den Inhalt Ihres Beutels wann immer Sie m\u00f6chten zu genie\u00dfen, ohne die Frische zu verlieren. Alles, was Sie tun m\u00fcssen, ist, den Verschluss um den Hals des Beutels zu legen und die Laschen wieder zusammenzudr\u00fccken<\/li>\n<\/ul>\n<p>* Abh\u00e4ngig von der Gr\u00f6\u00dfe des Taschenhalses<\/p>\n<p><strong>Spezifikationen:<\/strong><br \/>\nSKU: 2011<br \/>\nAbmessungen Versiegler: 290 mm x 75 mm x 170 mm<br \/>\nAbmessungen Schlitz: 12 mm<br \/>\nGewicht:\u00a0 825 gramm<\/p>\n<table class=\"tg\" style=\"height: 359px;width: 418px\" width=\"426\">\n<thead>\n<tr>\n<th class=\"tg-dg6o\" style=\"width: 91px\">Menge<\/th>\n<th class=\"tg-dg6o\" style=\"width: 192px\">Preis pro St\u00fcck<\/th>\n<th class=\"tg-dg6o\" style=\"width: 135px\">Gesamtpreis<\/th>\n<\/tr>\n<\/thead>\n<tbody>\n<tr>\n<td class=\"tg-dg6o\" style=\"width: 91px\">1<\/td>\n<td class=\"tg-096r\" style=\"width: 192px\">\u20ac 65,50<\/td>\n<td class=\"tg-096r\" style=\"width: 135px\">\u20ac 65,50<\/td>\n<\/tr>\n<tr>\n<td class=\"tg-dg6o\" style=\"width: 91px\">2<\/td>\n<td class=\"tg-096r\" style=\"width: 192px\">\u20ac 63,50<\/td>\n<td class=\"tg-096r\" style=\"width: 135px\">\u20ac 127,00<\/td>\n<\/tr>\n<tr>\n<td class=\"tg-dg6o\" style=\"width: 91px\">3<\/td>\n<td class=\"tg-096r\" style=\"width: 192px\">\u20ac 63,50<\/td>\n<td class=\"tg-096r\" style=\"width: 135px\">\u20ac 190,50<\/td>\n<\/tr>\n<tr>\n<td class=\"tg-dg6o\" style=\"width: 91px\">4<\/td>\n<td class=\"tg-096r\" style=\"width: 192px\">\u20ac 63,50<\/td>\n<td class=\"tg-096r\" style=\"width: 135px\">\u20ac 254,00<\/td>\n<\/tr>\n<tr>\n<td class=\"tg-dg6o\" style=\"width: 91px\">5<\/td>\n<td class=\"tg-096r\" style=\"width: 192px\">\u20ac 63,50<\/td>\n<td class=\"tg-096r\" style=\"width: 135px\">\u20ac 317,50<\/td>\n<\/tr>\n<tr>\n<td class=\"tg-dg6o\" style=\"width: 91px\">6<\/td>\n<td class=\"tg-096r\" style=\"width: 192px\">\u20ac 60,50<\/td>\n<td class=\"tg-096r\" style=\"width: 135px\">\u20ac 363,00<\/td>\n<\/tr>\n<tr>\n<td class=\"tg-dg6o\" style=\"width: 91px\">7<\/td>\n<td class=\"tg-096r\" style=\"width: 192px\">\u20ac 60,50<\/td>\n<td class=\"tg-096r\" style=\"width: 135px\">\u20ac 423,50<\/td>\n<\/tr>\n<tr>\n<td class=\"tg-dg6o\" style=\"width: 91px\">8<\/td>\n<td class=\"tg-096r\" style=\"width: 192px\">\u20ac 60,50<\/td>\n<td class=\"tg-096r\" style=\"width: 135px\">\u20ac 484,00<\/td>\n<\/tr>\n<tr>\n<td class=\"tg-dg6o\" style=\"width: 91px\">9<\/td>\n<td class=\"tg-096r\" style=\"width: 192px\">\u20ac 60,50<\/td>\n<td class=\"tg-096r\" style=\"width: 135px\">\u20ac 544,50<\/td>\n<\/tr>\n<tr>\n<td class=\"tg-dg6o\" style=\"width: 91px\">10<\/td>\n<td class=\"tg-096r\" style=\"width: 192px\">\u20ac 60,50<\/td>\n<td class=\"tg-096r\" style=\"width: 135px\">\u20ac 605,00<\/td>\n<\/tr>\n<tr>\n<td class=\"tg-dg6o\" style=\"width: 91px\">11<\/td>\n<td class=\"tg-096r\" style=\"width: 192px\">\u20ac 60,50<\/td>\n<td class=\"tg-096r\" style=\"width: 135px\">\u20ac 665,50<\/td>\n<\/tr>\n<tr>\n<td class=\"tg-dg6o\" style=\"width: 91px\">12<\/td>\n<td class=\"tg-096r\" style=\"width: 192px\">\u20ac 54,50<\/td>\n<td class=\"tg-096r\" style=\"width: 135px\">\u20ac 654,00<\/td>\n<\/tr>\n<\/tbody>\n<\/table>\n<p>&nbsp;<\/p>\n<p>Wenn Sie diesen Versiegler in einem gebrauchsfertigen Set sehen m\u00f6chten, schauen Sie sich unser erstaunliches Angebot <a href=\"https:\/\/innoseal.shop\/de\/product\/innoseal-supersize-kit\/\">hier an<\/a>!<\/p>\n<p><sup>1<\/sup><em>Die Preise verstehen sich exklusive Mehrwertsteuer oder andere Steuern, Transportkosten, Ausfuhr- und Einfuhrz\u00f6lle usw. Fragen Sie uns nach Einzelheiten.<\/em><\/p>\n","protected":false},"excerpt":{"rendered":"<p>Innoseal L-Versiegler (oder L-Sealer). Wir m\u00f6chten Ihnen das Beste von Innoseal bieten. Dieses Taschenschlie\u00dfsystem verf\u00fcgt \u00fcber einen 12 mm breiten Schlitz, der im Vergleich zum 6 mm Schlitz unserer Standardversiegler unz\u00e4hlige Beutel aus unterschiedlichen Materialien verschlie\u00dfen kann. L\u00e4ngere Laschen der Versiegelungen erleichtern es den Kunden sogar, sie zu \u00f6ffnen.<\/p>\n<p>Diese Taschenschlie\u00dfl\u00f6sung besteht aus einem gro\u00dfen Versiegler mit klarer Abdeckung, einer Klebebandrolle und einer Papiert\u00fcte (vorab geladen).<\/p>\n","protected":false},"featured_media":6140,"comment_status":"closed","ping_status":"closed","template":"","meta":{"_acf_changed":false,"inline_featured_image":false,"jetpack_publicize_message":"","jetpack_publicize_feature_enabled":true,"jetpack_social_post_already_shared":false,"jetpack_social_options":{"image_generator_settings":{"template":"highway","default_image_id":0,"font":"","enabled":false},"version":2}},"product_brand":[],"product_cat":[168],"product_tag":[169],"class_list":{"0":"post-7114","1":"product","2":"type-product","3":"status-publish","4":"has-post-thumbnail","6":"product_cat-sealers-de","7":"product_tag-prices-exclude-vat-or-other-taxes-transport-etc-de","9":"first","10":"instock","11":"taxable","12":"shipping-taxable","13":"purchasable","14":"product-type-simple"},"acf":[],"jetpack_publicize_connections":[],"jetpack_sharing_enabled":true,"tiered_pricing_type":"fixed","tiered_pricing_fixed_rules":{"2":63.5,"6":60.5,"12":54.5},"tiered_pricing_product_settings":{"layout":"default","base_unit_name":{"singular":null,"plural":null},"default_variation":null},"tiered_pricing_minimum_quantity":null,"tiered_pricing_roles_data":[],"tiered_pricing_percentage_rules":[],"_links":{"self":[{"href":"https:\/\/innoseal.shop\/de\/wp-json\/wp\/v2\/product\/7114","targetHints":{"allow":["GET"]}}],"collection":[{"href":"https:\/\/innoseal.shop\/de\/wp-json\/wp\/v2\/product"}],"about":[{"href":"https:\/\/innoseal.shop\/de\/wp-json\/wp\/v2\/types\/product"}],"replies":[{"embeddable":true,"href":"https:\/\/innoseal.shop\/de\/wp-json\/wp\/v2\/comments?post=7114"}],"wp:featuredmedia":[{"embeddable":true,"href":"https:\/\/innoseal.shop\/de\/wp-json\/wp\/v2\/media\/6140"}],"wp:attachment":[{"href":"https:\/\/innoseal.shop\/de\/wp-json\/wp\/v2\/media?parent=7114"}],"wp:term":[{"taxonomy":"product_brand","embeddable":true,"href":"https:\/\/innoseal.shop\/de\/wp-json\/wp\/v2\/product_brand?post=7114"},{"taxonomy":"product_cat","embeddable":true,"href":"https:\/\/innoseal.shop\/de\/wp-json\/wp\/v2\/product_cat?post=7114"},{"taxonomy":"product_tag","embeddable":true,"href":"https:\/\/innoseal.shop\/de\/wp-json\/wp\/v2\/product_tag?post=7114"}],"curies":[{"name":"wp","href":"https:\/\/api.w.org\/{rel}","templated":true}]}}