{"id":7116,"date":"2022-02-16T11:19:39","date_gmt":"2022-02-16T10:19:39","guid":{"rendered":"https:\/\/innoseal.shop\/product\/innoseal-supersize-kit\/"},"modified":"2025-12-23T14:01:23","modified_gmt":"2025-12-23T13:01:23","slug":"innoseal-supersize-kit","status":"publish","type":"product","link":"https:\/\/innoseal.shop\/de\/product\/innoseal-supersize-kit\/","title":{"rendered":"Innoseal Supersize kit"},"content":{"rendered":"<h4>Vorteile des Innoseal Supersize Kits<\/h4>\n<p><em class=\"red\">Mit Stil versiegeln:<\/em><\/p>\n<p><strong>Zwei volle Boxen Nachf\u00fcllungen<\/strong> (84 S\u00e4tze, mal 2!!) <strong>PLUS der gro\u00dfe L-Versiegler in Grau<\/strong> &#8211; zum Versiegeln, immer weiter und weiter&#8230;<\/p>\n<ul>\n<li>Fr\u00fcher bekannt als Jubil\u00e4ums-Set.<\/li>\n<li>Mit dem 12 mm Schlitz des L-Versieglers k\u00f6nnen Sie Taschen aus dickerem Material im Handumdrehen leicht verschlie\u00dfen.<\/li>\n<li>Haben wir erw\u00e4hnt, dass der Versiegler leicht zu \u00f6ffnen ist? Er l\u00e4sst sich m\u00fchelos \u00f6ffnen. Lesen Sie <a href=\"https:\/\/innoseal.shop\/de\/product\/innoseal-l-versiegler\/\">hier<\/a> mehr \u00fcber den L-Versiegler.<\/li>\n<li><strong>Rostfrei<\/strong>. Der Versiegler ist leicht zu reinigen und <strong>sp\u00fclmaschinenfest<\/strong>.<\/li>\n<li>Der Versiegler kann Frost, Hitze und feuchten Umgebungen standhalten. Genauso wie unser Standardversiegler, aber es lohnt sich zu erw\u00e4hnen.<\/li>\n<li>Mit dem <strong>transparenten Deckel<\/strong> k\u00f6nnen Sie leicht erkennen, wann Sie nachf\u00fcllen m\u00fcssen. Kein R\u00e4tselraten mehr, wann es Zeit zum Nachf\u00fcllen ist. Das Nachf\u00fcllen unserer Versiegler ist immer einfach, aber Wissen bedeutet Freiheit (wenn es darum geht, den Zustand der Dinge zu kennen). Der transparente Deckel spart Ihnen Zeit und Ihr Gesch\u00e4ft wird so schnell und reibungslos ablaufen wie gewohnt. Zeit ist von entscheidender Bedeutung und Vorfreude wirkt Wunder.<\/li>\n<li>Ein Satz Nachf\u00fcllungen enth\u00e4lt <strong>700* Versiegelungen<\/strong>; mit zwei Boxen, also insgesamt 84 Nachf\u00fcllungen, sind Sie eine Weile lang bereit zum Versiegeln! M\u00f6chten Sie die Details einer einzelnen Box mit 84 Nachf\u00fcllungen \u00fcberpr\u00fcfen? <a href=\"https:\/\/innoseal.shop\/de\/product\/innoseal-nachfullung-84-sets\/\" target=\"_blank\" rel=\"noopener\">Hier entlang<\/a>!<\/li>\n<li>Der speziell innovative Verschluss kombiniert Papier und Klebeband. Diese einzigartige Verbindung verschlie\u00dft Ihren Beutel fest und erzeugt <strong>manipulationssichere<\/strong> Versiegelungen. Sie k\u00f6nnen leicht einen Riss im Papier erkennen und \u00fcberpr\u00fcfen, ob jemand den Beutel vor Ihnen ber\u00fchrt hat.<\/li>\n<li>Der Verschluss von ca. 118.300 Beuteln wird f\u00fcr Ihre Lieben \u00e4u\u00dferst<strong> einfach zu \u00f6ffnen<\/strong> sein. Finden Sie die Anweisungen &#8222;Drehen und Ziehen&#8220; auf dem Papier und \u00f6ffnen Sie Ihren Beutel im Handumdrehen.<\/li>\n<li>Die Verschl\u00fcsse sind <strong>wiederverwendbar<\/strong>. Wenn Sie den Beutel wieder verschlie\u00dfen m\u00f6chten, drehen Sie einfach den Hals des Beutels zur\u00fcck, kleben Sie den Verschluss darum, dr\u00fccken Sie die Laschen wieder zusammen und genie\u00dfen Sie den Inhalt des Beutels sp\u00e4ter.<\/li>\n<li>Sobald Sie Ihre Beutel mit diesem erstaunlichen Innoseal-System frisch verschlossen haben, bleibt der Inhalt durch den nahezu <strong>luftdichten<\/strong> Verschluss und die sorgf\u00e4ltig ausgew\u00e4hlten Materialien im Inneren gesch\u00fctzt und in einwandfreiem Zustand.<\/li>\n<li><strong>L\u00e4ngere Laschen<\/strong> dieser Verschl\u00fcsse machen das \u00d6ffnen einfach und m\u00fchelos!<\/li>\n<li>Einkaufen in einem Zug; in einem Schritt kaufen; Geld sparen und Platz sparen, w\u00e4hrend Sie Ihren Kunden das beste Erlebnis bieten!<\/li>\n<\/ul>\n<p>* Abh\u00e4ngig von der Gr\u00f6\u00dfe des Taschenhalses<\/p>\n<p><strong>Spezifikationen:<\/strong><br \/>\nSKU: 2302<br \/>\nAbmessungen Versiegler:\u00a0290 mm x 75 mm x 170 mm<br \/>\nAbmessungen Schlitz: 12 mm<br \/>\nGewicht: 10.000 gramm<br \/>\nVerschl\u00fcsse: ca. 118.300 !!<\/p>\n<p><sup>1<\/sup><em>Die Preise verstehen sich exklusive Mehrwertsteuer oder andere Steuern, Transportkosten, Ausfuhr- und Einfuhrz\u00f6lle usw. Fragen Sie uns nach Einzelheiten.<\/em><\/p>\n","protected":false},"excerpt":{"rendered":"<p>Ein einzigartiges Angebot mit 2 Boxen Nachf\u00fcllungen Multicolor und einem erm\u00e4\u00dfigten L-Versiegler. Treffen Sie Ihre Auswahl und erhalten Sie Ihr eigenes Supersize-Kit!<\/p>\n<p>Unserer L-Versiegler grau, der am besten zu Ihrem Unternehmen passt. Dank seines 12 mm Schlitzes kann das gr\u00f6\u00dfere Taschenschlie\u00dfsystem verschiedene Arten von Beutelmaterialien, sogar dickere, versiegeln.<\/p>\n<p>Die Synergie zwischen dem Innoseal Nachf\u00fcllset und dem L-Versiegler f\u00fchrt zu l\u00e4ngeren Versiegelungslaschen, die den Kunden einen besseren Griff bieten, um die Beutel effizient und m\u00fchelos zu \u00f6ffnen.<\/p>\n","protected":false},"featured_media":23872,"comment_status":"closed","ping_status":"closed","template":"","meta":{"_acf_changed":false,"inline_featured_image":false,"jetpack_publicize_message":"","jetpack_publicize_feature_enabled":true,"jetpack_social_post_already_shared":true,"jetpack_social_options":{"image_generator_settings":{"template":"highway","default_image_id":0,"font":"","enabled":false},"version":2}},"product_brand":[],"product_cat":[180],"product_tag":[169],"class_list":{"0":"post-7116","1":"product","2":"type-product","3":"status-publish","4":"has-post-thumbnail","6":"product_cat-sets-de","7":"product_tag-prices-exclude-vat-or-other-taxes-transport-etc-de","8":"pa_sealer-color-grey-de","10":"first","11":"instock","12":"taxable","13":"shipping-taxable","14":"purchasable","15":"product-type-variable"},"acf":[],"jetpack_publicize_connections":[],"jetpack_sharing_enabled":true,"tiered_pricing_type":"fixed","tiered_pricing_fixed_rules":[],"tiered_pricing_product_settings":{"layout":"default","base_unit_name":{"singular":null,"plural":null},"default_variation":null},"tiered_pricing_minimum_quantity":null,"tiered_pricing_roles_data":[],"tiered_pricing_percentage_rules":[],"_links":{"self":[{"href":"https:\/\/innoseal.shop\/de\/wp-json\/wp\/v2\/product\/7116","targetHints":{"allow":["GET"]}}],"collection":[{"href":"https:\/\/innoseal.shop\/de\/wp-json\/wp\/v2\/product"}],"about":[{"href":"https:\/\/innoseal.shop\/de\/wp-json\/wp\/v2\/types\/product"}],"replies":[{"embeddable":true,"href":"https:\/\/innoseal.shop\/de\/wp-json\/wp\/v2\/comments?post=7116"}],"wp:featuredmedia":[{"embeddable":true,"href":"https:\/\/innoseal.shop\/de\/wp-json\/wp\/v2\/media\/23872"}],"wp:attachment":[{"href":"https:\/\/innoseal.shop\/de\/wp-json\/wp\/v2\/media?parent=7116"}],"wp:term":[{"taxonomy":"product_brand","embeddable":true,"href":"https:\/\/innoseal.shop\/de\/wp-json\/wp\/v2\/product_brand?post=7116"},{"taxonomy":"product_cat","embeddable":true,"href":"https:\/\/innoseal.shop\/de\/wp-json\/wp\/v2\/product_cat?post=7116"},{"taxonomy":"product_tag","embeddable":true,"href":"https:\/\/innoseal.shop\/de\/wp-json\/wp\/v2\/product_tag?post=7116"}],"curies":[{"name":"wp","href":"https:\/\/api.w.org\/{rel}","templated":true}]}}