{"id":7120,"date":"2022-04-04T17:16:38","date_gmt":"2022-04-04T15:16:38","guid":{"rendered":"https:\/\/innoseal.shop\/product\/innoseal-refill-84-sets\/"},"modified":"2024-05-28T09:20:33","modified_gmt":"2024-05-28T07:20:33","slug":"innoseal-nachfullung-84-sets","status":"publish","type":"product","link":"https:\/\/innoseal.shop\/de\/product\/innoseal-nachfullung-84-sets\/","title":{"rendered":"Innoseal Nachf\u00fcllung 84 Sets"},"content":{"rendered":"<p><strong>Vorteile<\/strong><br \/>\n<span style=\"color: #d32d16;\"><em>Immer ausreichend Vorrat &#8211; nie ohne Ihre verl\u00e4sslichen Versiegelungen<\/em><\/span><\/p>\n<ul>\n<li><strong>\u00b1 850* Versiegelungen<\/strong> in einem kompakten Einzelset.<\/li>\n<li>Ein Set enth\u00e4lt 1 Rolle Klebeband und 1 Rolle Papier; daher enth\u00e4lt diese Boxenoption 84 Sets (84 Rollen Klebeband, 84 Rollen Papier) und etwa <strong>71.400* Versiegelungen<\/strong> pro Box!<\/li>\n<li>Immer ausreichend Vorrat, mit 2 Boxen davon k\u00f6nnten Sie problemlos genauso viele Beutel verschlie\u00dfen wie eine Palette von Alternativl\u00f6sungen es bieten w\u00fcrde. Logistisch und hinsichtlich der Lagerhaltung haben Sie hier eine kluge Wahl getroffen mit dieser kompakten, aber dennoch robusten Taschenschlie\u00dfl\u00f6sung.<\/li>\n<li>Das Klebeband ist sicher f\u00fcr Kinder und \u00e4ltere Menschen, es besteht <strong>keine Erstickungsgefahr,<\/strong> wenn es aus Versehen geschluckt wird.<\/li>\n<li>Die <strong>luftdichte<\/strong> Versiegelung h\u00e4lt Ihr Produkt frisch und immer sauber.<\/li>\n<li>Der Verschluss l\u00e4sst sich leicht \u00f6ffnen, dank des Papiers an den Laschen der Versiegelung und der Anweisungen &#8222;Drehen &amp; Ziehen&#8220; darauf! <em>It&#8217;s that easy<\/em><\/li>\n<li>Wenn jemand versucht hat, den Beutel vor Ihnen zu \u00f6ffnen, wird dies dank des Papiers sichtbar sein, und das macht die Versiegelung <strong>manipulationssicher<\/strong>.<\/li>\n<li>Dank des <strong>wiederverwendbaren Verschlusses<\/strong> mit hoch entwickeltem Klebeband k\u00f6nnen Sie Ihren Beutel \u00f6fter verschlie\u00dfen. Drehen Sie den Hals des Beutels, positionieren Sie den Verschluss darum, dr\u00fccken Sie die Laschen wieder zusammen und genie\u00dfen Sie sp\u00e4ter Ihre Waren.<\/li>\n<li><strong>Klebeband ohne PVC!<\/strong><\/li>\n<li><strong>7-Farben-Palette verf\u00fcgbar.<\/strong> Mit den Multicolor Nachf\u00fcllsets k\u00f6nnen Sie ein Farbcodesystem verwenden, aber auch in Unicolor (einer Farbe) erh\u00e4ltlich, um die Versiegelungen mit Ihrer Unternehmensidentit\u00e4t abzustimmen. Das Gleiche k\u00f6nnen wir nicht f\u00fcr die <a href=\"https:\/\/innoseal.shop\/de\/product\/innoseal-refill-28-sets\/\">28 Nachf\u00fcllsets<\/a> sagen, aufgrund eines anderen Verpackungsprozesses.<\/li>\n<\/ul>\n<p><em>* Das h\u00e4ngt vom Hals des Beutels und vom Versiegler ab, den Sie verwenden; der L-Versiegler hat l\u00e4ngere Laschen und wird daher weniger Versiegelungen pro Rolle liefern.<br \/>\n<\/em><\/p>\n<p><strong>Spezifikationen:<\/strong><br \/>\nAbmessungen der Box: 457 mm x 140 mm x 160 mm<br \/>\nGewicht:\u00a0 4100 gramm<\/p>\n<p>SKU:<\/p>\n<table style=\"height: 226px;\" width=\"277\">\n<tbody>\n<tr>\n<td>1030:<\/td>\n<td>Mehrfarbig<\/td>\n<\/tr>\n<tr style=\"vertical-align: top;\">\n<td>1031:<\/td>\n<td>Schwarz<\/td>\n<\/tr>\n<tr style=\"vertical-align: top;\">\n<td>1032:<\/td>\n<td>Blau<\/td>\n<\/tr>\n<tr style=\"vertical-align: top;\">\n<td>1033:<\/td>\n<td>Gelb<\/td>\n<\/tr>\n<tr style=\"vertical-align: top;\">\n<td>1034:<\/td>\n<td>Rot<\/td>\n<\/tr>\n<tr>\n<td>1035:<\/td>\n<td>Braun<\/td>\n<\/tr>\n<tr style=\"vertical-align: top;\">\n<td>1036:<\/td>\n<td>Gr\u00fcn<\/td>\n<\/tr>\n<tr style=\"vertical-align: top;\">\n<td>1037:<\/td>\n<td>Orange<\/td>\n<\/tr>\n<\/tbody>\n<\/table>\n<p>&nbsp;<\/p>\n<table class=\"tg\" style=\"height: 359px; width: 414px;\" width=\"426\">\n<thead>\n<tr>\n<th class=\"tg-dg6o\" style=\"width: 94px;\">Menge<\/th>\n<th class=\"tg-dg6o\" style=\"width: 181px;\">Preis pro St\u00fcck<\/th>\n<th class=\"tg-dg6o\" style=\"width: 139px;\">Gesamtpreis<\/th>\n<\/tr>\n<\/thead>\n<tbody>\n<tr>\n<td class=\"tg-dg6o\" style=\"width: 94px;\">1<\/td>\n<td class=\"tg-096r\" style=\"width: 181px;\">\u20ac 207,90<\/td>\n<td class=\"tg-096r\" style=\"width: 139px;\">\u20ac 207,90<\/td>\n<\/tr>\n<tr>\n<td class=\"tg-dg6o\" style=\"width: 94px;\">2<\/td>\n<td class=\"tg-096r\" style=\"width: 181px;\">\u20ac 196,90<\/td>\n<td class=\"tg-096r\" style=\"width: 139px;\">\u20ac 393,80<\/td>\n<\/tr>\n<tr>\n<td class=\"tg-dg6o\" style=\"width: 94px;\">3<\/td>\n<td class=\"tg-096r\" style=\"width: 181px;\">\u20ac 196,90<\/td>\n<td class=\"tg-096r\" style=\"width: 139px;\">\u20ac 590,70<\/td>\n<\/tr>\n<tr>\n<td class=\"tg-dg6o\" style=\"width: 94px;\">4<\/td>\n<td class=\"tg-096r\" style=\"width: 181px;\">\u20ac 196,90<\/td>\n<td class=\"tg-096r\" style=\"width: 139px;\">\u20ac 787,60<\/td>\n<\/tr>\n<tr>\n<td class=\"tg-dg6o\" style=\"width: 94px;\">5<\/td>\n<td class=\"tg-096r\" style=\"width: 181px;\">\u20ac 192,50<\/td>\n<td class=\"tg-096r\" style=\"width: 139px;\">\u20ac 962,50<\/td>\n<\/tr>\n<tr>\n<td class=\"tg-dg6o\" style=\"width: 94px;\">6<\/td>\n<td class=\"tg-096r\" style=\"width: 181px;\">\u20ac 192,50<\/td>\n<td class=\"tg-096r\" style=\"width: 139px;\">\u20ac 1.155,00<\/td>\n<\/tr>\n<tr>\n<td class=\"tg-dg6o\" style=\"width: 94px;\">7<\/td>\n<td class=\"tg-096r\" style=\"width: 181px;\">\u20ac 192,50<\/td>\n<td class=\"tg-096r\" style=\"width: 139px;\">\u20ac 1.347,50<\/td>\n<\/tr>\n<tr>\n<td class=\"tg-dg6o\" style=\"width: 94px;\">8<\/td>\n<td class=\"tg-096r\" style=\"width: 181px;\">\u20ac 192,50<\/td>\n<td class=\"tg-096r\" style=\"width: 139px;\">\u20ac 1.540,00<\/td>\n<\/tr>\n<tr>\n<td class=\"tg-dg6o\" style=\"width: 94px;\">9<\/td>\n<td class=\"tg-096r\" style=\"width: 181px;\">\u20ac 192,50<\/td>\n<td class=\"tg-096r\" style=\"width: 139px;\">\u20ac 1.732,50<\/td>\n<\/tr>\n<tr>\n<td class=\"tg-dg6o\" style=\"width: 94px;\">10<\/td>\n<td class=\"tg-096r\" style=\"width: 181px;\">\u20ac 159,50<\/td>\n<td class=\"tg-096r\" style=\"width: 139px;\">\u20ac 1.595,00<\/td>\n<\/tr>\n<\/tbody>\n<\/table>\n<p>&nbsp;<\/p>\n<p>Wenn Sie dieses Nachf\u00fcllset (Multicolor) in einem gebrauchsfertigen Set sehen m\u00f6chten, schauen Sie sich unser erstaunliches Angebot <a href=\"https:\/\/innoseal.shop\/de\/product\/innoseal-supersize-kit\/\">hier an!<\/a><\/p>\n<p><sup>1<\/sup><em>Die Preise verstehen sich exklusive Mehrwertsteuer oder andere Steuern, Transportkosten, Ausfuhr- und Einfuhrz\u00f6lle usw. Fragen Sie uns nach Einzelheiten.<\/em><\/p>\n","protected":false},"excerpt":{"rendered":"<div class=\"group w-full text-token-text-primary border-b border-black\/10 dark:border-gray-900\/50 bg-gray-50 dark:bg-[#444654]\">\n<div class=\"flex p-4 gap-4 text-base md:gap-6 md:max-w-2xl lg:max-w-[38rem] xl:max-w-3xl md:py-6 lg:px-0 m-auto\">\n<div class=\"relative flex w-[calc(100%-50px)] flex-col gap-1 md:gap-3 lg:w-[calc(100%-115px)]\">\n<div class=\"flex flex-grow flex-col gap-3\">\n<div class=\"min-h-[20px] flex flex-col items-start gap-3 overflow-x-auto whitespace-pre-wrap break-words\">\n<div class=\"markdown prose w-full break-words dark:prose-invert light\">\n<p>Die\u00a0Nachf\u00fcllung 84 Sets aus 84 Rollen Klebeband und 84 Rollen Papier; insgesamt etwa 72.000 Versiegelungen! W\u00e4hlen Sie einfach die gew\u00fcnschte Farbe und die gew\u00fcnschte Anzahl an Boxen. Die Preise beginnen bereits bei nur \u20ac1,90 pro Set; mit ca. 850 Versiegelungen! Machen Sie die Rechnung \ud83d\ude42 Nachf\u00fcllungen 84 Sets &#8211; Was gibt es nicht zu lieben.<\/p>\n<p>*Die Preise verstehen sich exklusive Mehrwertsteuer oder andere Steuern, Transportkosten, ex- und importbezogene Abgaben, etc. Fragen Sie uns nach Details.<\/p>\n<\/div>\n<\/div>\n<\/div>\n<\/div>\n<\/div>\n<\/div>\n","protected":false},"featured_media":6206,"comment_status":"closed","ping_status":"closed","template":"","meta":{"_acf_changed":false,"inline_featured_image":false,"jetpack_publicize_message":"","jetpack_publicize_feature_enabled":true,"jetpack_social_post_already_shared":false,"jetpack_social_options":{"image_generator_settings":{"template":"highway","default_image_id":0,"font":"","enabled":false},"version":2}},"product_brand":[],"product_cat":[170],"product_tag":[169],"class_list":{"0":"post-7120","1":"product","2":"type-product","3":"status-publish","4":"has-post-thumbnail","6":"product_cat-refill-de","7":"product_tag-prices-exclude-vat-or-other-taxes-transport-etc-de","8":"pa_color-blue-de","9":"pa_color-brown-de","10":"pa_color-yellow-de","11":"pa_color-green-de","12":"pa_color-multicolor-de","13":"pa_color-orange-de","14":"pa_color-red-de","15":"pa_color-black-de","17":"first","18":"instock","19":"taxable","20":"shipping-taxable","21":"purchasable","22":"product-type-variable"},"acf":[],"jetpack_publicize_connections":[],"jetpack_sharing_enabled":true,"tiered_pricing_type":"fixed","tiered_pricing_fixed_rules":{"2":196.9,"5":192.5,"10":159.5},"tiered_pricing_product_settings":{"layout":"default","base_unit_name":{"singular":null,"plural":null},"default_variation":null},"tiered_pricing_minimum_quantity":null,"tiered_pricing_roles_data":[],"tiered_pricing_percentage_rules":[],"_links":{"self":[{"href":"https:\/\/innoseal.shop\/de\/wp-json\/wp\/v2\/product\/7120","targetHints":{"allow":["GET"]}}],"collection":[{"href":"https:\/\/innoseal.shop\/de\/wp-json\/wp\/v2\/product"}],"about":[{"href":"https:\/\/innoseal.shop\/de\/wp-json\/wp\/v2\/types\/product"}],"replies":[{"embeddable":true,"href":"https:\/\/innoseal.shop\/de\/wp-json\/wp\/v2\/comments?post=7120"}],"wp:featuredmedia":[{"embeddable":true,"href":"https:\/\/innoseal.shop\/de\/wp-json\/wp\/v2\/media\/6206"}],"wp:attachment":[{"href":"https:\/\/innoseal.shop\/de\/wp-json\/wp\/v2\/media?parent=7120"}],"wp:term":[{"taxonomy":"product_brand","embeddable":true,"href":"https:\/\/innoseal.shop\/de\/wp-json\/wp\/v2\/product_brand?post=7120"},{"taxonomy":"product_cat","embeddable":true,"href":"https:\/\/innoseal.shop\/de\/wp-json\/wp\/v2\/product_cat?post=7120"},{"taxonomy":"product_tag","embeddable":true,"href":"https:\/\/innoseal.shop\/de\/wp-json\/wp\/v2\/product_tag?post=7120"}],"curies":[{"name":"wp","href":"https:\/\/api.w.org\/{rel}","templated":true}]}}