{"id":7131,"date":"2022-04-01T16:39:22","date_gmt":"2022-04-01T14:39:22","guid":{"rendered":"https:\/\/innoseal.shop\/product\/innoseal-clear-sealer\/"},"modified":"2024-05-28T09:18:35","modified_gmt":"2024-05-28T07:18:35","slug":"innoseal-transparenter-versiegeler","status":"publish","type":"product","link":"https:\/\/innoseal.shop\/de\/product\/innoseal-transparenter-versiegeler\/","title":{"rendered":"Innoseal Transparenter Versiegeler"},"content":{"rendered":"<p><strong>Vorteile<\/strong><br \/>\n<em class=\"red\">Die Wahl ist kristallklar<\/em><\/p>\n<ul>\n<li>Mit dem <strong>transparenten Deckel<\/strong> k\u00f6nnen Sie leicht erkennen, wann der Nachf\u00fcllbedarf besteht.<\/li>\n<li>Der Versiegeler, den Sie erhalten werden, <strong>enth\u00e4lt bereits<\/strong> eine Rolle Klebeband (frei von PVC) und eine Rolle Papier (= 1 Set Nachf\u00fcllung).<\/li>\n<li>Das Beutelversiegelungssystem ist <strong>sofort einsatzbereit<\/strong>, sobald es bei Ihnen ankommt, und es muss nicht zusammengebaut werden.<\/li>\n<li>Es verf\u00fcgt \u00fcber einen 6 mm Schlitz, um Ihnen das schnelle und komfortable Verschlie\u00dfen von Beuteln zu erm\u00f6glichen.<\/li>\n<li>Ihre Wahl, die Ihnen <strong>Geld und Zeit sparen<\/strong> wird, denn wir bieten Ihnen einen Versiegeler mit lebenslanger Haltbarkeit und die kompakten Nachf\u00fcllrollen mit <strong>ca. 850* Verschl\u00fcssen<\/strong> pro Set.<\/li>\n<li><strong>M\u00fcheloses \u00d6ffnen des Versiegelers<\/strong>, der <strong>eindeutig nachgeladen werden kann<\/strong>, ohne Schwierigkeiten.<\/li>\n<li>Kann <strong>leicht von Hand gereinigt werden<\/strong>.<\/li>\n<li><strong>Rostfrei<\/strong>, die Wartung dieses Innoseal-Beutelverschlusssystems ist einfach, da es <strong>sp\u00fclmaschinengeeignet<\/strong> ist.<\/li>\n<li>Das geschlossene Geh\u00e4use macht den Versiegeler resistent gegen\u00fcber Frost, Hitze und feuchten Umgebungen.<\/li>\n<li>Klebeband und Papier sind in einer einzigartigen und innovativen Versiegelung kombiniert, die <strong>manipulationssicher<\/strong> ist. Es ist sichtbar, wenn jemand versucht hat, den Beutel vor Ihnen zu \u00f6ffnen.<\/li>\n<li>Die <strong>luftdichten<\/strong> Versiegelungen sind daf\u00fcr gemacht, dass Sie Ihre Waren immer frisch und sauber genie\u00dfen k\u00f6nnen.<\/li>\n<li>Die Versiegelung l\u00e4sst sich <strong>leicht \u00f6ffnen<\/strong> mit den Anweisungen &#8218;Twist &amp; Pull&#8216; (&#8218;Drehen und Ziehen&#8216;) auf dem Papier, um Ihren Beutel schnell zu \u00f6ffnen.<\/li>\n<li>Sie k\u00f6nnen Ihre Beutel so oft \u00f6ffnen und schlie\u00dfen, wie Sie m\u00f6chten. Der Verschluss ist <strong>wiederverwendbar<\/strong>: Legen Sie ihn um den verdrehten Hals Ihres Beutels, dr\u00fccken Sie seine Laschen wieder zusammen und bewahren Sie Ihre Inhalte frisch und sicher f\u00fcr sp\u00e4ter auf.<\/li>\n<\/ul>\n<p>* \u00a0Abh\u00e4ngig von der Gr\u00f6\u00dfe des Taschenhalses<\/p>\n<p><strong>Spezifikationen:<\/strong><br \/>\nSKU: 2002<br \/>\nAbmessungen Versiegler: 245 mm x 70 mm x 130 mm<br \/>\nAbmessungen Schlitz: 6 mm<br \/>\nGewicht:\u00a0 625 gramm<\/p>\n<table class=\"tg\" style=\"height: 359px; width: 416px;\" width=\"426\">\n<thead>\n<tr>\n<th class=\"tg-dg6o\" style=\"width: 94px;\">Menge<\/th>\n<th class=\"tg-dg6o\" style=\"width: 185px;\">Preis pro St\u00fcck<\/th>\n<th class=\"tg-dg6o\" style=\"width: 137px;\">Gesamtpreis<\/th>\n<\/tr>\n<\/thead>\n<tbody>\n<tr>\n<td class=\"tg-dg6o\" style=\"width: 94px;\">1<\/td>\n<td class=\"tg-096r\" style=\"width: 185px;\">\u20ac 54,50<\/td>\n<td class=\"tg-096r\" style=\"width: 137px;\">\u20ac 54,50<\/td>\n<\/tr>\n<tr>\n<td class=\"tg-dg6o\" style=\"width: 94px;\">2<\/td>\n<td class=\"tg-096r\" style=\"width: 185px;\">\u20ac 52,50<\/td>\n<td class=\"tg-096r\" style=\"width: 137px;\">\u20ac 105,00<\/td>\n<\/tr>\n<tr>\n<td class=\"tg-dg6o\" style=\"width: 94px;\">3<\/td>\n<td class=\"tg-096r\" style=\"width: 185px;\">\u20ac 52,50<\/td>\n<td class=\"tg-096r\" style=\"width: 137px;\">\u20ac 157,50<\/td>\n<\/tr>\n<tr>\n<td class=\"tg-dg6o\" style=\"width: 94px;\">4<\/td>\n<td class=\"tg-096r\" style=\"width: 185px;\">\u20ac 52,50<\/td>\n<td class=\"tg-096r\" style=\"width: 137px;\">\u20ac 210,00<\/td>\n<\/tr>\n<tr>\n<td class=\"tg-dg6o\" style=\"width: 94px;\">5<\/td>\n<td class=\"tg-096r\" style=\"width: 185px;\">\u20ac\u00a052,50<\/td>\n<td class=\"tg-096r\" style=\"width: 137px;\">\u20ac 262,50<\/td>\n<\/tr>\n<tr>\n<td class=\"tg-dg6o\" style=\"width: 94px;\">6<\/td>\n<td class=\"tg-096r\" style=\"width: 185px;\">\u20ac 49,50<\/td>\n<td class=\"tg-096r\" style=\"width: 137px;\">\u20ac 297,00<\/td>\n<\/tr>\n<tr>\n<td class=\"tg-dg6o\" style=\"width: 94px;\">7<\/td>\n<td class=\"tg-096r\" style=\"width: 185px;\">\u20ac\u00a049,50<\/td>\n<td class=\"tg-096r\" style=\"width: 137px;\">\u20ac 346,50<\/td>\n<\/tr>\n<tr>\n<td class=\"tg-dg6o\" style=\"width: 94px;\">8<\/td>\n<td class=\"tg-096r\" style=\"width: 185px;\">\u20ac 49,50<\/td>\n<td class=\"tg-096r\" style=\"width: 137px;\">\u20ac 396,00<\/td>\n<\/tr>\n<tr>\n<td class=\"tg-dg6o\" style=\"width: 94px;\">9<\/td>\n<td class=\"tg-096r\" style=\"width: 185px;\">\u20ac\u00a049,50<\/td>\n<td class=\"tg-096r\" style=\"width: 137px;\">\u20ac 445,50<\/td>\n<\/tr>\n<tr>\n<td class=\"tg-dg6o\" style=\"width: 94px;\">10<\/td>\n<td class=\"tg-096r\" style=\"width: 185px;\">\u20ac 49,50<\/td>\n<td class=\"tg-096r\" style=\"width: 137px;\">\u20ac 495,00<\/td>\n<\/tr>\n<tr>\n<td class=\"tg-dg6o\" style=\"width: 94px;\">11<\/td>\n<td class=\"tg-096r\" style=\"width: 185px;\">\u20ac 49,50<\/td>\n<td class=\"tg-096r\" style=\"width: 137px;\">\u20ac 544,50<\/td>\n<\/tr>\n<tr>\n<td class=\"tg-dg6o\" style=\"width: 94px;\">12<\/td>\n<td class=\"tg-096r\" style=\"width: 185px;\">\u20ac 43,50<\/td>\n<td class=\"tg-096r\" style=\"width: 137px;\">\u20ac 522,00<\/td>\n<\/tr>\n<\/tbody>\n<\/table>\n<p><sup>1<\/sup><em>Die Preise verstehen sich exklusive Mehrwertsteuer oder andere Steuern, Transportkosten, Ausfuhr- und Einfuhrz\u00f6lle usw. Fragen Sie uns nach Einzelheiten.<\/em><\/p>\n","protected":false},"excerpt":{"rendered":"<p>Der Transparenter Versiegeler (English: <em>Clear Sealer<\/em>) hat ein anspruchsvolles Aussehen und die gleiche hervorragende Qualit\u00e4t wie der Classic Sealer. Der klare Deckel gew\u00e4hrt Ihnen einen schnellen Blick auf die Nachf\u00fcllung und das Innere, w\u00e4hrend immer noch ein geschlossenes Geh\u00e4use vorhanden ist, um ihn makellos zu halten.<\/p>\n<p>Dieses Beutelverschlusssystem besteht aus einem Versiegeler mit transparentem Deckel, einer Klebebandrolle und einer Papierrolle (vorbeladen).<\/p>\n","protected":false},"featured_media":6136,"comment_status":"closed","ping_status":"closed","template":"","meta":{"_acf_changed":false,"inline_featured_image":false,"jetpack_publicize_message":"","jetpack_publicize_feature_enabled":true,"jetpack_social_post_already_shared":false,"jetpack_social_options":{"image_generator_settings":{"template":"highway","default_image_id":0,"font":"","enabled":false},"version":2}},"product_brand":[],"product_cat":[168],"product_tag":[169],"class_list":{"0":"post-7131","1":"product","2":"type-product","3":"status-publish","4":"has-post-thumbnail","6":"product_cat-sealers-de","7":"product_tag-prices-exclude-vat-or-other-taxes-transport-etc-de","9":"first","10":"instock","11":"taxable","12":"shipping-taxable","13":"purchasable","14":"product-type-simple"},"acf":[],"jetpack_publicize_connections":[],"jetpack_sharing_enabled":true,"tiered_pricing_type":"fixed","tiered_pricing_fixed_rules":{"2":52.5,"6":49.5,"12":43.5},"tiered_pricing_product_settings":{"layout":"default","base_unit_name":{"singular":null,"plural":null},"default_variation":null},"tiered_pricing_minimum_quantity":null,"tiered_pricing_roles_data":[],"tiered_pricing_percentage_rules":[],"_links":{"self":[{"href":"https:\/\/innoseal.shop\/de\/wp-json\/wp\/v2\/product\/7131","targetHints":{"allow":["GET"]}}],"collection":[{"href":"https:\/\/innoseal.shop\/de\/wp-json\/wp\/v2\/product"}],"about":[{"href":"https:\/\/innoseal.shop\/de\/wp-json\/wp\/v2\/types\/product"}],"replies":[{"embeddable":true,"href":"https:\/\/innoseal.shop\/de\/wp-json\/wp\/v2\/comments?post=7131"}],"wp:featuredmedia":[{"embeddable":true,"href":"https:\/\/innoseal.shop\/de\/wp-json\/wp\/v2\/media\/6136"}],"wp:attachment":[{"href":"https:\/\/innoseal.shop\/de\/wp-json\/wp\/v2\/media?parent=7131"}],"wp:term":[{"taxonomy":"product_brand","embeddable":true,"href":"https:\/\/innoseal.shop\/de\/wp-json\/wp\/v2\/product_brand?post=7131"},{"taxonomy":"product_cat","embeddable":true,"href":"https:\/\/innoseal.shop\/de\/wp-json\/wp\/v2\/product_cat?post=7131"},{"taxonomy":"product_tag","embeddable":true,"href":"https:\/\/innoseal.shop\/de\/wp-json\/wp\/v2\/product_tag?post=7131"}],"curies":[{"name":"wp","href":"https:\/\/api.w.org\/{rel}","templated":true}]}}