{"id":7157,"date":"2022-04-01T17:08:21","date_gmt":"2022-04-01T15:08:21","guid":{"rendered":"https:\/\/innoseal.shop\/product\/innoseal-inno-box\/"},"modified":"2024-05-27T14:58:38","modified_gmt":"2024-05-27T12:58:38","slug":"innoseal-inno-box","status":"publish","type":"product","link":"https:\/\/innoseal.shop\/de\/product\/innoseal-inno-box\/","title":{"rendered":"Innoseal Inno-boX"},"content":{"rendered":"<p><strong>Vorteile<\/strong><br \/>\n<em class=\"red\">Mit kleinem Budget<\/em><\/p>\n<ul>\n<li>Mit einem 6 mm Schlitz f\u00fcr au\u00dfergew\u00f6hnliche Versiegelungen.<\/li>\n<li>20 Sets Nachf\u00fcllungen mit ca. 7000* Verschl\u00fcssen pro Set.<\/li>\n<li>Die <strong>Kombination aus Klebeband und Papier<\/strong> bei den originalen Innoseal-Verschl\u00fcssen zeigt <strong>eindeutig Manipulationsversuche an.<\/strong> Auf diese Weise wissen Sie schnell, ob jemand die Versiegelung vor Ihnen gebrochen hat.<\/li>\n<li><strong>Leicht zu reinigen und mit der Hand zu waschen.<\/strong><\/li>\n<li>Eine <strong>wirtschaftliche Wahl<\/strong>, denn 10 Verschl\u00fcsse kosten Sie weniger als 0,01 \u20ac.<\/li>\n<li><strong>Do-it-yourself-Montageanleitung in der Box<\/strong>, um Ihren X-Versiegeler leicht aufzubauen.<\/li>\n<li><strong>Der X-Versiegeler und das X-Nachf\u00fcllset sind als komplettes Set konzipiert<\/strong>, um sicherzustellen, dass unsere Kunden die optimale Leistung und den bestm\u00f6glichen Wert von beiden Produkten erhalten.<\/li>\n<li>Um Schmutz fernzuhalten und die Frische des Inhalts zu bewahren, sind die Innoseal-Verschl\u00fcsse <strong>luftdicht<\/strong> konstruiert.<\/li>\n<li>Der Verschluss, bestehend aus Klebeband und Papier, wird durch die Anweisungen &#8218;Twist &amp; Pull'(&#8218;Drehen und Ziehen&#8216;) auf dem Papier unterst\u00fctzt, was das <strong>\u00d6ffnen der Versiegelung erleichtert<\/strong>.<\/li>\n<li>Es ist m\u00f6glich, die <strong>Verschl\u00fcsse zu schlie\u00dfen und sp\u00e4ter wieder zu \u00f6ffnen<\/strong>, um den Inhalt des Beutels zu genie\u00dfen.<\/li>\n<\/ul>\n<p>* Abh\u00e4ngig von der Gr\u00f6\u00dfe des Taschenhalses<\/p>\n<p><strong>Spezifikationen:<\/strong><br \/>\nSKU: 1040<br \/>\nAbmessungen Versiegler:\u00a0370 mm x 170 mm x 226 mm<br \/>\nAbmessungen Schlitz:\u00a06 mm<br \/>\nGewicht: 8400 gramm<\/p>\n<p><sup>1<\/sup><em>Die Preise verstehen sich exklusive Mehrwertsteuer oder andere Steuern, Transportkosten, Ausfuhr- und Einfuhrz\u00f6lle usw. Fragen Sie uns nach Einzelheiten.<\/em><\/p>\n","protected":false},"excerpt":{"rendered":"<p>Ein KOSTENLOSES Selbstbau-X-Versiegelungsger\u00e4t und 20 Sets X-Nachf\u00fcllungen machen die Innoseal Inno-boX einzigartig. Dieses Beutelverschlusssystem ist die richtige Wahl f\u00fcr Sie, wenn Sie auf der Suche nach der Innoseal-Qualit\u00e4tsversiegelung aus Klebeband und Papier sowie einer wirtschaftlichen L\u00f6sung sind. W\u00e4hlen Sie immer den kundenfreundlichsten Verschluss zu geringen Kosten.<\/p>\n","protected":false},"featured_media":6152,"comment_status":"closed","ping_status":"closed","template":"","meta":{"_acf_changed":false,"inline_featured_image":false,"jetpack_publicize_message":"","jetpack_publicize_feature_enabled":true,"jetpack_social_post_already_shared":false,"jetpack_social_options":{"image_generator_settings":{"template":"highway","default_image_id":0,"font":"","enabled":false},"version":2}},"product_brand":[],"product_cat":[170,180,168],"product_tag":[169],"class_list":{"0":"post-7157","1":"product","2":"type-product","3":"status-publish","4":"has-post-thumbnail","6":"product_cat-refill-de","7":"product_cat-sets-de","8":"product_cat-sealers-de","9":"product_tag-prices-exclude-vat-or-other-taxes-transport-etc-de","11":"first","12":"instock","13":"taxable","14":"shipping-taxable","15":"purchasable","16":"product-type-simple"},"acf":[],"jetpack_publicize_connections":[],"jetpack_sharing_enabled":true,"tiered_pricing_type":"fixed","tiered_pricing_fixed_rules":[],"tiered_pricing_product_settings":{"layout":"default","base_unit_name":{"singular":null,"plural":null},"default_variation":null},"tiered_pricing_minimum_quantity":null,"tiered_pricing_roles_data":[],"tiered_pricing_percentage_rules":[],"_links":{"self":[{"href":"https:\/\/innoseal.shop\/de\/wp-json\/wp\/v2\/product\/7157","targetHints":{"allow":["GET"]}}],"collection":[{"href":"https:\/\/innoseal.shop\/de\/wp-json\/wp\/v2\/product"}],"about":[{"href":"https:\/\/innoseal.shop\/de\/wp-json\/wp\/v2\/types\/product"}],"replies":[{"embeddable":true,"href":"https:\/\/innoseal.shop\/de\/wp-json\/wp\/v2\/comments?post=7157"}],"wp:featuredmedia":[{"embeddable":true,"href":"https:\/\/innoseal.shop\/de\/wp-json\/wp\/v2\/media\/6152"}],"wp:attachment":[{"href":"https:\/\/innoseal.shop\/de\/wp-json\/wp\/v2\/media?parent=7157"}],"wp:term":[{"taxonomy":"product_brand","embeddable":true,"href":"https:\/\/innoseal.shop\/de\/wp-json\/wp\/v2\/product_brand?post=7157"},{"taxonomy":"product_cat","embeddable":true,"href":"https:\/\/innoseal.shop\/de\/wp-json\/wp\/v2\/product_cat?post=7157"},{"taxonomy":"product_tag","embeddable":true,"href":"https:\/\/innoseal.shop\/de\/wp-json\/wp\/v2\/product_tag?post=7157"}],"curies":[{"name":"wp","href":"https:\/\/api.w.org\/{rel}","templated":true}]}}