{"id":7159,"date":"2022-04-04T13:43:27","date_gmt":"2022-04-04T11:43:27","guid":{"rendered":"https:\/\/innoseal.shop\/product\/innoseal-l-bag-cutter\/"},"modified":"2024-05-28T09:51:50","modified_gmt":"2024-05-28T07:51:50","slug":"innoseal-l-beutelschneider","status":"publish","type":"product","link":"https:\/\/innoseal.shop\/de\/product\/innoseal-l-beutelschneider\/","title":{"rendered":"Innoseal L-Beutelschneider"},"content":{"rendered":"<p><strong>Vorteile<\/strong><br \/>\n<em class=\"red\">Machen Sie das Erlebnis vollst\u00e4ndig<\/em><\/p>\n<ul>\n<li><strong>Nur f\u00fcr Innoseal L-Versiegeler<\/strong>; wenn Sie sich nicht sicher sind, welches System Sie haben, <a href=\"https:\/\/innoseal.shop\/de\/contactnow\/\">kontaktieren<\/a> Sie uns bitte.<\/li>\n<li><strong>Entfernen Sie das \u00fcberfl\u00fcssige Material<\/strong>.<\/li>\n<li>Das Entfernen des \u00fcbersch\u00fcssigen Materials von Ihrem Beutel mit dem Cutter Block sorgt daf\u00fcr, dass Ihre Kunden Ihr perfektes Produkt erhalten, und der Beutelschneider wird auch die <strong>hohe Qualit\u00e4t<\/strong> hervorheben.<\/li>\n<li><strong>Achtung<\/strong>! Die Klinge ist <strong>\u00e4u\u00dferst<\/strong> scharf! Seien Sie vorsichtig beim Platzieren oder Entfernen des Beutelschneiders und beim Gebrauch.<\/li>\n<li>Auch in einer Standardgr\u00f6\u00dfe f\u00fcr die <a href=\"https:\/\/innoseal.shop\/de\/product\/innoseal-classic-sealer\/\">Standard-Versiegeler<\/a> erh\u00e4ltlich.<\/li>\n<\/ul>\n<p><strong>Spezifikationen:<\/strong><br \/>\nSKU: 3011<\/p>\n<p><sup>1<\/sup><em>Die Preise verstehen sich exklusive Mehrwertsteuer oder andere Steuern, Transportkosten, Ausfuhr- und Einfuhrz\u00f6lle usw. Fragen Sie uns nach Einzelheiten.<\/em><\/p>\n","protected":false},"excerpt":{"rendered":"<p>Sie wissen nicht, dass Sie es brauchen, bis Sie es haben. Dieser gro\u00dfe Beutelschneiderblock wurde speziell f\u00fcr den\u00a0Innoseal\u00ae <a href=\"https:\/\/innoseal.shop\/de\/product\/innoseal-l-sealer\/\">L-Versiegeler <\/a>angepasst. Der gro\u00dfe Beutelschneider erm\u00f6glicht es, \u00fcbrig gebliebenes Material nach dem verdrehten Teil des Beutels oder \u00c4rmels leicht abzuschneiden. Der Schnitt wird dank der Klinge sauber und schnell sein. <strong>Vorsicht<\/strong>! Das Messer ist \u00e4u\u00dferst scharf!<\/p>\n","protected":false},"featured_media":6198,"comment_status":"closed","ping_status":"closed","template":"","meta":{"_acf_changed":false,"inline_featured_image":false,"jetpack_publicize_message":"","jetpack_publicize_feature_enabled":true,"jetpack_social_post_already_shared":false,"jetpack_social_options":{"image_generator_settings":{"template":"highway","default_image_id":0,"font":"","enabled":false},"version":2}},"product_brand":[],"product_cat":[179],"product_tag":[169],"class_list":{"0":"post-7159","1":"product","2":"type-product","3":"status-publish","4":"has-post-thumbnail","6":"product_cat-accessories-de","7":"product_tag-prices-exclude-vat-or-other-taxes-transport-etc-de","9":"first","10":"instock","11":"taxable","12":"shipping-taxable","13":"purchasable","14":"product-type-simple"},"acf":[],"jetpack_publicize_connections":[],"jetpack_sharing_enabled":true,"tiered_pricing_type":"fixed","tiered_pricing_fixed_rules":[],"tiered_pricing_product_settings":{"layout":"default","base_unit_name":{"singular":null,"plural":null},"default_variation":null},"tiered_pricing_minimum_quantity":null,"tiered_pricing_roles_data":[],"tiered_pricing_percentage_rules":[],"_links":{"self":[{"href":"https:\/\/innoseal.shop\/de\/wp-json\/wp\/v2\/product\/7159","targetHints":{"allow":["GET"]}}],"collection":[{"href":"https:\/\/innoseal.shop\/de\/wp-json\/wp\/v2\/product"}],"about":[{"href":"https:\/\/innoseal.shop\/de\/wp-json\/wp\/v2\/types\/product"}],"replies":[{"embeddable":true,"href":"https:\/\/innoseal.shop\/de\/wp-json\/wp\/v2\/comments?post=7159"}],"wp:featuredmedia":[{"embeddable":true,"href":"https:\/\/innoseal.shop\/de\/wp-json\/wp\/v2\/media\/6198"}],"wp:attachment":[{"href":"https:\/\/innoseal.shop\/de\/wp-json\/wp\/v2\/media?parent=7159"}],"wp:term":[{"taxonomy":"product_brand","embeddable":true,"href":"https:\/\/innoseal.shop\/de\/wp-json\/wp\/v2\/product_brand?post=7159"},{"taxonomy":"product_cat","embeddable":true,"href":"https:\/\/innoseal.shop\/de\/wp-json\/wp\/v2\/product_cat?post=7159"},{"taxonomy":"product_tag","embeddable":true,"href":"https:\/\/innoseal.shop\/de\/wp-json\/wp\/v2\/product_tag?post=7159"}],"curies":[{"name":"wp","href":"https:\/\/api.w.org\/{rel}","templated":true}]}}