{"id":7161,"date":"2022-04-04T15:09:21","date_gmt":"2022-04-04T13:09:21","guid":{"rendered":"https:\/\/innoseal.shop\/product\/innoseal-l-service-set\/"},"modified":"2024-05-28T09:56:36","modified_gmt":"2024-05-28T07:56:36","slug":"innoseal-l-service-set","status":"publish","type":"product","link":"https:\/\/innoseal.shop\/de\/product\/innoseal-l-service-set\/","title":{"rendered":"Innoseal L-Service Set"},"content":{"rendered":"<p><strong>Vorteile<\/strong><br \/>\n<em class=\"red\">Genie\u00dfen Sie besseren Service, l\u00e4nger<\/em><\/p>\n<ul>\n<li><strong>Nur f\u00fcr den L-Versiegeler geeignet<\/strong>. Wenn Sie sich nicht sicher sind, <a href=\"https:\/\/innoseal.shop\/de\/contactnow\/\">kontaktieren<\/a> Sie uns bitte!<\/li>\n<li>Ein vollst\u00e4ndiges Set, um die internen Werkzeuge Ihres Versieglers zu ersetzen.<\/li>\n<li>Mithilfe dieser Ersatzteile k\u00f6nnen fehlende oder defekte Elemente problemlos ausgetauscht werden.<\/li>\n<li>Diese losen Teile sind so konzipiert, dass sie einwandfrei funktionieren, und das Service-Set gew\u00e4hrleistet jederzeit die beste Funktionsweise des Versieglers.<\/li>\n<li>Auch f\u00fcr die <a href=\"https:\/\/innoseal.shop\/de\/product\/innoseal-classic-sealer\/\">Standard-Versiegeler<\/a> erh\u00e4ltlich.<\/li>\n<\/ul>\n<p><strong>Spezifikationen:<\/strong><br \/>\nSKU: 3015<\/p>\n<p><em>*Die Preise verstehen sich exklusive Mehrwertsteuer oder andere Steuern, Transportkosten, Ausfuhr- und Einfuhrz\u00f6lle usw. Fragen Sie uns nach Einzelheiten.<\/em><\/p>\n","protected":false},"excerpt":{"rendered":"<p>Das L-Service Set von Innoseal ist als Notfallset gedacht, falls nach dem Waschen eines der internen Teile des <a href=\"https:\/\/innoseal.shop\/de\/product\/innoseal-l-sealer\/\">L-Versieglers<\/a> verloren gehen sollte. Das L-Service-Set besteht aus einem gro\u00dfen Messerhalter, einer Bremse, zwei Schrauben, einer Metallunterlegscheibe und einem gro\u00dfen Speichenrad. Dieses gro\u00dfe Service-Set ist ma\u00dfgeschneidert f\u00fcr die gro\u00dfen Innoseal-Versiegler.<\/p>\n<p>&nbsp;<\/p>\n<p>&nbsp;<\/p>\n<p>&nbsp;<\/p>\n<p>&nbsp;<\/p>\n<p>&nbsp;<\/p>\n<p>&nbsp;<\/p>\n","protected":false},"featured_media":6202,"comment_status":"closed","ping_status":"closed","template":"","meta":{"_acf_changed":false,"inline_featured_image":false,"jetpack_publicize_message":"","jetpack_publicize_feature_enabled":true,"jetpack_social_post_already_shared":false,"jetpack_social_options":{"image_generator_settings":{"template":"highway","default_image_id":0,"font":"","enabled":false},"version":2}},"product_brand":[],"product_cat":[179],"product_tag":[169],"class_list":{"0":"post-7161","1":"product","2":"type-product","3":"status-publish","4":"has-post-thumbnail","6":"product_cat-accessories-de","7":"product_tag-prices-exclude-vat-or-other-taxes-transport-etc-de","9":"first","10":"instock","11":"taxable","12":"shipping-taxable","13":"purchasable","14":"product-type-simple"},"acf":[],"jetpack_publicize_connections":[],"jetpack_sharing_enabled":true,"tiered_pricing_type":"fixed","tiered_pricing_fixed_rules":[],"tiered_pricing_product_settings":{"layout":"default","base_unit_name":{"singular":null,"plural":null},"default_variation":null},"tiered_pricing_minimum_quantity":null,"tiered_pricing_roles_data":[],"tiered_pricing_percentage_rules":[],"_links":{"self":[{"href":"https:\/\/innoseal.shop\/de\/wp-json\/wp\/v2\/product\/7161","targetHints":{"allow":["GET"]}}],"collection":[{"href":"https:\/\/innoseal.shop\/de\/wp-json\/wp\/v2\/product"}],"about":[{"href":"https:\/\/innoseal.shop\/de\/wp-json\/wp\/v2\/types\/product"}],"replies":[{"embeddable":true,"href":"https:\/\/innoseal.shop\/de\/wp-json\/wp\/v2\/comments?post=7161"}],"wp:featuredmedia":[{"embeddable":true,"href":"https:\/\/innoseal.shop\/de\/wp-json\/wp\/v2\/media\/6202"}],"wp:attachment":[{"href":"https:\/\/innoseal.shop\/de\/wp-json\/wp\/v2\/media?parent=7161"}],"wp:term":[{"taxonomy":"product_brand","embeddable":true,"href":"https:\/\/innoseal.shop\/de\/wp-json\/wp\/v2\/product_brand?post=7161"},{"taxonomy":"product_cat","embeddable":true,"href":"https:\/\/innoseal.shop\/de\/wp-json\/wp\/v2\/product_cat?post=7161"},{"taxonomy":"product_tag","embeddable":true,"href":"https:\/\/innoseal.shop\/de\/wp-json\/wp\/v2\/product_tag?post=7161"}],"curies":[{"name":"wp","href":"https:\/\/api.w.org\/{rel}","templated":true}]}}