{"id":7162,"date":"2022-04-06T10:51:45","date_gmt":"2022-04-06T08:51:45","guid":{"rendered":"https:\/\/innoseal.shop\/product\/standard-starters-kit\/"},"modified":"2023-08-29T14:53:57","modified_gmt":"2023-08-29T12:53:57","slug":"standard-starters-kit","status":"publish","type":"product","link":"https:\/\/innoseal.shop\/de\/product\/standard-starters-kit\/","title":{"rendered":"Standard Starter-Kit"},"content":{"rendered":"<p><span style=\"color: #d32d16;\"><em>Man erkennt einen guten Tag an der Versiegelung<\/em><\/span><\/p>\n<ul>\n<li>Eine wirtschaftliche Wahl aufgrund der lebenslangen Haltbarkeit des Versieglers und der kompakten Nachf\u00fcllrollen mit ca. 850* Verschl\u00fcssen pro Set.<\/li>\n<li>Genie\u00dfen Sie Innoseal sofort mit einem einsatzbereiten Set.<\/li>\n<li>W\u00e4hlen Sie Ihre Kombination aus einem Standard-Versiegeler mit 28 Nachf\u00fcll-Sets.<\/li>\n<\/ul>\n<p><strong>Versiegler<\/strong><\/p>\n<ul>\n<li><strong>Vorbeladen<\/strong>, Sie erhalten einen Versiegeler, der bereits mit einer Rolle Klebeband (frei von PVC) und einer Rolle Papier gef\u00fcllt ist.<\/li>\n<li><strong>Kein Aufwand mit der Montage<\/strong>, das gesamte Beutelverschlusssystem wird bereits montiert zu Ihnen geliefert, sodass Sie nichts weiter tun m\u00fcssen, als es dort zu platzieren, wo Sie denken, dass es sich am besten entfalten wird.<\/li>\n<li><strong>Rostfrei<\/strong>, der Versiegeler ist leicht zu reinigen und sp\u00fclmaschinengeeignet.<\/li>\n<li>Der Versiegeler <strong>l\u00e4sst sich m\u00fchelos \u00f6ffnen<\/strong> und kann problemlos nachgeladen werden.<\/li>\n<li>Der Versiegeler kann <strong>Frost, Hitze und feuchten Umgebungen widerstehen<\/strong>.<\/li>\n<li>6 mm Schlitz.<\/li>\n<\/ul>\n<p><strong>Nachf\u00fcllung<\/strong><\/p>\n<ul>\n<li><strong>Keine Erstickungsgefahr<\/strong>. Sicher f\u00fcr Kinder und \u00e4ltere Menschen, ohne Erstickungsgefahr, wenn sie versehentlich verschluckt werden.<\/li>\n<li><strong>Leicht zu \u00f6ffnen<\/strong>. Die Worte &#8218;Drehen und Ziehen&#8216; auf dem Verschluss geben Anweisungen, wie man \u00f6ffnet.<\/li>\n<li>Sie k\u00f6nnen leicht erkennen, ob es einen Riss oder eine Besch\u00e4digung im Papier der Versiegelung gibt (<strong>Manipulationssicherheit<\/strong>).<\/li>\n<li>Sie k\u00f6nnen Ihren Beutel h\u00e4ufiger schlie\u00dfen, da der <strong>wiederverwendbare<\/strong> Verschluss dies erm\u00f6glicht.<\/li>\n<li>Die <strong>luftdichte<\/strong> Versiegelung h\u00e4lt Ihr Produkt frisch.<\/li>\n<li><strong>Klebeband ohne PVC<\/strong>.<\/li>\n<li><strong>7-Farben-Palette<\/strong>, um ein Farbcode-System mit der Multicolor-Option zu verwenden und Ihre Produkte zu organisieren, oder eine Unicolor-L\u00f6sung (eine Farbe), um Ihre Versiegelungen schnell erkennbar zu machen.<\/li>\n<\/ul>\n<p>*abh\u00e4ngig von der Dicke des Halses des Beutels<\/p>\n","protected":false},"excerpt":{"rendered":"<p>Mit guten Grundlagen hast du endlose M\u00f6glichkeiten. W\u00e4hlen Sie einen unserer Standard-Versiegeler und erhalten Sie ihn in dieser kompakten Option mit 28 Nachf\u00fcll-Sets. Machen Sie etwa 23.800 Verschl\u00fcsse, ohne jemals m\u00fcde zu werden!<\/p>\n","protected":false},"featured_media":6214,"comment_status":"closed","ping_status":"closed","template":"","meta":{"_acf_changed":false,"inline_featured_image":false,"jetpack_publicize_message":"","jetpack_publicize_feature_enabled":true,"jetpack_social_post_already_shared":false,"jetpack_social_options":{"image_generator_settings":{"template":"highway","default_image_id":0,"font":"","enabled":false},"version":2}},"product_brand":[],"product_cat":[183],"product_tag":[169],"class_list":{"0":"post-7162","1":"product","2":"type-product","3":"status-publish","4":"has-post-thumbnail","6":"product_cat-bundles-de","7":"product_tag-prices-exclude-vat-or-other-taxes-transport-etc-de","9":"first","10":"instock","11":"taxable","12":"shipping-taxable","13":"purchasable","14":"product-type-yith_bundle"},"acf":[],"jetpack_publicize_connections":[],"jetpack_sharing_enabled":true,"tiered_pricing_type":"fixed","tiered_pricing_fixed_rules":[],"tiered_pricing_product_settings":{"layout":"default","base_unit_name":{"singular":null,"plural":null},"default_variation":null},"tiered_pricing_minimum_quantity":null,"tiered_pricing_roles_data":[],"tiered_pricing_percentage_rules":[],"_links":{"self":[{"href":"https:\/\/innoseal.shop\/de\/wp-json\/wp\/v2\/product\/7162","targetHints":{"allow":["GET"]}}],"collection":[{"href":"https:\/\/innoseal.shop\/de\/wp-json\/wp\/v2\/product"}],"about":[{"href":"https:\/\/innoseal.shop\/de\/wp-json\/wp\/v2\/types\/product"}],"replies":[{"embeddable":true,"href":"https:\/\/innoseal.shop\/de\/wp-json\/wp\/v2\/comments?post=7162"}],"wp:featuredmedia":[{"embeddable":true,"href":"https:\/\/innoseal.shop\/de\/wp-json\/wp\/v2\/media\/6214"}],"wp:attachment":[{"href":"https:\/\/innoseal.shop\/de\/wp-json\/wp\/v2\/media?parent=7162"}],"wp:term":[{"taxonomy":"product_brand","embeddable":true,"href":"https:\/\/innoseal.shop\/de\/wp-json\/wp\/v2\/product_brand?post=7162"},{"taxonomy":"product_cat","embeddable":true,"href":"https:\/\/innoseal.shop\/de\/wp-json\/wp\/v2\/product_cat?post=7162"},{"taxonomy":"product_tag","embeddable":true,"href":"https:\/\/innoseal.shop\/de\/wp-json\/wp\/v2\/product_tag?post=7162"}],"curies":[{"name":"wp","href":"https:\/\/api.w.org\/{rel}","templated":true}]}}