{"id":7166,"date":"2022-05-10T11:02:05","date_gmt":"2022-05-10T09:02:05","guid":{"rendered":"https:\/\/innoseal.shop\/product\/standard-sealer\/"},"modified":"2023-08-21T10:49:49","modified_gmt":"2023-08-21T08:49:49","slug":"standard-sealer","status":"publish","type":"product","link":"https:\/\/innoseal.shop\/de\/product\/standard-sealer\/","title":{"rendered":"Standard-Versiegeler"},"content":{"rendered":"<p><sup>1<\/sup><em>Die Preise verstehen sich exklusive Mehrwertsteuer oder andere Steuern, Transportkosten, Ausfuhr- und Einfuhrz\u00f6lle usw. Fragen Sie uns nach Einzelheiten.<\/em><\/p>\n","protected":false},"excerpt":{"rendered":"<ul>\n<li><span style=\"text-decoration: underline\">Klassischer Versiegeler<\/span>, komplett wei\u00df f\u00fcr ein gr\u00f6\u00dferes Gef\u00fchl von Ordnung und Sauberkeit im \u00c4u\u00dferen.<\/li>\n<li><span style=\"text-decoration: underline\">Clear Versiegeler<\/span>, mit einem durchsichtigen Deckel f\u00fcr einen schnellen Blick auf den Status der Nachf\u00fcllung.<\/li>\n<li><span style=\"text-decoration: underline\">RE-Versiegeler<\/span>, zu 100% aus recycelten Materialien hergestellt, in seinem schwarzen und modernen Look, w\u00e4hlen Sie unsere umweltfreundlichste Option zum Versiegeln.<\/li>\n<\/ul>\n<p>&nbsp;<\/p>\n","protected":false},"featured_media":5898,"comment_status":"closed","ping_status":"closed","template":"","meta":{"_acf_changed":false,"inline_featured_image":false,"jetpack_publicize_message":"","jetpack_publicize_feature_enabled":true,"jetpack_social_post_already_shared":false,"jetpack_social_options":{"image_generator_settings":{"template":"highway","default_image_id":0,"font":"","enabled":false},"version":2}},"product_brand":[],"product_cat":[183],"product_tag":[169],"class_list":{"0":"post-7166","1":"product","2":"type-product","3":"status-publish","4":"has-post-thumbnail","6":"product_cat-bundles-de","7":"product_tag-prices-exclude-vat-or-other-taxes-transport-etc-de","8":"pa_color-black-with-transparent-lid-de","9":"pa_color-white-de","10":"pa_color-white-with-transparent-lid-de","12":"first","13":"instock","14":"taxable","15":"shipping-taxable","16":"purchasable","17":"product-type-variable"},"acf":[],"jetpack_publicize_connections":[],"jetpack_sharing_enabled":true,"tiered_pricing_type":"fixed","tiered_pricing_fixed_rules":[],"tiered_pricing_product_settings":{"layout":"default","base_unit_name":{"singular":null,"plural":null},"default_variation":null},"tiered_pricing_minimum_quantity":null,"tiered_pricing_roles_data":[],"tiered_pricing_percentage_rules":[],"_links":{"self":[{"href":"https:\/\/innoseal.shop\/de\/wp-json\/wp\/v2\/product\/7166","targetHints":{"allow":["GET"]}}],"collection":[{"href":"https:\/\/innoseal.shop\/de\/wp-json\/wp\/v2\/product"}],"about":[{"href":"https:\/\/innoseal.shop\/de\/wp-json\/wp\/v2\/types\/product"}],"replies":[{"embeddable":true,"href":"https:\/\/innoseal.shop\/de\/wp-json\/wp\/v2\/comments?post=7166"}],"wp:featuredmedia":[{"embeddable":true,"href":"https:\/\/innoseal.shop\/de\/wp-json\/wp\/v2\/media\/5898"}],"wp:attachment":[{"href":"https:\/\/innoseal.shop\/de\/wp-json\/wp\/v2\/media?parent=7166"}],"wp:term":[{"taxonomy":"product_brand","embeddable":true,"href":"https:\/\/innoseal.shop\/de\/wp-json\/wp\/v2\/product_brand?post=7166"},{"taxonomy":"product_cat","embeddable":true,"href":"https:\/\/innoseal.shop\/de\/wp-json\/wp\/v2\/product_cat?post=7166"},{"taxonomy":"product_tag","embeddable":true,"href":"https:\/\/innoseal.shop\/de\/wp-json\/wp\/v2\/product_tag?post=7166"}],"curies":[{"name":"wp","href":"https:\/\/api.w.org\/{rel}","templated":true}]}}