{"id":7170,"date":"2022-04-06T09:31:32","date_gmt":"2022-04-06T07:31:32","guid":{"rendered":"https:\/\/innoseal.shop\/product\/large-starters-kit\/"},"modified":"2023-10-02T08:56:56","modified_gmt":"2023-10-02T06:56:56","slug":"large-starters-kit","status":"publish","type":"product","link":"https:\/\/innoseal.shop\/de\/product\/large-starters-kit\/","title":{"rendered":"Gro\u00dfes Starter-Kit"},"content":{"rendered":"<p><span style=\"color: #d32d16;\"><em>Keine Grenzen f\u00fcr das Verschlie\u00dfbare<\/em><\/span><\/p>\n<ul>\n<li>W\u00e4hlen Sie wirtschaftlich. Die lebenslange Haltbarkeit des Versieglers und die kompakten Nachf\u00fcllrollen mit ca. 700* Verschl\u00fcssen pro Set werden Ihnen Geld und Zeit sparen.<\/li>\n<li>W\u00e4hlen Sie, was Ihnen am meisten gef\u00e4llt! Kombinieren Sie einen unserer L-Versiegeler mit 28 Nachf\u00fcll-Sets, um Ihnen den R\u00fccken zu st\u00e4rken.<\/li>\n<\/ul>\n<p><strong>Versiegeler<\/strong><\/p>\n<ul>\n<li>Ein Rolle Klebeband (ohne PVC) und eine Rolle Papier sind bereits im Versiegeler enthalten.<\/li>\n<li><strong>Keine Montage erforderlich<\/strong>, das Beutelverschlusssystem ist sofort einsatzbereit, sobald Sie es aus der Verpackung nehmen.<\/li>\n<li><strong>Rostfrei<\/strong>. Die Reinigung des Versieglers mit Wasser oder in der Sp\u00fclmaschine ist v\u00f6llig sicher und es besteht keine Gefahr von Besch\u00e4digungen.<\/li>\n<li>Der Versiegeler<strong> \u00f6ffnet sich m\u00fchelos<\/strong> und neue Nachf\u00fcllungen k\u00f6nnen problemlos geladen werden.<\/li>\n<li>Der Versiegeler kann sich seiner Widerstandsf\u00e4higkeit gegen <strong>Frost, Hitze und feuchte Umgebungen r\u00fchmen<\/strong>.<\/li>\n<li><strong>Durchsichtiger Deckel<\/strong>, Sie k\u00f6nnen leicht erkennen, wann Sie neue Nachf\u00fcllungen ben\u00f6tigen.<\/li>\n<li>Mit dem 12 mm Schlitz k\u00f6nnen Sie problemlos alle Arten von Beuteln verschlie\u00dfen.<\/li>\n<\/ul>\n<p><strong>Nachf\u00fcllung<\/strong><\/p>\n<ul>\n<li>Kinder und \u00e4ltere Menschen laufen keine Gefahr, bei Verschlucken des Klebebands innere Sch\u00e4den zu erleiden.<\/li>\n<li>Die Verschl\u00fcsse <strong>\u00f6ffnen sich im Handumdrehen<\/strong> mit den Anweisungen auf dem Papier: &#8218;Twist &amp; Pull&#8216; (&#8218;Drehen und Ziehen&#8216;).<\/li>\n<li>Sie k\u00f6nnen leicht erkennen, ob die Versiegelung zuvor ge\u00f6ffnet wurde, da das Papier einen Riss aufweist (<strong>Manipulationssicherheit<\/strong>).<\/li>\n<li>Sie k\u00f6nnen Ihren Beutel so oft verschlie\u00dfen, wie Sie m\u00f6chten, mit dem <strong>wiederverwendbaren<\/strong> Verschluss.<\/li>\n<li>Der Verschluss ist <strong>luftdicht<\/strong>, um Ihre Produkte jederzeit frisch und sicher zu halten.<\/li>\n<li><strong>Klebeband ohne PVC.<\/strong><\/li>\n<li>Mit der <strong>7-Farben-Palette<\/strong> ist es m\u00f6glich, ein Farbcode-System zu verwenden. Sie ist auch in Unicolor (eine Farbe) erh\u00e4ltlich, um beispielsweise zu Ihrer Unternehmensidentit\u00e4t zu passen.<\/li>\n<li><strong>L\u00e4ngere Laschen<\/strong> dieser Verschl\u00fcsse machen das \u00d6ffnen leicht und unkompliziert, selbst f\u00fcr \u00e4ltere Menschen!<\/li>\n<\/ul>\n<p>*H\u00e4ngt von der Dicke des Halses des Beutels ab<\/p>\n<p><sup>1<\/sup><em>Die Preise verstehen sich exklusive Mehrwertsteuer oder andere Steuern, Transportkosten, Ausfuhr- und Einfuhrz\u00f6lle usw. Fragen Sie uns nach Einzelheiten.<\/em><\/p>\n","protected":false},"excerpt":{"rendered":"<p>Das Beste von Innoseal, um Ihre Versiegelungen au\u00dfergew\u00f6hnlich zu machen! Die vielseitigsten Versiegeler in unserem Sortiment: L-Versiegeler (rot oder grau) in Kombination mit den 28 Nachf\u00fcll-Sets aus Klebeband und Papier. \u00dcberschreiten Sie die Grenzen und verschlie\u00dfen Sie alle Arten von Beutelmaterialien wie Papier, dicke Plastikfolie, Netzstoff usw.<\/p>\n","protected":false},"featured_media":6216,"comment_status":"closed","ping_status":"closed","template":"","meta":{"_acf_changed":false,"inline_featured_image":false,"jetpack_publicize_message":"","jetpack_publicize_feature_enabled":true,"jetpack_social_post_already_shared":false,"jetpack_social_options":{"image_generator_settings":{"template":"highway","default_image_id":0,"font":"","enabled":false},"version":2}},"product_brand":[],"product_cat":[183],"product_tag":[169],"class_list":{"0":"post-7170","1":"product","2":"type-product","3":"status-publish","4":"has-post-thumbnail","6":"product_cat-bundles-de","7":"product_tag-prices-exclude-vat-or-other-taxes-transport-etc-de","9":"first","10":"instock","11":"taxable","12":"shipping-taxable","13":"purchasable","14":"product-type-yith_bundle"},"acf":[],"jetpack_publicize_connections":[],"jetpack_sharing_enabled":true,"tiered_pricing_type":"fixed","tiered_pricing_fixed_rules":[],"tiered_pricing_product_settings":{"layout":"default","base_unit_name":{"singular":null,"plural":null},"default_variation":null},"tiered_pricing_minimum_quantity":null,"tiered_pricing_roles_data":[],"tiered_pricing_percentage_rules":[],"_links":{"self":[{"href":"https:\/\/innoseal.shop\/de\/wp-json\/wp\/v2\/product\/7170","targetHints":{"allow":["GET"]}}],"collection":[{"href":"https:\/\/innoseal.shop\/de\/wp-json\/wp\/v2\/product"}],"about":[{"href":"https:\/\/innoseal.shop\/de\/wp-json\/wp\/v2\/types\/product"}],"replies":[{"embeddable":true,"href":"https:\/\/innoseal.shop\/de\/wp-json\/wp\/v2\/comments?post=7170"}],"wp:featuredmedia":[{"embeddable":true,"href":"https:\/\/innoseal.shop\/de\/wp-json\/wp\/v2\/media\/6216"}],"wp:attachment":[{"href":"https:\/\/innoseal.shop\/de\/wp-json\/wp\/v2\/media?parent=7170"}],"wp:term":[{"taxonomy":"product_brand","embeddable":true,"href":"https:\/\/innoseal.shop\/de\/wp-json\/wp\/v2\/product_brand?post=7170"},{"taxonomy":"product_cat","embeddable":true,"href":"https:\/\/innoseal.shop\/de\/wp-json\/wp\/v2\/product_cat?post=7170"},{"taxonomy":"product_tag","embeddable":true,"href":"https:\/\/innoseal.shop\/de\/wp-json\/wp\/v2\/product_tag?post=7170"}],"curies":[{"name":"wp","href":"https:\/\/api.w.org\/{rel}","templated":true}]}}