{"id":7172,"date":"2022-04-06T08:35:43","date_gmt":"2022-04-06T06:35:43","guid":{"rendered":"https:\/\/innoseal.shop\/product\/standard-kit\/"},"modified":"2023-08-23T11:54:39","modified_gmt":"2023-08-23T09:54:39","slug":"standard-kit","status":"publish","type":"product","link":"https:\/\/innoseal.shop\/de\/product\/standard-kit\/","title":{"rendered":"Standard-Kit"},"content":{"rendered":"<p><span style=\"color: #d32d16\"><em>Ein Kit, eine Bewegung, NULL AUFWAND<\/em><\/span><\/p>\n<ul>\n<li>Die lebenslange Haltbarkeit des Versiegelungsger\u00e4ts und der kompakten Nachf\u00fcllrollen mit ca. 850* Verschl\u00fcssen pro Set machen dieses Kit zur wirtschaftlichsten Wahl f\u00fcr Ihr Unternehmen.<\/li>\n<li>Die Gelegenheit, eine unserer Standard-Versiegelungsmaschinen in Kombination mit einer gro\u00dfen Menge an Nachf\u00fcllsets zu nutzen, um Ihren Laden bereit zum Versiegeln zu machen und nie unvorbereitet zu sein.<\/li>\n<\/ul>\n<p><strong>Versiegler<\/strong><\/p>\n<ul>\n<li>Der Versiegler <strong>wird vorgeladen zu Ihnen kommen<\/strong>, mit einer Nachf\u00fcllung aus Band (frei von PVC) und Papier bereits darin.<\/li>\n<li>Der Versiegler ist<strong> bereits montiert<\/strong>. Das Einzige, was Sie tun m\u00fcssen, ist zu entscheiden, wo Sie ihn platzieren m\u00f6chten.<\/li>\n<li>Der Versiegler f\u00fcrchtet kein Wasser. Er ist leicht zu reinigen und sp\u00fclmaschinengeeignet, was ihn <strong>rostfrei<\/strong> macht.<\/li>\n<li>Der Versiegler l\u00e4sst sich bequem \u00f6ffnen und kann schnell nachgeladen werden.<\/li>\n<li>Der Versiegler arbeitet auch in <strong>frostigen<\/strong>, <strong>hei\u00dfen<\/strong> und <strong>feuchten Umgebungen effizient weiter<\/strong>.<\/li>\n<li>6 mm Schlitz.<\/li>\n<\/ul>\n<p><strong>Nachf\u00fcllung<\/strong><\/p>\n<ul>\n<li><strong>Schluckfrei<\/strong>. Das Band besch\u00e4digt keine inneren K\u00f6rperteile, wenn es verschluckt wird.<\/li>\n<li>Die Worte &#8222;<strong>Twist &amp; Pull<\/strong>&#8220; (&#8222;Drehen und Ziehen&#8220;) auf dem Verschluss geben Anweisungen, wie er ge\u00f6ffnet wird, und das <strong>macht es leicht zu erledigen.<\/strong><\/li>\n<li><strong>Manipulationssicher<\/strong>. Der Papierbestandteil des Siegels ist auch daf\u00fcr da, Ihnen zu versichern, dass niemand die Tasche vor Ihnen ge\u00f6ffnet hat.<\/li>\n<li>Der Verschluss ist <strong>wiederverwendbar<\/strong> und kann mehrmals geschlossen werden.<\/li>\n<li>Das Siegel wurde entwickelt, um Ihre Produkte dank seines <strong>luftdichten<\/strong> Verschlusses sicher und frisch zu halten.<\/li>\n<li>Band <strong>ohne PVC.<\/strong><\/li>\n<li>Es ist m\u00f6glich, zwischen einer Multicolor- oder einer Unicolor (einfarbigen) Papierrolle zu w\u00e4hlen, die in 7 verschiedenen Farben erh\u00e4ltlich ist und nach Belieben verwendet werden kann.<\/li>\n<\/ul>\n<p><sup><span style=\"font-size: 14px\">*Abh\u00e4ngig von der Dicke des Halses der Tasche.<\/span><\/sup><\/p>\n<p><sup>1<\/sup><em>Die Preise verstehen sich exklusive Mehrwertsteuer oder andere Steuern, Transportkosten, Ausfuhr- und Einfuhrz\u00f6lle usw. Fragen Sie uns nach Einzelheiten.<\/em><\/p>\n","protected":false},"excerpt":{"rendered":"<p>Unsere beiden meistverkauften Produkte kombiniert. Ausreichend Nachf\u00fcllungen f\u00fcr unbegrenztes Versiegeln und ein Standard-Versiegler, der bis zu 70% der auf dem Markt erh\u00e4ltlichen Taschen verschlie\u00dfen kann.<\/p>\n","protected":false},"featured_media":6212,"comment_status":"closed","ping_status":"closed","template":"","meta":{"_acf_changed":false,"inline_featured_image":false,"jetpack_publicize_message":"","jetpack_publicize_feature_enabled":true,"jetpack_social_post_already_shared":false,"jetpack_social_options":{"image_generator_settings":{"template":"highway","default_image_id":0,"font":"","enabled":false},"version":2}},"product_brand":[],"product_cat":[183],"product_tag":[169],"class_list":{"0":"post-7172","1":"product","2":"type-product","3":"status-publish","4":"has-post-thumbnail","6":"product_cat-bundles-de","7":"product_tag-prices-exclude-vat-or-other-taxes-transport-etc-de","9":"first","10":"instock","11":"taxable","12":"shipping-taxable","13":"purchasable","14":"product-type-yith_bundle"},"acf":[],"jetpack_publicize_connections":[],"jetpack_sharing_enabled":true,"tiered_pricing_type":"fixed","tiered_pricing_fixed_rules":[],"tiered_pricing_product_settings":{"layout":"default","base_unit_name":{"singular":null,"plural":null},"default_variation":null},"tiered_pricing_minimum_quantity":null,"tiered_pricing_roles_data":[],"tiered_pricing_percentage_rules":[],"_links":{"self":[{"href":"https:\/\/innoseal.shop\/de\/wp-json\/wp\/v2\/product\/7172","targetHints":{"allow":["GET"]}}],"collection":[{"href":"https:\/\/innoseal.shop\/de\/wp-json\/wp\/v2\/product"}],"about":[{"href":"https:\/\/innoseal.shop\/de\/wp-json\/wp\/v2\/types\/product"}],"replies":[{"embeddable":true,"href":"https:\/\/innoseal.shop\/de\/wp-json\/wp\/v2\/comments?post=7172"}],"wp:featuredmedia":[{"embeddable":true,"href":"https:\/\/innoseal.shop\/de\/wp-json\/wp\/v2\/media\/6212"}],"wp:attachment":[{"href":"https:\/\/innoseal.shop\/de\/wp-json\/wp\/v2\/media?parent=7172"}],"wp:term":[{"taxonomy":"product_brand","embeddable":true,"href":"https:\/\/innoseal.shop\/de\/wp-json\/wp\/v2\/product_brand?post=7172"},{"taxonomy":"product_cat","embeddable":true,"href":"https:\/\/innoseal.shop\/de\/wp-json\/wp\/v2\/product_cat?post=7172"},{"taxonomy":"product_tag","embeddable":true,"href":"https:\/\/innoseal.shop\/de\/wp-json\/wp\/v2\/product_tag?post=7172"}],"curies":[{"name":"wp","href":"https:\/\/api.w.org\/{rel}","templated":true}]}}