{"id":7173,"date":"2022-04-05T09:37:33","date_gmt":"2022-04-05T07:37:33","guid":{"rendered":"https:\/\/innoseal.shop\/product\/large-kit\/"},"modified":"2023-09-22T11:56:48","modified_gmt":"2023-09-22T09:56:48","slug":"large-kit","status":"publish","type":"product","link":"https:\/\/innoseal.shop\/de\/product\/large-kit\/","title":{"rendered":"Gro\u00dfes Kit"},"content":{"rendered":"<p><span style=\"color: #d32d16\"><em>Endlose M\u00f6glichkeiten<\/em><\/span><\/p>\n<ul>\n<li>Der L-Versiegler zusammen mit den 84 Nachf\u00fcllsets ist Ihre wirtschaftliche Wahl f\u00fcr die lebenslange Haltbarkeit der Beutelverschlie\u00dfmaschine und der kompakten Nachf\u00fcllrollen mit ca. 700* Verschl\u00fcssen pro Set.<\/li>\n<li>Au\u00dfergew\u00f6hnliche Kombination eines von Ihnen gew\u00e4hlten L-Versieglers mit 84 Nachf\u00fcllsets. Dies \u00fcberwindet die Grenzen der Beutelmaterialien und der Anzahl der Versiegelungen. Erleben Sie die Vorteile des Innoseal Large Kits, bereit, H\u00f6chstleistungen zu erbringen.<\/li>\n<\/ul>\n<p><strong>Versiegler<\/strong><\/p>\n<ul>\n<li>Der L-Versiegler ist <strong>bereits mit einer Bandrolle<\/strong> (Nicht-PVC) <strong>und einer Papierrolle gef\u00fcllt.<\/strong><\/li>\n<li>Das gesamte Beutelversiegelungssystem ist <strong>bereits montiert<\/strong>, um es sofort einsatzbereit aus der Verpackung zu nehmen.<\/li>\n<li>Die Wartung des L-Versieglers ist ein Kinderspiel. Das Beutelversiegelungssystem l\u00e4sst sich leicht reinigen und ist sp\u00fclmaschinenfest.<\/li>\n<li>M\u00f6chten Sie Ihren Versiegler nachladen? Nichts einfacher! Das Beutelversiegelungssystem \u00f6ffnet sich im Handumdrehen.<\/li>\n<li>Der Versiegler <strong>widersteht Frost, Hitze und Feuchtigkeit.<\/strong><\/li>\n<li><strong>Transparentes Fenster<\/strong>, mit dem Sie schnell \u00fcberpr\u00fcfen k\u00f6nnen, wann es Zeit ist, nachzuf\u00fcllen.<\/li>\n<li>Breiter Schlitz (12 mm), um Taschen aus dickerem Material im Handumdrehen m\u00fchelos zu verschlie\u00dfen.<\/li>\n<\/ul>\n<p><strong>Nachf\u00fcllung<\/strong><\/p>\n<ul>\n<li>Das Band ist sicher f\u00fcr Kinder und \u00e4ltere Menschen im Falle des Verschluckens.<\/li>\n<li>Dank der Kombination aus Band und Papier ist das Siegel <strong>leicht zu \u00f6ffnen<\/strong>, und die Anleitung &#8222;Drehen und Ziehen&#8220; auf dem Papierteil macht es noch einfacher.<\/li>\n<li>Die Verschl\u00fcsse haben <strong>l\u00e4ngere Laschen<\/strong>, was besonders von Ihren \u00e4lteren Kunden und K\u00e4ufern mit Rheuma-Symptomen gesch\u00e4tzt wird!<\/li>\n<li>Die <strong>Manipulationssicherheit<\/strong> wird durch den Papierbestandteil des Siegels gew\u00e4hrleistet. Wenn dort ein Riss ist, hat jemand versucht, es zu \u00f6ffnen.<\/li>\n<li>Verschlie\u00dfen Sie Ihre Tasche immer wieder mit diesem <strong>wiederverwendbaren<\/strong> Band.<\/li>\n<li>Die Verschl\u00fcsse sind <strong>luftdicht<\/strong> verschlie\u00dfbar, um Ihre Produkte frisch und sicher zu halten.<\/li>\n<li>Das Band verwendet alternative Materialien, <strong>die es nicht aus PVC machen.<\/strong><\/li>\n<li>M\u00f6glichkeit, Ihre Produkte mit einem Farbcode-System zu organisieren. Die Papierrollen sind in einer <strong>7-Farben-Palette<\/strong> erh\u00e4ltlich. Sie k\u00f6nnen eine Multicolor-L\u00f6sung oder eine Unicolor (einfarbige) L\u00f6sung w\u00e4hlen, um das Beste f\u00fcr Ihr Gesch\u00e4ft daraus zu machen<\/li>\n<\/ul>\n<p><sup>1<\/sup><em>Die Preise verstehen sich exklusive Mehrwertsteuer oder andere Steuern, Transportkosten, Ausfuhr- und Einfuhrz\u00f6lle usw. Fragen Sie uns nach Einzelheiten.<\/em><\/p>\n","protected":false},"excerpt":{"rendered":"<p>Versiegeln war noch nie so einfach. Ein breiter Schlitz, um Ihren Horizont zu erweitern und unz\u00e4hlige Taschen aus allen Materialien zu verschlie\u00dfen. Dies ist die Wahl f\u00fcr Sie, die Ihren Versiegelungsprozess schnell, reibungslos und ohne Angst vor Nachf\u00fcllmangel gestaltet.<\/p>\n<p>W\u00e4hlen Sie einen L-Versiegler und eine Box mit 84 Nachf\u00fcllsets.<\/p>\n","protected":false},"featured_media":6210,"comment_status":"closed","ping_status":"closed","template":"","meta":{"_acf_changed":false,"inline_featured_image":false,"jetpack_publicize_message":"","jetpack_publicize_feature_enabled":true,"jetpack_social_post_already_shared":false,"jetpack_social_options":{"image_generator_settings":{"template":"highway","default_image_id":0,"font":"","enabled":false},"version":2}},"product_brand":[],"product_cat":[183],"product_tag":[169],"class_list":{"0":"post-7173","1":"product","2":"type-product","3":"status-publish","4":"has-post-thumbnail","6":"product_cat-bundles-de","7":"product_tag-prices-exclude-vat-or-other-taxes-transport-etc-de","9":"first","10":"instock","11":"taxable","12":"shipping-taxable","13":"purchasable","14":"product-type-yith_bundle"},"acf":[],"jetpack_publicize_connections":[],"jetpack_sharing_enabled":true,"tiered_pricing_type":"fixed","tiered_pricing_fixed_rules":[],"tiered_pricing_product_settings":{"layout":"default","base_unit_name":{"singular":null,"plural":null},"default_variation":null},"tiered_pricing_minimum_quantity":null,"tiered_pricing_roles_data":[],"tiered_pricing_percentage_rules":[],"_links":{"self":[{"href":"https:\/\/innoseal.shop\/de\/wp-json\/wp\/v2\/product\/7173","targetHints":{"allow":["GET"]}}],"collection":[{"href":"https:\/\/innoseal.shop\/de\/wp-json\/wp\/v2\/product"}],"about":[{"href":"https:\/\/innoseal.shop\/de\/wp-json\/wp\/v2\/types\/product"}],"replies":[{"embeddable":true,"href":"https:\/\/innoseal.shop\/de\/wp-json\/wp\/v2\/comments?post=7173"}],"wp:featuredmedia":[{"embeddable":true,"href":"https:\/\/innoseal.shop\/de\/wp-json\/wp\/v2\/media\/6210"}],"wp:attachment":[{"href":"https:\/\/innoseal.shop\/de\/wp-json\/wp\/v2\/media?parent=7173"}],"wp:term":[{"taxonomy":"product_brand","embeddable":true,"href":"https:\/\/innoseal.shop\/de\/wp-json\/wp\/v2\/product_brand?post=7173"},{"taxonomy":"product_cat","embeddable":true,"href":"https:\/\/innoseal.shop\/de\/wp-json\/wp\/v2\/product_cat?post=7173"},{"taxonomy":"product_tag","embeddable":true,"href":"https:\/\/innoseal.shop\/de\/wp-json\/wp\/v2\/product_tag?post=7173"}],"curies":[{"name":"wp","href":"https:\/\/api.w.org\/{rel}","templated":true}]}}