{"id":6467,"date":"2022-02-16T11:18:54","date_gmt":"2022-02-16T10:18:54","guid":{"rendered":"https:\/\/innoseal.shop\/product\/innoseal-classic-sealer\/"},"modified":"2024-04-17T14:22:24","modified_gmt":"2024-04-17T12:22:24","slug":"sigillatore-classico-innoseal","status":"publish","type":"product","link":"https:\/\/innoseal.shop\/it\/product\/sigillatore-classico-innoseal\/","title":{"rendered":"Sigillatore classico Innoseal"},"content":{"rendered":"<h4><strong>Vantaggi del sigillatore classico Innoseal\u00a0<\/strong><\/h4>\n<p><em class=\"red\">Raffinato e brillante<\/em><\/p>\n<ul>\n<li><strong>Esterni bianchi<\/strong>, il Classic Sealer (Sigillatore classico) \u00e8 completamente bianco. Oltre a garantire il massimo dell\u2019igiene, il bianco d\u00e0 una massima sensazione di ordine e pulizia.<\/li>\n<li><strong>Pre-caricato<\/strong>, la Sigilla Sacchetti \u00e8 gi\u00e0 caricato con un rotolo di nastro adesivo (Non PVC) e un rotolo di nastro di carta.<\/li>\n<li><strong>Nessuno stress da assemblaggio<\/strong>, l\u2019intero sistema \u00e8 gi\u00e0 assemblato, cosicch\u00e9 non devi fare altro che posizionare il Sigillatore dove \u00e8 pi\u00f9 comodo per te.<\/li>\n<li>Con una fessura di 6 mm, puoi chiudere i tuoi sacchetti in un batter d\u2019occhio.<\/li>\n<li>Il Sigillatore si apre senza sforzi\u00a0 e pu\u00f2 essere facilmente ricaricato.<\/li>\n<li>\u00c8 una <strong>scelta economica<\/strong>, perch\u00e9 la Sigilla Sacchetti ha una garanzia a vita e i rotoli di Ricariche hanno <strong>\u00b1850*<\/strong> chiusure per set (1 set = 1 rotolo di nastro adesivo + 1 rotolo di nastro di carta).<\/li>\n<li><strong>Facile da lavare a mano.<\/strong><\/li>\n<li><strong>Antiruggine<\/strong>, il Sigillatore pu\u00f2 essere lavato in lavastoviglie.<\/li>\n<li>La Sigilla Sacchetti resiste al freddo, al caldo e all\u2019umidit\u00e0 grazie alla sua struttura interamente chiusa.<\/li>\n<li>Lo speciale e innovativo sigillo fatto di nastro adesivo e carta \u00e8 <strong>antimanomissione<\/strong> perch\u00e9 rende subito visibili eventuali strappi in esso.<\/li>\n<li>Questa ingegnosa chiusura \u00e8 <strong>facile da aprire<\/strong>, sulla parte in carta sono stampate le istruzioni \u201cTwist and Pull\u201d, \u201cRuota e Tira\u201d, per aprire le tue buste in un attimo.<\/li>\n<li>Il sigillo \u00e8 <strong>riutilizzabile<\/strong>. Basta attorcigliare il collo della busta e posizionare la chiusura Innoseal intorno ad esso, e potrai goderti il suo contenuto pi\u00f9 tardi.<\/li>\n<li>Il sistema di chiusura dei sacchetti Innoseal crea <strong>sigilli ermetici<\/strong>. In questo modo i prodotti contenuti saranno sempre al sicuro e freschi.<\/li>\n<\/ul>\n<p>* Dipende dallo spessore del collo della busta.<\/p>\n<p><strong>Specifiche:<\/strong><br \/>\nCOD: 2001<br \/>\nDimensioni Sigillatore: 245 mm x 70 mm x 130 mm<br \/>\nDimensione Fessura: 6 mm<br \/>\nPeso: 625 grammi<\/p>\n<table class=\"tg\" style=\"height: 359px\" width=\"426\">\n<thead>\n<tr>\n<th class=\"tg-dg6o\">Quantit\u00e0<\/th>\n<th class=\"tg-dg6o\">Prezzo al pezzo<\/th>\n<th class=\"tg-dg6o\">Totale<\/th>\n<\/tr>\n<\/thead>\n<tbody>\n<tr>\n<td class=\"tg-dg6o\">1<\/td>\n<td class=\"tg-096r\">\u20ac 54,50<\/td>\n<td class=\"tg-096r\">\u20ac 54,50<\/td>\n<\/tr>\n<tr>\n<td class=\"tg-dg6o\">2<\/td>\n<td class=\"tg-096r\">\u20ac 52,50<\/td>\n<td class=\"tg-096r\">\u20ac 105,00<\/td>\n<\/tr>\n<tr>\n<td class=\"tg-dg6o\">3<\/td>\n<td class=\"tg-096r\">\u20ac 52,50<\/td>\n<td class=\"tg-096r\">\u20ac 157,50<\/td>\n<\/tr>\n<tr>\n<td class=\"tg-dg6o\">4<\/td>\n<td class=\"tg-096r\">\u20ac 52,50<\/td>\n<td class=\"tg-096r\">\u20ac 210,00<\/td>\n<\/tr>\n<tr>\n<td class=\"tg-dg6o\">5<\/td>\n<td class=\"tg-096r\">\u20ac\u00a052,50<\/td>\n<td class=\"tg-096r\">\u20ac 262,50<\/td>\n<\/tr>\n<tr>\n<td class=\"tg-dg6o\">6<\/td>\n<td class=\"tg-096r\">\u20ac 49,50<\/td>\n<td class=\"tg-096r\">\u20ac 297,00<\/td>\n<\/tr>\n<tr>\n<td class=\"tg-dg6o\">7<\/td>\n<td class=\"tg-096r\">\u20ac\u00a049,50<\/td>\n<td class=\"tg-096r\">\u20ac 346,50<\/td>\n<\/tr>\n<tr>\n<td class=\"tg-dg6o\">8<\/td>\n<td class=\"tg-096r\">\u20ac 49,50<\/td>\n<td class=\"tg-096r\">\u20ac 396,00<\/td>\n<\/tr>\n<tr>\n<td class=\"tg-dg6o\">9<\/td>\n<td class=\"tg-096r\">\u20ac\u00a049,50<\/td>\n<td class=\"tg-096r\">\u20ac 445,50<\/td>\n<\/tr>\n<tr>\n<td class=\"tg-dg6o\">10<\/td>\n<td class=\"tg-096r\">\u20ac 49,50<\/td>\n<td class=\"tg-096r\">\u20ac 495,00<\/td>\n<\/tr>\n<tr>\n<td class=\"tg-dg6o\">11<\/td>\n<td class=\"tg-096r\">\u20ac 49,50<\/td>\n<td class=\"tg-096r\">\u20ac 544,50<\/td>\n<\/tr>\n<tr>\n<td class=\"tg-dg6o\">12<\/td>\n<td class=\"tg-096r\">\u20ac 43,50<\/td>\n<td class=\"tg-096r\">\u20ac 522,00<\/td>\n<\/tr>\n<\/tbody>\n<\/table>\n<p><sup>1<\/sup><em>I prezzi escludono IVA e altre tasse di trasporto, dazi franco e all&#8217;importazione, ecc. Contattaci per maggiori dettagli.<\/em><\/p>\n","protected":false},"excerpt":{"rendered":"<p>Il Sigillatore classico Innoseal (Classic Sealer) si presenta interamente bianco. Nastro adesivo e carta si uniscono per rendere i tuoi sigilli straordinari! Prova l\u2019ebrezza di sigillare le tue buste in modo veloce, efficace ed igienico grazie al suo design ergo dinamico.<\/p>\n<p>Il Sigillatore \u00e8 gi\u00e0 fornito di un rotolo di nastro adesivo e un rotolo di nastro di carta (precaricato).<\/p>\n","protected":false},"featured_media":6133,"comment_status":"closed","ping_status":"closed","template":"","meta":{"_acf_changed":false,"inline_featured_image":false,"jetpack_publicize_message":"","jetpack_publicize_feature_enabled":true,"jetpack_social_post_already_shared":false,"jetpack_social_options":{"image_generator_settings":{"template":"highway","default_image_id":0,"font":"","enabled":false},"version":2}},"product_brand":[],"product_cat":[132],"product_tag":[133],"class_list":{"0":"post-6467","1":"product","2":"type-product","3":"status-publish","4":"has-post-thumbnail","6":"product_cat-sigillatori-it","7":"product_tag-prices-exclude-vat-or-other-taxes-transport-etc-it","9":"first","10":"instock","11":"taxable","12":"shipping-taxable","13":"purchasable","14":"product-type-simple"},"acf":[],"jetpack_publicize_connections":[],"jetpack_sharing_enabled":true,"tiered_pricing_type":"fixed","tiered_pricing_fixed_rules":{"2":52.5,"6":49.5,"12":43.5},"tiered_pricing_product_settings":{"layout":"default","base_unit_name":{"singular":null,"plural":null},"default_variation":null},"tiered_pricing_minimum_quantity":null,"tiered_pricing_roles_data":[],"tiered_pricing_percentage_rules":[],"_links":{"self":[{"href":"https:\/\/innoseal.shop\/it\/wp-json\/wp\/v2\/product\/6467","targetHints":{"allow":["GET"]}}],"collection":[{"href":"https:\/\/innoseal.shop\/it\/wp-json\/wp\/v2\/product"}],"about":[{"href":"https:\/\/innoseal.shop\/it\/wp-json\/wp\/v2\/types\/product"}],"replies":[{"embeddable":true,"href":"https:\/\/innoseal.shop\/it\/wp-json\/wp\/v2\/comments?post=6467"}],"wp:featuredmedia":[{"embeddable":true,"href":"https:\/\/innoseal.shop\/it\/wp-json\/wp\/v2\/media\/6133"}],"wp:attachment":[{"href":"https:\/\/innoseal.shop\/it\/wp-json\/wp\/v2\/media?parent=6467"}],"wp:term":[{"taxonomy":"product_brand","embeddable":true,"href":"https:\/\/innoseal.shop\/it\/wp-json\/wp\/v2\/product_brand?post=6467"},{"taxonomy":"product_cat","embeddable":true,"href":"https:\/\/innoseal.shop\/it\/wp-json\/wp\/v2\/product_cat?post=6467"},{"taxonomy":"product_tag","embeddable":true,"href":"https:\/\/innoseal.shop\/it\/wp-json\/wp\/v2\/product_tag?post=6467"}],"curies":[{"name":"wp","href":"https:\/\/api.w.org\/{rel}","templated":true}]}}