{"id":6470,"date":"2022-04-04T13:56:36","date_gmt":"2022-04-04T11:56:36","guid":{"rendered":"https:\/\/innoseal.shop\/product\/innoseal-l-sealer\/"},"modified":"2024-04-17T16:14:26","modified_gmt":"2024-04-17T14:14:26","slug":"sigillatore-large-innoseal","status":"publish","type":"product","link":"https:\/\/innoseal.shop\/it\/product\/sigillatore-large-innoseal\/","title":{"rendered":"Sigillatore Large Innoseal"},"content":{"rendered":"<h4><strong>Vantaggi del Sigillatore Large Innoseal<\/strong><\/h4>\n<p><em class=\"red\">Le <em>possibilit\u00e0 sono infinite<\/em><\/em><\/p>\n<ul>\n<li>La <strong>fessura<\/strong> di <strong>12 mm <\/strong>riesce a chiudere facilmente ogni tipo di sacchetto in un batter d\u2019occhio.<\/li>\n<li>Il Sigillatore <strong>si apre senza sforzi<\/strong> e pu\u00f2 essere <strong>ricaricato in modo facile e veloce<\/strong>.<\/li>\n<li><strong>Sportello trasparente, <\/strong>puoi subito controllare se \u00e8 il caso di inserire nuove ricariche.<\/li>\n<li>Il Sigillatore Large ha <strong>gi\u00e0 un set di Ricariche inserito<\/strong>, che consiste di 1 rotolo di nastro adesivo (senza PVC) e 1 rotolo di nastro di carta.<\/li>\n<li>Il sistema di chiusura sacchetti Innoseal <strong>\u00e8 pronto all\u2019uso\u00a0<\/strong>non appena lo ricevi.<\/li>\n<li>Una scelta che ti fa risparmiare! Il Sigillatore dura una vita intera e ogni set di Ricarica ha circa <strong>700* chiusure.<\/strong><\/li>\n<li><strong>Facile da lavare a mano<\/strong>.<\/li>\n<li>La Sigilla Sacchetti \u00e8 pensata per essere <strong>resistente alla ruggine<\/strong> anche se messa in lavastoviglie.<\/li>\n<li>Il Sigillatore non subisce danni se posizionato in ambienti freddi, caldi o umidi. Proprio come i nostri Sigillatori Standard, ma vale a pena ripeterlo.<\/li>\n<li><strong>Linguette pi\u00f9 lunghe<\/strong> che permettono di aprire la chiusura velocemente e senza intoppi, anche per gli anziani o per persone affette da reumatismi.<\/li>\n<li>Il nastro adesivo combinato con la carta creano un sigillo <strong>antimanomissione.<\/strong> Infatti la carta ti permette di controllare se qualcuno ha tentato di aprire la busta prima di te.<\/li>\n<li>La <strong>chiusura Innoseal \u00e8 riutilizzabile<\/strong> per darti la possibilit\u00e0 di godere del contenuto dei tuoi sacchetti quando vuoi tu, senza paura che perdano la loro freschezza originale.<\/li>\n<li>Il sigillo \u00e8 <strong>ermetico<\/strong> per avere prodotti sempre freschi e sicuri.<\/li>\n<\/ul>\n<p>* Dipende dallo spessore del collo della busta<\/p>\n<p><strong>Specifiche:<\/strong><br \/>\nCOD: 2011<br \/>\nDimensioni Sigillatore: 290 mm x 75 mm x 170 mm<br \/>\nDimensioni fessura: 12 mm<br \/>\nPeso: 825 grammi<\/p>\n<table class=\"tg\" style=\"height: 359px;\" width=\"426\">\n<thead>\n<tr>\n<th class=\"tg-dg6o\">Quantit\u00e0<\/th>\n<th class=\"tg-dg6o\">Prezzo al pezzo<\/th>\n<th class=\"tg-dg6o\">Totale<\/th>\n<\/tr>\n<\/thead>\n<tbody>\n<tr>\n<td class=\"tg-dg6o\">1<\/td>\n<td class=\"tg-096r\">\u20ac 65,50<\/td>\n<td class=\"tg-096r\">\u20ac 65,50<\/td>\n<\/tr>\n<tr>\n<td class=\"tg-dg6o\">2<\/td>\n<td class=\"tg-096r\">\u20ac 63,50<\/td>\n<td class=\"tg-096r\">\u20ac 127,00<\/td>\n<\/tr>\n<tr>\n<td class=\"tg-dg6o\">3<\/td>\n<td class=\"tg-096r\">\u20ac 63,50<\/td>\n<td class=\"tg-096r\">\u20ac 190,50<\/td>\n<\/tr>\n<tr>\n<td class=\"tg-dg6o\">4<\/td>\n<td class=\"tg-096r\">\u20ac 63,50<\/td>\n<td class=\"tg-096r\">\u20ac 254,00<\/td>\n<\/tr>\n<tr>\n<td class=\"tg-dg6o\">5<\/td>\n<td class=\"tg-096r\">\u20ac 63,50<\/td>\n<td class=\"tg-096r\">\u20ac 317,50<\/td>\n<\/tr>\n<tr>\n<td class=\"tg-dg6o\">6<\/td>\n<td class=\"tg-096r\">\u20ac 60,50<\/td>\n<td class=\"tg-096r\">\u20ac 363,00<\/td>\n<\/tr>\n<tr>\n<td class=\"tg-dg6o\">7<\/td>\n<td class=\"tg-096r\">\u20ac 60,50<\/td>\n<td class=\"tg-096r\">\u20ac 423,50<\/td>\n<\/tr>\n<tr>\n<td class=\"tg-dg6o\">8<\/td>\n<td class=\"tg-096r\">\u20ac 60,50<\/td>\n<td class=\"tg-096r\">\u20ac 484,00<\/td>\n<\/tr>\n<tr>\n<td class=\"tg-dg6o\">9<\/td>\n<td class=\"tg-096r\">\u20ac 60,50<\/td>\n<td class=\"tg-096r\">\u20ac 544,50<\/td>\n<\/tr>\n<tr>\n<td class=\"tg-dg6o\">10<\/td>\n<td class=\"tg-096r\">\u20ac 60,50<\/td>\n<td class=\"tg-096r\">\u20ac 605,00<\/td>\n<\/tr>\n<tr>\n<td class=\"tg-dg6o\">11<\/td>\n<td class=\"tg-096r\">\u20ac 60,50<\/td>\n<td class=\"tg-096r\">\u20ac 665,50<\/td>\n<\/tr>\n<tr>\n<td class=\"tg-dg6o\">12<\/td>\n<td class=\"tg-096r\">\u20ac 54,50<\/td>\n<td class=\"tg-096r\">\u20ac 654,00<\/td>\n<\/tr>\n<\/tbody>\n<\/table>\n<p>&nbsp;<\/p>\n<p>Per ricevere questo Sigillatore in un kit pronto all&#8217;uso, dai un&#8217;occhiata a questo fantastico affare, <a href=\"https:\/\/innoseal.shop\/product\/innoseal-supersize-kit\/\">qui<\/a>!<\/p>\n<p><sup>1<\/sup><em>I \u00a0prezzi escludono IVA e altre tasse di trasporto, dazi franco e all\u2019importazione, ecc. Contattaci per maggiori dettagli.<\/em><\/p>\n","protected":false},"excerpt":{"rendered":"<p>Grazie al Sigillatore Large Innoseal, o L-Sealer, hai Il meglio di Innoseal\u00ae a portata di mano. Lo straordinario e unico sigillo \u00e8 creato attraverso la fessura di 12 mm che, rispetto alla fessura di 6 mm dei nostri Sigillatori Standard, riesce a chiudere tutti i tipi di sacchetti. Le linguette pi\u00f9 lunghe del sigillo permettono una presa migliore e quindi \u00e8 pi\u00f9 facile da aprire.<\/p>\n<p>Il Sigillatore Large ha al suo interno un set di Ricarica composto a un rotolo di nastro adesivo e un rotolo di nastro di carta (precaricato).<\/p>\n","protected":false},"featured_media":6141,"comment_status":"closed","ping_status":"closed","template":"","meta":{"_acf_changed":false,"inline_featured_image":false,"jetpack_publicize_message":"","jetpack_publicize_feature_enabled":true,"jetpack_social_post_already_shared":false,"jetpack_social_options":{"image_generator_settings":{"template":"highway","default_image_id":0,"font":"","enabled":false},"version":2}},"product_brand":[],"product_cat":[132],"product_tag":[133],"class_list":{"0":"post-6470","1":"product","2":"type-product","3":"status-publish","4":"has-post-thumbnail","6":"product_cat-sigillatori-it","7":"product_tag-prices-exclude-vat-or-other-taxes-transport-etc-it","9":"first","10":"instock","11":"taxable","12":"shipping-taxable","13":"purchasable","14":"product-type-simple"},"acf":[],"jetpack_publicize_connections":[],"jetpack_sharing_enabled":true,"tiered_pricing_type":"fixed","tiered_pricing_fixed_rules":{"2":63.5,"6":60.5,"12":54.5},"tiered_pricing_product_settings":{"layout":"default","base_unit_name":{"singular":null,"plural":null},"default_variation":null},"tiered_pricing_minimum_quantity":null,"tiered_pricing_roles_data":[],"tiered_pricing_percentage_rules":[],"_links":{"self":[{"href":"https:\/\/innoseal.shop\/it\/wp-json\/wp\/v2\/product\/6470","targetHints":{"allow":["GET"]}}],"collection":[{"href":"https:\/\/innoseal.shop\/it\/wp-json\/wp\/v2\/product"}],"about":[{"href":"https:\/\/innoseal.shop\/it\/wp-json\/wp\/v2\/types\/product"}],"replies":[{"embeddable":true,"href":"https:\/\/innoseal.shop\/it\/wp-json\/wp\/v2\/comments?post=6470"}],"wp:featuredmedia":[{"embeddable":true,"href":"https:\/\/innoseal.shop\/it\/wp-json\/wp\/v2\/media\/6141"}],"wp:attachment":[{"href":"https:\/\/innoseal.shop\/it\/wp-json\/wp\/v2\/media?parent=6470"}],"wp:term":[{"taxonomy":"product_brand","embeddable":true,"href":"https:\/\/innoseal.shop\/it\/wp-json\/wp\/v2\/product_brand?post=6470"},{"taxonomy":"product_cat","embeddable":true,"href":"https:\/\/innoseal.shop\/it\/wp-json\/wp\/v2\/product_cat?post=6470"},{"taxonomy":"product_tag","embeddable":true,"href":"https:\/\/innoseal.shop\/it\/wp-json\/wp\/v2\/product_tag?post=6470"}],"curies":[{"name":"wp","href":"https:\/\/api.w.org\/{rel}","templated":true}]}}