{"id":6472,"date":"2022-04-04T15:58:08","date_gmt":"2022-04-04T13:58:08","guid":{"rendered":"https:\/\/innoseal.shop\/product\/innoseal-refill-28-sets\/"},"modified":"2024-10-16T13:40:19","modified_gmt":"2024-10-16T11:40:19","slug":"ricariche-innoseal-da-28-set","status":"publish","type":"product","link":"https:\/\/innoseal.shop\/it\/product\/ricariche-innoseal-da-28-set\/","title":{"rendered":"Ricariche Innoseal da 28 Set"},"content":{"rendered":"<h4>Vantaggi delle Ricariche Innoseal da 28 set<\/h4>\n<p><em class=\"red\">Funzionale e compatto<\/em><\/p>\n<ul>\n<li>Un set di Ricariche consiste in un rotolo di nastro adesivo e un rotolo di nastro di carta. Questa opzione ti permette di avere 28 rotoli di nastro adesivo e 28 rotoli di nastro di carta, quindi un totale di 28 set.<\/li>\n<li><strong>Nessun rischio di soffocamento. <\/strong>Sicuro per tutti, bambini e anziani inclusi.<\/li>\n<li>Le istruzioni \u201cTwist and Pull\u201d (\u201cRuota e Tira\u201d) sono stampate sulla parte in carta della chiusura, in questo modo \u00e8 <strong>super facile aprirla<\/strong>.<\/li>\n<li>La chiusura \u00e8 <strong>antimanomissione<\/strong>, il che significa che puoi trovare subito segni di danneggiamento se c\u2019\u00e8 uno strappo nella carta.<\/li>\n<li>Puoi richiudere i sacchetti per pi\u00f9 volte, perch\u00e9 il sigillo \u00e8 <strong>riutilizzabile<\/strong>. Riavvolgi il colo della busta e riposiziona il sigillo Innoseal intorno ad esso, unisci le due estremit\u00e0 e goditi i prodotti quando vuoi tu.<\/li>\n<li>L\u2019innovativo sigillo Innoseal \u00e8 <strong>ermetico<\/strong>. Tiene lontano lo sporco e mantiene i tuoi prodotti freschi pi\u00f9 a lungo.<\/li>\n<li>Il nastro adesivo \u00e8 <strong>No-PVC<\/strong>. I materiali utilizzati sono la perfetta alternativa al PVC.<\/li>\n<li>Un set di Ricambi (ricariche) ha circa <strong>850<\/strong>* chiusure.<\/li>\n<li>Grazie ai 7 colori disponibili (rosso, giallo, arancione, verde, blu, marrone e nero) \u00e8 possibile optare per una soluzione Multicolor (multicolore- 4 colori) e organizzare i tuoi prodotti come preferisci, seguendo un sistema con un codice a colori, ma puoi anche scegliere una soluzione Unicolor (monocolore), per esempio, per uniformare il colore dei tuoi sigilli all\u2019identit\u00e0 dell\u2019azienda.<\/li>\n<\/ul>\n<p>*Dipende dallo spessore del collo della busta<\/p>\n<p><strong>Specifiche:<\/strong><br \/>\nDimensioni della scatola: 260 mm x 140 mm x 100 mm<br \/>\nPeso: 1500 grammi<\/p>\n<p>COD:<\/p>\n<table style=\"height: 226px;\" width=\"277\">\n<tbody>\n<tr>\n<td>1020:<\/td>\n<td>Multicolor<\/td>\n<\/tr>\n<tr style=\"vertical-align: top;\">\n<td>1021:<\/td>\n<td>Nero<\/td>\n<\/tr>\n<tr style=\"vertical-align: top;\">\n<td>1022:<\/td>\n<td>Blu<\/td>\n<\/tr>\n<tr style=\"vertical-align: top;\">\n<td>1023:<\/td>\n<td>Giallo<\/td>\n<\/tr>\n<tr style=\"vertical-align: top;\">\n<td>1024:<\/td>\n<td>Rosso<\/td>\n<\/tr>\n<tr>\n<td>1025:<\/td>\n<td>Marrone<\/td>\n<\/tr>\n<tr style=\"vertical-align: top;\">\n<td>1026:<\/td>\n<td>Verde<\/td>\n<\/tr>\n<tr style=\"vertical-align: top;\">\n<td>1027:<\/td>\n<td>Arancione<\/td>\n<\/tr>\n<\/tbody>\n<\/table>\n<p>&nbsp;<\/p>\n<table class=\"tg\" style=\"height: 359px;\" width=\"426\">\n<thead>\n<tr>\n<th class=\"tg-dg6o\">Quantit\u00e0<\/th>\n<th class=\"tg-dg6o\">Prezzo al pezzo<\/th>\n<th class=\"tg-dg6o\">Totale<\/th>\n<\/tr>\n<\/thead>\n<tbody>\n<tr>\n<td class=\"tg-dg6o\">1<\/td>\n<td class=\"tg-096r\">\u20ac 75,90<\/td>\n<td class=\"tg-096r\">\u20ac 75,90<\/td>\n<\/tr>\n<tr>\n<td class=\"tg-dg6o\">2<\/td>\n<td class=\"tg-096r\">\u20ac 74,00<\/td>\n<td class=\"tg-096r\">\u20ac 148,00<\/td>\n<\/tr>\n<tr>\n<td class=\"tg-dg6o\">3<\/td>\n<td class=\"tg-096r\">\u20ac 74,00<\/td>\n<td class=\"tg-096r\">\u20ac 222,00<\/td>\n<\/tr>\n<tr>\n<td class=\"tg-dg6o\">4<\/td>\n<td class=\"tg-096r\">\u20ac 74,00<\/td>\n<td class=\"tg-096r\">\u20ac 296,00<\/td>\n<\/tr>\n<tr>\n<td class=\"tg-dg6o\">5<\/td>\n<td class=\"tg-096r\">\u20ac 71,50<\/td>\n<td class=\"tg-096r\">\u20ac 357,50<\/td>\n<\/tr>\n<tr>\n<td class=\"tg-dg6o\">6<\/td>\n<td class=\"tg-096r\">\u20ac 71,50<\/td>\n<td class=\"tg-096r\">\u20ac 429,00<\/td>\n<\/tr>\n<tr>\n<td class=\"tg-dg6o\">7<\/td>\n<td class=\"tg-096r\">\u20ac 71,50<\/td>\n<td class=\"tg-096r\">\u20ac 500,50<\/td>\n<\/tr>\n<tr>\n<td class=\"tg-dg6o\">8<\/td>\n<td class=\"tg-096r\">\u20ac 71,50<\/td>\n<td class=\"tg-096r\">\u20ac 572,00<\/td>\n<\/tr>\n<tr>\n<td class=\"tg-dg6o\">9<\/td>\n<td class=\"tg-096r\">\u20ac 71,50<\/td>\n<td class=\"tg-096r\">\u20ac 643,50<\/td>\n<\/tr>\n<tr>\n<td class=\"tg-dg6o\">10<\/td>\n<td class=\"tg-096r\">\u20ac 62,50<\/td>\n<td class=\"tg-096r\">\u20ac 625,00<\/td>\n<\/tr>\n<\/tbody>\n<\/table>\n<p><sup>1<\/sup><em>I prezzi escludono IVA e altre tasse di trasporto, dazi franco e all\u2019importazione, ecc. Contattaci per maggiori dettagli.<\/em><\/p>\n","protected":false},"excerpt":{"rendered":"<p>Ogni scatola di Ricariche Innoseal da 28 set \u00e8 composta da 28 rotoli di nastro adesivo e 28 rotoli di nastro di carta.\u00a0Ideale per coloro che hanno una piccola azienda, che producono meno di 150 chiusure al giorno, o per chi ha un deposito con limiti di spazio. Scegli il colore che vuoi e la quantit\u00e0 di scatole che preferisci. Il prezzo per un set \u00e8 di soli \u20ac2,23 con circa 850* chiusure!<\/p>\n<p><em>*I prezzi escludono IVA e altre tasse di trasporto, dazi franco e all\u2019importazione, ecc. Contattaci per maggiori dettagli.<\/em><\/p>\n","protected":false},"featured_media":9192,"comment_status":"closed","ping_status":"closed","template":"","meta":{"_acf_changed":false,"inline_featured_image":false,"jetpack_publicize_message":"","jetpack_publicize_feature_enabled":true,"jetpack_social_post_already_shared":false,"jetpack_social_options":{"image_generator_settings":{"template":"highway","default_image_id":0,"font":"","enabled":false},"version":2}},"product_brand":[],"product_cat":[134],"product_tag":[133],"class_list":{"0":"post-6472","1":"product","2":"type-product","3":"status-publish","4":"has-post-thumbnail","6":"product_cat-ricariche-it","7":"product_tag-prices-exclude-vat-or-other-taxes-transport-etc-it","8":"pa_color-orange-it","9":"pa_color-blue-it","10":"pa_color-yellow-it","11":"pa_color-brown-it","12":"pa_color-multicolor-it","13":"pa_color-black-it","14":"pa_color-red-it","15":"pa_color-green-it","17":"first","18":"instock","19":"taxable","20":"shipping-taxable","21":"purchasable","22":"product-type-variable"},"acf":[],"jetpack_publicize_connections":[],"jetpack_sharing_enabled":true,"tiered_pricing_type":"fixed","tiered_pricing_fixed_rules":{"2":80.9},"tiered_pricing_product_settings":{"layout":"default","base_unit_name":{"singular":null,"plural":null},"default_variation":null},"tiered_pricing_minimum_quantity":null,"tiered_pricing_roles_data":[],"tiered_pricing_percentage_rules":[],"_links":{"self":[{"href":"https:\/\/innoseal.shop\/it\/wp-json\/wp\/v2\/product\/6472","targetHints":{"allow":["GET"]}}],"collection":[{"href":"https:\/\/innoseal.shop\/it\/wp-json\/wp\/v2\/product"}],"about":[{"href":"https:\/\/innoseal.shop\/it\/wp-json\/wp\/v2\/types\/product"}],"replies":[{"embeddable":true,"href":"https:\/\/innoseal.shop\/it\/wp-json\/wp\/v2\/comments?post=6472"}],"wp:featuredmedia":[{"embeddable":true,"href":"https:\/\/innoseal.shop\/it\/wp-json\/wp\/v2\/media\/9192"}],"wp:attachment":[{"href":"https:\/\/innoseal.shop\/it\/wp-json\/wp\/v2\/media?parent=6472"}],"wp:term":[{"taxonomy":"product_brand","embeddable":true,"href":"https:\/\/innoseal.shop\/it\/wp-json\/wp\/v2\/product_brand?post=6472"},{"taxonomy":"product_cat","embeddable":true,"href":"https:\/\/innoseal.shop\/it\/wp-json\/wp\/v2\/product_cat?post=6472"},{"taxonomy":"product_tag","embeddable":true,"href":"https:\/\/innoseal.shop\/it\/wp-json\/wp\/v2\/product_tag?post=6472"}],"curies":[{"name":"wp","href":"https:\/\/api.w.org\/{rel}","templated":true}]}}