{"id":6501,"date":"2022-02-16T11:19:39","date_gmt":"2022-02-16T10:19:39","guid":{"rendered":"https:\/\/innoseal.shop\/product\/innoseal-supersize-kit\/"},"modified":"2025-12-23T14:04:20","modified_gmt":"2025-12-23T13:04:20","slug":"supersize-kit-innoseal","status":"publish","type":"product","link":"https:\/\/innoseal.shop\/it\/product\/supersize-kit-innoseal\/","title":{"rendered":"Supersize kit Innoseal"},"content":{"rendered":"<h4><strong>Vantaggi del Supersize kit Innoseal<\/strong><\/h4>\n<p><em class=\"red\">Sigilla con stile<\/em><\/p>\n<p><em><b>Due scatole di Ricariche da 84 set<\/b> <\/em><strong><em>PI\u00d9 un Sigillatore Large grigio &#8211; <\/em><\/strong><em>per continuare a sigillare ancora, e ancora, e ancora&#8230;<\/em><\/p>\n<ul>\n<li>Precedentemente conosciuto come <em>Anniversary Set<\/em><\/li>\n<li>Con la fessura da 12 mm del Sigillatore Large puoi chiudere facilmente ogni tipo di busta in un batter d\u2019occhio.<\/li>\n<li>Abbiamo gi\u00e0 detto che il Sigillatore \u00e8 facile da aprire? Si apre senza intoppi. Scopri di pi\u00f9 sul nostro Sigillatore Large <a href=\"https:\/\/innoseal.shop\/it\/product\/sigillatore-large-innoseal\/\" target=\"_blank\" rel=\"nofollow noopener\">qui<\/a>!<\/li>\n<li><strong>Antiruggine<\/strong>. Il Sigillatore \u00e8 <strong>facile da lavare<\/strong>, anche in <strong>lavastoviglie.<\/strong><\/li>\n<li>Il Sigillatore conserva la sua resistenza anche a temperature molto basse o molto alte e non subisce danni neanche in ambienti umidi. Proprio come i nostri Sigillatori Standard.<\/li>\n<li>Un set di Ricariche contiene <strong>circa 700* chiusure<\/strong>; con due scatole di Ricariche da 84 set, ne avrai per un bel po\u2019! Vuoi saperne di pi\u00f9 su una singola scatola di Ricariche da 84 set?\u00a0Clicca <a href=\"https:\/\/innoseal.shop\/it\/product\/ricariche-innoseal-da-84-set\/\" target=\"_blank\" rel=\"noopener\">qui<\/a>!<\/li>\n<li>Con lo <strong>sportello trasparente<\/strong>, puoi facilmente controllare quando hai bisogno di cambiare il set per i tuoi sigilli. Basta tentare la fortuna per cercare di indovinare quando ricaricare la tua Sigilla Sacchetti. Ricaricare la Sigilla Sacchetti \u00e8 sempre un gioco da ragazzi, ma conoscenza \u00e8 libert\u00e0 (quando si tratta di conoscere lo stato delle cose). Lo sportello trasparente ti far\u00e0 risparmiare tempo e la tua attivit\u00e0 sar\u00e0 veloce e senza intoppi come sempre. La tempestivit\u00e0 \u00e8 essenziale e l\u2019anticipazione fa miracoli.<\/li>\n<li>Il design speciale e innovativo del sigillo Innoseal combina nastro adesivo e carta. Questa unione sigilla le tue buste con sicurezza e crea <strong>chiusure a prova di manomissione<\/strong>. \u00c8 facile notare se qualcuno ha tentato di aprire una busta chiusa con i sigilli Innoseal, basta controllare se ci sono degli strappi nella parte in carta della chiusura.<\/li>\n<li>La chiusura di circa 118.300 sacchetti sar\u00e0 estremamente facile da aprire. Il sigillo presenta le istruzioni \u201cTwist &amp; Pull\u201d(\u201cRuota e Tira\u201d) per aprire le buste in un battito di ciglia.<\/li>\n<li>Il sigillo \u00e8 <strong>riutilizzabile<\/strong>. Se vuoi richiudere la busta e godere del suo contenuto in un secondo momento, basta avvolgere il collo della busta, posizionare il sigillo intorno ad esso e unire le linguette.<\/li>\n<li>Una volta chiusa la tua busta con questo fantastico sistema di Innoseal, il contenuto rimarr\u00e0 fresco e al sicuro, grazie al sigillo Innoseal <strong>ermetico<\/strong>.<\/li>\n<li><strong>Linguette pi\u00f9 lunghe<\/strong> del sigillo create dal Sigillatore Large per un\u2019apertura istantanea delle tue buste.<\/li>\n<li>Acquista tutto in un&#8217;unica soluzione; risparmia denaro e spazio mentre offri ai tuoi clienti la migliore esperienza possibile!<\/li>\n<\/ul>\n<p>* Dipende dallo spessore del collo della busta<\/p>\n<p><strong>Specifiche:<\/strong><br \/>\nCOD: 2302<br \/>\nDimensioni Sigillatore: 290 mm x 75 mm x 170 mm<br \/>\nDimensioni fessura: 12 mm<br \/>\nPeso: 10.000 grams<br \/>\nNr. chiusure: circa 118.300 !!<\/p>\n<p><sup>1<\/sup><em>I prezzi escludono IVA e altre tasse di trasporto, dazi franco e all\u2019importazione, ecc. Contattaci per maggiori dettagli.<\/em><\/p>\n","protected":false},"excerpt":{"rendered":"<p>Ottieni il tuo personale Supersize kit Innoseal per un affare unico con 2 scatole di Ricariche da 84 Set multicolore e un Sigillatore Large (<em>L-Sealer <\/em>in inglese)\u00a0scontato. Fai la tua scelta e !<\/p>\n<p>Scegli uno dei nostri Sigillatori Large grigio\u00a0 che meglio si adatta al tuo business. Grazie alla fessura da 12 mm, questa Sigilla Sacchetti grande chiude buste di qualsiasi materiale, anche i pi\u00f9 robusti.<\/p>\n<p>La sinergia tra le Ricariche Innoseal e il Sigillatore Large si trasforma in sigilli con linguette pi\u00f9 lunghe, che permettono ai clienti di avere una presa migliore e aprire senza sforzi i propri sacchetti.<\/p>\n","protected":false},"featured_media":23873,"comment_status":"closed","ping_status":"closed","template":"","meta":{"_acf_changed":false,"inline_featured_image":false,"jetpack_publicize_message":"","jetpack_publicize_feature_enabled":true,"jetpack_social_post_already_shared":true,"jetpack_social_options":{"image_generator_settings":{"template":"highway","default_image_id":0,"font":"","enabled":false},"version":2}},"product_brand":[],"product_cat":[143],"product_tag":[133],"class_list":{"0":"post-6501","1":"product","2":"type-product","3":"status-publish","4":"has-post-thumbnail","6":"product_cat-set-it","7":"product_tag-prices-exclude-vat-or-other-taxes-transport-etc-it","8":"pa_sealer-color-grey-it","10":"first","11":"instock","12":"taxable","13":"shipping-taxable","14":"purchasable","15":"product-type-variable"},"acf":[],"jetpack_publicize_connections":[],"jetpack_sharing_enabled":true,"tiered_pricing_type":"fixed","tiered_pricing_fixed_rules":[],"tiered_pricing_product_settings":{"layout":"default","base_unit_name":{"singular":null,"plural":null},"default_variation":null},"tiered_pricing_minimum_quantity":null,"tiered_pricing_roles_data":[],"tiered_pricing_percentage_rules":[],"_links":{"self":[{"href":"https:\/\/innoseal.shop\/it\/wp-json\/wp\/v2\/product\/6501","targetHints":{"allow":["GET"]}}],"collection":[{"href":"https:\/\/innoseal.shop\/it\/wp-json\/wp\/v2\/product"}],"about":[{"href":"https:\/\/innoseal.shop\/it\/wp-json\/wp\/v2\/types\/product"}],"replies":[{"embeddable":true,"href":"https:\/\/innoseal.shop\/it\/wp-json\/wp\/v2\/comments?post=6501"}],"wp:featuredmedia":[{"embeddable":true,"href":"https:\/\/innoseal.shop\/it\/wp-json\/wp\/v2\/media\/23873"}],"wp:attachment":[{"href":"https:\/\/innoseal.shop\/it\/wp-json\/wp\/v2\/media?parent=6501"}],"wp:term":[{"taxonomy":"product_brand","embeddable":true,"href":"https:\/\/innoseal.shop\/it\/wp-json\/wp\/v2\/product_brand?post=6501"},{"taxonomy":"product_cat","embeddable":true,"href":"https:\/\/innoseal.shop\/it\/wp-json\/wp\/v2\/product_cat?post=6501"},{"taxonomy":"product_tag","embeddable":true,"href":"https:\/\/innoseal.shop\/it\/wp-json\/wp\/v2\/product_tag?post=6501"}],"curies":[{"name":"wp","href":"https:\/\/api.w.org\/{rel}","templated":true}]}}