{"id":6514,"date":"2022-04-06T10:51:45","date_gmt":"2022-04-06T08:51:45","guid":{"rendered":"https:\/\/innoseal.shop\/product\/standard-starters-kit\/"},"modified":"2024-04-15T14:34:22","modified_gmt":"2024-04-15T12:34:22","slug":"standard-starters-kit","status":"publish","type":"product","link":"https:\/\/innoseal.shop\/it\/product\/standard-starters-kit\/","title":{"rendered":"Kit Standard di Partenza"},"content":{"rendered":"<p><span style=\"color: #d32d16\"><i>Il buongiorno si vede dal sigillo<\/i><\/span><\/p>\n<ul>\n<li>Una scelta economica grazie alla durabilit\u00e0 a vita del Sigillatore e alla compattezza dei rotoli di Ricariche con \u00b1900* chiusure per set.<\/li>\n<li>Goditi Innoseal immediatamente con un kit pronto all\u2019uso.<\/li>\n<li>Scegli la tua combinazione di uno dei nostri Sigillatori Standard con le Ricariche Innoseal da 28 set.<\/li>\n<\/ul>\n<p><strong>Sigilla Sacchetti<\/strong><\/p>\n<ul>\n<li><strong>Precaricato, <\/strong>riceverai una Sigilla Sacchetti\u00a0 gi\u00e0 con un set di Ricariche al suo interno (set = un rotolo di nastro adesivo e uno di carta).<\/li>\n<li><strong>Nessun fastidio per l\u2019assemblaggio<\/strong>, l\u2019intero sistema arriva da te gi\u00e0 assemblato, cosicch\u00e9 l\u2019unica cosa da fare sar\u00e0 posizionarlo dove ti \u00e8 pi\u00f9 comodo.<\/li>\n<li><strong>Antiruggine<\/strong>, il Sigillatore \u00e8 facile da pulire e pu\u00f2 essere messo in lavastoviglie senza problemi.<\/li>\n<li>Il Sigillatore si apre senza sforzi e pu\u00f2 essere ricaricato facilmente.<\/li>\n<li>La Sigilla Sacchetti <strong>resiste<\/strong> al <strong>caldo<\/strong>, al <strong>freddo<\/strong> e all\u2019<strong>umidit\u00e0<\/strong>.<\/li>\n<li>Fessura di 6 mm<\/li>\n<\/ul>\n<p><strong>Ricariche<\/strong><\/p>\n<ul>\n<li><strong>Nessun rischio di soffocamento, <\/strong>il sigillo \u00e8 sicuro per tutti, anche per bambini e anziani, senza rischi di soffocamento se ingerito per sbaglio.<\/li>\n<li><strong>Facile da aprire,<\/strong> le parole \u201cTwist &amp; Pull\u201d(Ruota e Tira) stampate sulla parte in carta della chiusura, ti danno le istruzioni per aprire il sigillo.<\/li>\n<li>Puoi controllare subito se c\u2019\u00e8 uno strappo nel sigillo (<strong>antimanomissione<\/strong>).<\/li>\n<li>Puoi aprire e richiudere la tua busta perch\u00e9 la chiusura \u00e8 <strong>riutilizzabile<\/strong>.<\/li>\n<li>Il Sigillo <strong>ermetico <\/strong>\u00a0garantisce freschezza e sicurezza per i tuo prodotti.<\/li>\n<li>Nastro adesivo <strong>Non-PVC<\/strong>.<\/li>\n<li><strong>Palette di 7 colori<\/strong> per usare un sistema di codificazione a colori e organizzare i tuoi prodotti con la nostra opzione Multicolor o scegliere uno dei 7 colori disponibili (opzione Unicolor) e rendere i tuoi sigilli riconoscibili.<\/li>\n<\/ul>\n<p>*Dipende dallo spessore del collo della busta<\/p>\n<p><sup>1<\/sup><em>I prezzi escludono IVA e altre tasse di trasporto, dazi franco e all\u2019importazione, ecc. Contattaci per maggiori dettagli.<\/em><\/p>\n","protected":false},"excerpt":{"rendered":"<p><strong>Chi ben comincia<\/strong> <strong>\u00e8 a met\u00e0 dell\u2019opera<\/strong><\/p>\n<p>Scegli uno dei nostri Sigillatori Standard e ricevilo in questa opzione compatta con 28 set di Ricariche. Crea circa 25.200 chiusure senza stancarti mai!<\/p>\n","protected":false},"featured_media":6215,"comment_status":"closed","ping_status":"closed","template":"","meta":{"_acf_changed":false,"inline_featured_image":false,"jetpack_publicize_message":"","jetpack_publicize_feature_enabled":true,"jetpack_social_post_already_shared":false,"jetpack_social_options":{"image_generator_settings":{"template":"highway","default_image_id":0,"font":"","enabled":false},"version":2}},"product_brand":[],"product_cat":[147],"product_tag":[133],"class_list":{"0":"post-6514","1":"product","2":"type-product","3":"status-publish","4":"has-post-thumbnail","6":"product_cat-pacchetti-it","7":"product_tag-prices-exclude-vat-or-other-taxes-transport-etc-it","9":"first","10":"instock","11":"taxable","12":"shipping-taxable","13":"purchasable","14":"product-type-yith_bundle"},"acf":[],"jetpack_publicize_connections":[],"jetpack_sharing_enabled":true,"tiered_pricing_type":"fixed","tiered_pricing_fixed_rules":[],"tiered_pricing_product_settings":{"layout":"default","base_unit_name":{"singular":null,"plural":null},"default_variation":null},"tiered_pricing_minimum_quantity":null,"tiered_pricing_roles_data":[],"tiered_pricing_percentage_rules":[],"_links":{"self":[{"href":"https:\/\/innoseal.shop\/it\/wp-json\/wp\/v2\/product\/6514","targetHints":{"allow":["GET"]}}],"collection":[{"href":"https:\/\/innoseal.shop\/it\/wp-json\/wp\/v2\/product"}],"about":[{"href":"https:\/\/innoseal.shop\/it\/wp-json\/wp\/v2\/types\/product"}],"replies":[{"embeddable":true,"href":"https:\/\/innoseal.shop\/it\/wp-json\/wp\/v2\/comments?post=6514"}],"wp:featuredmedia":[{"embeddable":true,"href":"https:\/\/innoseal.shop\/it\/wp-json\/wp\/v2\/media\/6215"}],"wp:attachment":[{"href":"https:\/\/innoseal.shop\/it\/wp-json\/wp\/v2\/media?parent=6514"}],"wp:term":[{"taxonomy":"product_brand","embeddable":true,"href":"https:\/\/innoseal.shop\/it\/wp-json\/wp\/v2\/product_brand?post=6514"},{"taxonomy":"product_cat","embeddable":true,"href":"https:\/\/innoseal.shop\/it\/wp-json\/wp\/v2\/product_cat?post=6514"},{"taxonomy":"product_tag","embeddable":true,"href":"https:\/\/innoseal.shop\/it\/wp-json\/wp\/v2\/product_tag?post=6514"}],"curies":[{"name":"wp","href":"https:\/\/api.w.org\/{rel}","templated":true}]}}