{"id":6516,"date":"2022-04-06T08:35:43","date_gmt":"2022-04-06T06:35:43","guid":{"rendered":"https:\/\/innoseal.shop\/product\/standard-kit\/"},"modified":"2024-04-15T14:40:17","modified_gmt":"2024-04-15T12:40:17","slug":"standard-kit","status":"publish","type":"product","link":"https:\/\/innoseal.shop\/it\/product\/standard-kit\/","title":{"rendered":"Kit Standard"},"content":{"rendered":"<p><em><span style=\"color: #d32d16\">Un kit, un movimento, NESSUNO SFORZO<\/span><\/em><\/p>\n<ul>\n<li>Il Sigillatore dura una vita intera e i rotoli di Ricariche sono compatti con \u00b1900* chiusure per set. Ci\u00f2 rende questa, una scelta economica.<\/li>\n<li>\u00c8 \u00a0l\u2019occasione per goderti uno dei nostri Sigillatori Standard in combinazione con le Ricariche Innoseal da 84 set per assicurarti sempre scorte a sufficienza e non essere mai impreparati.<\/li>\n<\/ul>\n<p><strong>Sigilla Sacchetti<\/strong><\/p>\n<ul>\n<li>Riceverai una Sigilla Sacchetti <strong>precaricata <\/strong>con un rotolo di nastro adesivo e uno di carta (che costituiscono un set).<\/li>\n<li>Il Sigillatore <strong>\u00e8 gi\u00e0 assemblato<\/strong> e potrai usuale non appena lo avrai tirato fuori dalla scatola.<\/li>\n<li>Il Sigillatore \u00e8 facile da pulire e a mano o in lavastoviglie senza problemi perch\u00e9 \u00e8 <strong>antiruggine.<\/strong><\/li>\n<li>Il Sigillatore si apre in modo maneggevole e pu\u00f2 essere ricaricato in modo semplice e veloce.<\/li>\n<li>La Sigilla Sacchetti <strong>resiste<\/strong> in <strong>ambienti caldi<\/strong>, <strong>freddi<\/strong> e <strong>umidi<\/strong>.<\/li>\n<li>Fessura di 6 mm.<\/li>\n<\/ul>\n<p><strong>Ricariche<\/strong><\/p>\n<ul>\n<li><strong>Non c\u2019\u00e8 rischio di soffocamento<\/strong> se ingerito per sbaglio. Il sigillo \u00e8 sicuro per essere usato dai pi\u00f9 piccoli ai pi\u00f9 grandi.<\/li>\n<li><strong>Si apre in un istante,<\/strong> le istruzioni \u201cTwist &amp; Pull\u201d(Ruota e Tira), stampate sulla parte in carta della chiusura, spiegano come aprire il sigillo.<\/li>\n<li>Il sigillo \u00e8 <strong>antimanomissione<\/strong> e uno strappo nella carta sar\u00e0 subito visibile.<\/li>\n<li>La chiusura \u00e8 <strong>riutilizzabile<\/strong>, per permetterti di aprire e richiudere le buste ogni volta che vuoi.<\/li>\n<li>Il Sigillo <strong>chiude ermeticamente<\/strong> i tuoi sacchetti, garantendo freschezza e sicurezza per i tuo prodotti.<\/li>\n<li>Nastro adesivo <strong>Non PVC<\/strong>.<\/li>\n<li>Il nastro di carta \u00e8 disponibile in una <strong>palette di 7 colori. <\/strong>Puoi scegliere l\u2019opzione Multicolor per usure un sistema di codificazione a colori e organizzare i tuoi prodotti o scegliere uno dei 7 colori disponibili (opzione Unicolor) e rendere i tuoi sigilli unici<\/li>\n<\/ul>\n<p>*Dipende dallo spessore del collo della busta<\/p>\n<p><sup>1<\/sup><em>I prezzi escludono IVA e altre tasse di trasporto, dazi franco e all\u2019importazione, ecc. Contattaci per maggiori dettagli.<\/em><\/p>\n","protected":false},"excerpt":{"rendered":"<p>I nostri 2 prodotti pi\u00f9 venduti insieme in una combo unica! Ricariche a sufficienza per sigilli illimitati e un Sigillatore Standard che pu\u00f2 chiudere fino al 70% dei sacchetti sul mercato.<\/p>\n","protected":false},"featured_media":6213,"comment_status":"closed","ping_status":"closed","template":"","meta":{"_acf_changed":false,"inline_featured_image":false,"jetpack_publicize_message":"","jetpack_publicize_feature_enabled":true,"jetpack_social_post_already_shared":false,"jetpack_social_options":{"image_generator_settings":{"template":"highway","default_image_id":0,"font":"","enabled":false},"version":2}},"product_brand":[],"product_cat":[147],"product_tag":[133],"class_list":{"0":"post-6516","1":"product","2":"type-product","3":"status-publish","4":"has-post-thumbnail","6":"product_cat-pacchetti-it","7":"product_tag-prices-exclude-vat-or-other-taxes-transport-etc-it","9":"first","10":"instock","11":"taxable","12":"shipping-taxable","13":"purchasable","14":"product-type-yith_bundle"},"acf":[],"jetpack_publicize_connections":[],"jetpack_sharing_enabled":true,"tiered_pricing_type":"fixed","tiered_pricing_fixed_rules":[],"tiered_pricing_product_settings":{"layout":"default","base_unit_name":{"singular":null,"plural":null},"default_variation":null},"tiered_pricing_minimum_quantity":null,"tiered_pricing_roles_data":[],"tiered_pricing_percentage_rules":[],"_links":{"self":[{"href":"https:\/\/innoseal.shop\/it\/wp-json\/wp\/v2\/product\/6516","targetHints":{"allow":["GET"]}}],"collection":[{"href":"https:\/\/innoseal.shop\/it\/wp-json\/wp\/v2\/product"}],"about":[{"href":"https:\/\/innoseal.shop\/it\/wp-json\/wp\/v2\/types\/product"}],"replies":[{"embeddable":true,"href":"https:\/\/innoseal.shop\/it\/wp-json\/wp\/v2\/comments?post=6516"}],"wp:featuredmedia":[{"embeddable":true,"href":"https:\/\/innoseal.shop\/it\/wp-json\/wp\/v2\/media\/6213"}],"wp:attachment":[{"href":"https:\/\/innoseal.shop\/it\/wp-json\/wp\/v2\/media?parent=6516"}],"wp:term":[{"taxonomy":"product_brand","embeddable":true,"href":"https:\/\/innoseal.shop\/it\/wp-json\/wp\/v2\/product_brand?post=6516"},{"taxonomy":"product_cat","embeddable":true,"href":"https:\/\/innoseal.shop\/it\/wp-json\/wp\/v2\/product_cat?post=6516"},{"taxonomy":"product_tag","embeddable":true,"href":"https:\/\/innoseal.shop\/it\/wp-json\/wp\/v2\/product_tag?post=6516"}],"curies":[{"name":"wp","href":"https:\/\/api.w.org\/{rel}","templated":true}]}}