{"id":6517,"date":"2022-04-05T09:37:33","date_gmt":"2022-04-05T07:37:33","guid":{"rendered":"https:\/\/innoseal.shop\/product\/large-kit\/"},"modified":"2024-04-17T15:54:10","modified_gmt":"2024-04-17T13:54:10","slug":"large-kit","status":"publish","type":"product","link":"https:\/\/innoseal.shop\/it\/product\/large-kit\/","title":{"rendered":"Kit Large"},"content":{"rendered":"<p><span style=\"color: #d32d16\"><em>Sigilla senza limiti<\/em><\/span><\/p>\n<ul>\n<li>Il Sigillatore Large + 84 Set di Ricariche sono la tua scelta economica. La Sigilla Sacchetti dura una vita intera e i rotoli di Ricariche sono compatti con \u00b1700* chiusure per set.<\/li>\n<li>Questa straordinaria unione di uno dei nostri Sigillatori Large in combinazione con le Ricariche Innoseal da 84 set ti assicurano scorte a sufficienza per un lungo tempo e ti permettono di chiudere ogni tipo di busta, sempre dando il massimo della qualit\u00e0.<\/li>\n<\/ul>\n<p><strong>Sigilla Sacchetti<\/strong><\/p>\n<ul>\n<li>La Sigilla Sacchetti \u00e8<strong> gi\u00e0 caricata <\/strong>con un set di Ricarica, costituito da un rotolo di nastro adesivo e uno di carta.<\/li>\n<li><strong>Non dovrai preoccuparti dell\u2019assemblaggio<\/strong>. Il Sigillatore \u00e8 pronto all\u2019uso.<\/li>\n<li>Il mantenimento del dispositivo \u00e8 un gioco da ragazzi. Il Sigillatore \u00e8 <strong>antiruggine<\/strong> e pu\u00f2 essere lavato a mano o in lavastoviglie senza problemi.<\/li>\n<li>Hai bisogno di ricaricare la tua Sigilla Sacchetti? Niente di pi\u00f9 semplice. Questo sistema si apre e si ricarica facilmente.<\/li>\n<li>La Sigilla Sacchetti <strong>resiste<\/strong> in <strong>ambienti caldi<\/strong>, <strong>freddi<\/strong> e <strong>umidi<\/strong>.<\/li>\n<li>Fessura di 12 mm<\/li>\n<\/ul>\n<p><strong>Ricariche<\/strong><\/p>\n<ul>\n<li>Il sigillo \u00e8 sicuro per essere usato da tutti, bambini e anziani inclusi. Se ingerito per sbaglio, <strong>non c\u2019\u00e8 rischio di soffocamento<\/strong>.<\/li>\n<li>Questa combinazione di nastro adesivo e carta, insieme alle istruzioni \u201cTwist &amp; Pull\u201d(Ruota e Tira), stampate sulla parte in carta della chiusura, rendono la chiusura <strong>facile da aprire<\/strong>.<\/li>\n<li>Il sigillo ha le <strong>linguette pi\u00f9 <\/strong>lunghe, cosa particolarmente apprezzata dai pi\u00f9 anziani che riescono ad avere una presa migliore e aprirlo pi\u00f9 facilmente.<\/li>\n<li>La chiusura \u00e8 <strong>antimanomissione <\/strong>grazie alla parte in carta. Se c\u2019\u00e8 uno strappo in essa, vuole dire che qualcuno ha tentato di aprire la busta prima di te.<\/li>\n<li>Il Sigillo ha una <strong>chiusura ermetica <\/strong>e i tuoi sacchetti sigillati con Innoseal manterranno il contenuto fresco e al sicuro.<\/li>\n<li>Nastro adesivo <strong>Non-PVC<\/strong>.<\/li>\n<li>Apri e chiudi le tue buste tutte le volte che vuoi grazie al sigillo <strong>riutilizzabile.<\/strong><\/li>\n<li>Hai la possibilit\u00e0 di organizzare i tuoi prodotti con un sistema di codificazione a colori grazie alla <strong>palette di 7 colori <\/strong>disponibili, che potrai ricevere al completo, scegliendo l\u2019opzione Multicolor. Per far spiccare i tuoi sigilli, con l\u2019opzione Unicolor puoi scegliere uno dei 7 colori disponibili e rendere i tuoi sigilli unici.<\/li>\n<\/ul>\n<p>*Dipende dallo spessore del collo della busta<\/p>\n<p><sup>1<\/sup><em>I prezzi escludono IVA e altre tasse di trasporto, dazi franco e all\u2019importazione, ecc. Contattaci per maggiori dettagli.<\/em><\/p>\n","protected":false},"excerpt":{"rendered":"<p>Un Kit Large Innoseal \u00e8 quello che ti serve! Scegli uno dei nostri Sigillatori Large da unire a una scatola di Ricariche da 84 Set. Chiudere sacchetti non \u00e8 mai stato cos\u00ec facile. Una fessura pi\u00f9 ampia per ampliare i tuoi orizzonti e sigillare una miriade di sacchetti, fatti di ogni tipo di materiale. Questa \u00e8 la scelta per che render\u00e0 il tuo lavoro pi\u00f9 veloce, agevole e senza paura di esaurire le scorte di Ricariche in poco tempo.<\/p>\n<p>&nbsp;<\/p>\n","protected":false},"featured_media":6211,"comment_status":"closed","ping_status":"closed","template":"","meta":{"_acf_changed":false,"inline_featured_image":false,"jetpack_publicize_message":"","jetpack_publicize_feature_enabled":true,"jetpack_social_post_already_shared":false,"jetpack_social_options":{"image_generator_settings":{"template":"highway","default_image_id":0,"font":"","enabled":false},"version":2}},"product_brand":[],"product_cat":[147],"product_tag":[133],"class_list":{"0":"post-6517","1":"product","2":"type-product","3":"status-publish","4":"has-post-thumbnail","6":"product_cat-pacchetti-it","7":"product_tag-prices-exclude-vat-or-other-taxes-transport-etc-it","9":"first","10":"instock","11":"taxable","12":"shipping-taxable","13":"purchasable","14":"product-type-yith_bundle"},"acf":[],"jetpack_publicize_connections":[],"jetpack_sharing_enabled":true,"tiered_pricing_type":"fixed","tiered_pricing_fixed_rules":[],"tiered_pricing_product_settings":{"layout":"default","base_unit_name":{"singular":null,"plural":null},"default_variation":null},"tiered_pricing_minimum_quantity":null,"tiered_pricing_roles_data":[],"tiered_pricing_percentage_rules":[],"_links":{"self":[{"href":"https:\/\/innoseal.shop\/it\/wp-json\/wp\/v2\/product\/6517","targetHints":{"allow":["GET"]}}],"collection":[{"href":"https:\/\/innoseal.shop\/it\/wp-json\/wp\/v2\/product"}],"about":[{"href":"https:\/\/innoseal.shop\/it\/wp-json\/wp\/v2\/types\/product"}],"replies":[{"embeddable":true,"href":"https:\/\/innoseal.shop\/it\/wp-json\/wp\/v2\/comments?post=6517"}],"wp:featuredmedia":[{"embeddable":true,"href":"https:\/\/innoseal.shop\/it\/wp-json\/wp\/v2\/media\/6211"}],"wp:attachment":[{"href":"https:\/\/innoseal.shop\/it\/wp-json\/wp\/v2\/media?parent=6517"}],"wp:term":[{"taxonomy":"product_brand","embeddable":true,"href":"https:\/\/innoseal.shop\/it\/wp-json\/wp\/v2\/product_brand?post=6517"},{"taxonomy":"product_cat","embeddable":true,"href":"https:\/\/innoseal.shop\/it\/wp-json\/wp\/v2\/product_cat?post=6517"},{"taxonomy":"product_tag","embeddable":true,"href":"https:\/\/innoseal.shop\/it\/wp-json\/wp\/v2\/product_tag?post=6517"}],"curies":[{"name":"wp","href":"https:\/\/api.w.org\/{rel}","templated":true}]}}