{"id":6923,"date":"2022-05-10T11:02:05","date_gmt":"2022-05-10T09:02:05","guid":{"rendered":"https:\/\/innoseal.shop\/product\/standard-sealer\/"},"modified":"2024-04-17T15:55:43","modified_gmt":"2024-04-17T13:55:43","slug":"standard-sealer","status":"publish","type":"product","link":"https:\/\/innoseal.shop\/it\/product\/standard-sealer\/","title":{"rendered":"Sigillatori Standard"},"content":{"rendered":"<p><sup>1<\/sup><em>I prezzi escludono IVA e altre tasse di trasporto, dazi franco e all\u2019importazione, ecc. Contattaci per maggiori dettagli.<\/em><\/p>\n","protected":false},"excerpt":{"rendered":"<ul>\n<li><u>Sigillatore classico (Classic Sealer)<\/u>, interamente bianco, ideale per una sensazione esterna di ordine e pulizia.<\/li>\n<li><u>Sigillatore trasparente (Clear Sealer)<\/u>, ha uno sportello trasparente per dare una rapida occhiata allo stato delle Ricariche.<\/li>\n<li><u>Sigillatore RI-Sealer (RE-Sealer)<\/u>, il look nero gli d\u00e0 un tocco di modernit\u00e0. La sua struttura \u00e8 fatta al 100% di materiali riciclati per farti sigillare i sacchetti con la nostra opzione pi\u00f9 <em>green.<\/em><\/li>\n<\/ul>\n<p>&nbsp;<\/p>\n","protected":false},"featured_media":5899,"comment_status":"closed","ping_status":"closed","template":"","meta":{"_acf_changed":false,"inline_featured_image":false,"jetpack_publicize_message":"","jetpack_publicize_feature_enabled":true,"jetpack_social_post_already_shared":false,"jetpack_social_options":{"image_generator_settings":{"template":"highway","default_image_id":0,"font":"","enabled":false},"version":2}},"product_brand":[],"product_cat":[147],"product_tag":[133],"class_list":{"0":"post-6923","1":"product","2":"type-product","3":"status-publish","4":"has-post-thumbnail","6":"product_cat-pacchetti-it","7":"product_tag-prices-exclude-vat-or-other-taxes-transport-etc-it","8":"pa_color-white-it","9":"pa_color-white-with-transparent-lid-it","10":"pa_color-black-with-transparent-lid-it","12":"first","13":"instock","14":"taxable","15":"shipping-taxable","16":"purchasable","17":"product-type-variable"},"acf":[],"jetpack_publicize_connections":[],"jetpack_sharing_enabled":true,"tiered_pricing_type":"fixed","tiered_pricing_fixed_rules":[],"tiered_pricing_product_settings":{"layout":"default","base_unit_name":{"singular":null,"plural":null},"default_variation":null},"tiered_pricing_minimum_quantity":null,"tiered_pricing_roles_data":[],"tiered_pricing_percentage_rules":[],"_links":{"self":[{"href":"https:\/\/innoseal.shop\/it\/wp-json\/wp\/v2\/product\/6923","targetHints":{"allow":["GET"]}}],"collection":[{"href":"https:\/\/innoseal.shop\/it\/wp-json\/wp\/v2\/product"}],"about":[{"href":"https:\/\/innoseal.shop\/it\/wp-json\/wp\/v2\/types\/product"}],"replies":[{"embeddable":true,"href":"https:\/\/innoseal.shop\/it\/wp-json\/wp\/v2\/comments?post=6923"}],"wp:featuredmedia":[{"embeddable":true,"href":"https:\/\/innoseal.shop\/it\/wp-json\/wp\/v2\/media\/5899"}],"wp:attachment":[{"href":"https:\/\/innoseal.shop\/it\/wp-json\/wp\/v2\/media?parent=6923"}],"wp:term":[{"taxonomy":"product_brand","embeddable":true,"href":"https:\/\/innoseal.shop\/it\/wp-json\/wp\/v2\/product_brand?post=6923"},{"taxonomy":"product_cat","embeddable":true,"href":"https:\/\/innoseal.shop\/it\/wp-json\/wp\/v2\/product_cat?post=6923"},{"taxonomy":"product_tag","embeddable":true,"href":"https:\/\/innoseal.shop\/it\/wp-json\/wp\/v2\/product_tag?post=6923"}],"curies":[{"name":"wp","href":"https:\/\/api.w.org\/{rel}","templated":true}]}}